{"id":9839,"date":"2025-10-28T12:21:44","date_gmt":"2025-10-28T15:21:44","guid":{"rendered":"https:\/\/loyal-solutions.com\/politica-de-calidad-y-seguridad-de-la-informacion\/"},"modified":"2025-10-28T12:21:44","modified_gmt":"2025-10-28T15:21:44","slug":"politica-de-calidad-y-seguridad-de-la-informacion","status":"publish","type":"page","link":"https:\/\/loyal-solutions.com\/pt-br\/politica-de-calidad-y-seguridad-de-la-informacion\/","title":{"rendered":"Pol\u00edtica de Calidad y Seguridad de la informaci\u00f3n"},"content":{"rendered":"<div class=\"wpb-content-wrapper\"><p>[vc_row wrap_container=&#8221;yes&#8221; el_class=&#8221;clientes&#8221; conditional_render=&#8221;%5B%7B%22value_role%22%3A%22administrator%22%7D%5D&#8221; css_params=&#8221;&#8221;][vc_column][vc_custom_heading text=&#8221;Pol\u00edtica de Calidad y Seguridad de la informaci\u00f3n&#8221; font_container=&#8221;tag:h1|text_align:left&#8221; use_theme_fonts=&#8221;yes&#8221; skin=&#8221;primary&#8221; css_params=&#8221;&#8221;][vc_column_text css=&#8221;&#8221; css_params=&#8221;&#8221;]LOYAL SOLUTIONS en sus procesos de: Dise\u00f1o, desarrollo, producci\u00f3n y soporte de soluciones de software orientado a la gesti\u00f3n integral de la calidad y gesti\u00f3n documental de las compa\u00f1\u00edas, establece un firme compromiso con la calidad, seguridad de la informaci\u00f3n y la mejora continua como uno de los pilares de su gesti\u00f3n y estrategia competitiva.<br \/>\nLa Satisfacci\u00f3n de nuestros clientes es un factor clave para el \u00e9xito perdurable de nuestra empresa. Para esto contemplamos las necesidades vinculadas a nuestras actividades y el cumplimiento de los requisitos aplicables.<\/p>\n<p>El cumplimiento de este compromiso se sustenta en:<\/p>\n<p><strong>NUESTROS CLIENTES<\/strong><\/p>\n<p>Nos esforzamos en asegurar que los requisitos del Cliente sean identificados y transformados en satisfacci\u00f3n; disponiendo de los recursos necesarios para lograrlo.<\/p>\n<p><strong>NUESTRO PERSONAL<\/strong><\/p>\n<p>Nos comprometemos a que nuestro equipo multidisciplinario sea competente e id\u00f3neo para realizar los trabajos que incidan en la calidad y la seguridad de la informaci\u00f3n de nuestros productos o servicios, brind\u00e1ndoles informaci\u00f3n y capacitaci\u00f3n adecuada.<\/p>\n<p><strong>NUESTROS PROCESOS<\/strong><\/p>\n<p>Planificamos y controlamos nuestras actividades, para brindar productos y servicios que cumplan con las expectativas de nuestros clientes, asegurando la confidencialidad, integridad, disponibilidad y privacidad de la informaci\u00f3n.<\/p>\n<p><strong>NUESTRO COMPROMISO A LA MEJORA CONTINUA Y SU EFICACIA<\/strong><\/p>\n<p>Con el fin de lograr la satisfacci\u00f3n del cliente, aseguramos un buen desempe\u00f1o de nuestro sistema de gesti\u00f3n de la calidad y seguridad de la informaci\u00f3n, garantizando la conformidad de nuestros procesos y asegurando la conformidad de nuestros productos y servicios.<br \/>\nNos orientamos al cumplimiento de los requisitos y la mejora continua de la eficacia del sistema de gesti\u00f3n de la calidad y seguridad de la informaci\u00f3n, determinados en la norma IRAM ISO 9001:2015 e ISO\/IEC 27001:2022.<\/p>\n<p><strong>NUESTRA SEGURIDAD<\/strong><\/p>\n<p>\u25cf Ofrecer una prestaci\u00f3n conforme al Acuerdo de Nivel de Servicio (SLA) de acuerdo con los requisitos legales, contractuales y regulatorios acordados con nuestros clientes, asegurando la confidencialidad, integridad, disponibilidad y privacidad de la informaci\u00f3n;<\/p>\n<p>\u25cf Garantizar la continuidad de los procesos cr\u00edticos del negocio mediante la implementaci\u00f3n de las mejores pr\u00e1cticas que permitan proteger los recursos y los activos de la empresa;<\/p>\n<p>La Direcci\u00f3n se asegura que esta Pol\u00edtica de la Calidad y seguridad de informaci\u00f3n es comunicada, entendida y aplicada en toda la organizaci\u00f3n y es revisada para su continua adecuaci\u00f3n.[\/vc_column_text][\/vc_column][\/vc_row]<\/p>\n<\/div>","protected":false},"excerpt":{"rendered":"<p>[vc_row wrap_container=&#8221;yes&#8221; el_class=&#8221;clientes&#8221; conditional_render=&#8221;%5B%7B%22value_role%22%3A%22administrator%22%7D%5D&#8221; css_params=&#8221;&#8221;][vc_column][vc_custom_heading text=&#8221;Pol\u00edtica de Calidad y Seguridad de la informaci\u00f3n&#8221; font_container=&#8221;tag:h1|text_align:left&#8221; use_theme_fonts=&#8221;yes&#8221; skin=&#8221;primary&#8221; css_params=&#8221;&#8221;][vc_column_text css=&#8221;&#8221; css_params=&#8221;&#8221;]LOYAL SOLUTIONS en sus procesos de: Dise\u00f1o, desarrollo, producci\u00f3n y soporte de soluciones de software orientado a la gesti\u00f3n integral de la calidad y gesti\u00f3n documental de las compa\u00f1\u00edas, establece un firme compromiso con la calidad, seguridad [&hellip;]<\/p>\n","protected":false},"author":1,"featured_media":0,"parent":0,"menu_order":0,"comment_status":"closed","ping_status":"closed","template":"","meta":{"content-type":"","_joinchat":[],"footnotes":""},"class_list":["post-9839","page","type-page","status-publish","hentry"],"yoast_head":"<!-- This site is optimized with the Yoast SEO plugin v27.5 - https:\/\/yoast.com\/product\/yoast-seo-wordpress\/ -->\n<title>Pol\u00edtica de Calidad y Seguridad de la informaci\u00f3n - Loyal Solutions<\/title>\n<meta name=\"robots\" content=\"index, follow, max-snippet:-1, max-image-preview:large, max-video-preview:-1\" \/>\n<link rel=\"canonical\" href=\"https:\/\/loyal-solutions.com\/pt-br\/politica-de-calidad-y-seguridad-de-la-informacion\/\" \/>\n<meta property=\"og:locale\" content=\"pt_BR\" \/>\n<meta property=\"og:type\" content=\"article\" \/>\n<meta property=\"og:title\" content=\"Pol\u00edtica de Calidad y Seguridad de la informaci\u00f3n - Loyal Solutions\" \/>\n<meta property=\"og:description\" content=\"[vc_row wrap_container=&#8221;yes&#8221; el_class=&#8221;clientes&#8221; conditional_render=&#8221;%5B%7B%22value_role%22%3A%22administrator%22%7D%5D&#8221; css_params=&#8221;&#8221;][vc_column][vc_custom_heading text=&#8221;Pol\u00edtica de Calidad y Seguridad de la informaci\u00f3n&#8221; font_container=&#8221;tag:h1|text_align:left&#8221; use_theme_fonts=&#8221;yes&#8221; skin=&#8221;primary&#8221; css_params=&#8221;&#8221;][vc_column_text css=&#8221;&#8221; css_params=&#8221;&#8221;]LOYAL SOLUTIONS en sus procesos de: Dise\u00f1o, desarrollo, producci\u00f3n y soporte de soluciones de software orientado a la gesti\u00f3n integral de la calidad y gesti\u00f3n documental de las compa\u00f1\u00edas, establece un firme compromiso con la calidad, seguridad [&hellip;]\" \/>\n<meta property=\"og:url\" content=\"https:\/\/loyal-solutions.com\/pt-br\/politica-de-calidad-y-seguridad-de-la-informacion\/\" \/>\n<meta property=\"og:site_name\" content=\"Loyal Solutions\" \/>\n<meta name=\"twitter:card\" content=\"summary_large_image\" \/>\n<meta name=\"twitter:label1\" content=\"Est. tempo de leitura\" \/>\n\t<meta name=\"twitter:data1\" content=\"2 minutos\" \/>\n<script type=\"application\/ld+json\" class=\"yoast-schema-graph\">{\"@context\":\"https:\\\/\\\/schema.org\",\"@graph\":[{\"@type\":\"WebPage\",\"@id\":\"https:\\\/\\\/loyal-solutions.com\\\/pt-br\\\/politica-de-calidad-y-seguridad-de-la-informacion\\\/\",\"url\":\"https:\\\/\\\/loyal-solutions.com\\\/pt-br\\\/politica-de-calidad-y-seguridad-de-la-informacion\\\/\",\"name\":\"Pol\u00edtica de Calidad y Seguridad de la informaci\u00f3n - Loyal Solutions\",\"isPartOf\":{\"@id\":\"https:\\\/\\\/loyal-solutions.com\\\/#website\"},\"datePublished\":\"2025-10-28T15:21:44+00:00\",\"breadcrumb\":{\"@id\":\"https:\\\/\\\/loyal-solutions.com\\\/pt-br\\\/politica-de-calidad-y-seguridad-de-la-informacion\\\/#breadcrumb\"},\"inLanguage\":\"pt-BR\",\"potentialAction\":[{\"@type\":\"ReadAction\",\"target\":[\"https:\\\/\\\/loyal-solutions.com\\\/pt-br\\\/politica-de-calidad-y-seguridad-de-la-informacion\\\/\"]}]},{\"@type\":\"BreadcrumbList\",\"@id\":\"https:\\\/\\\/loyal-solutions.com\\\/pt-br\\\/politica-de-calidad-y-seguridad-de-la-informacion\\\/#breadcrumb\",\"itemListElement\":[{\"@type\":\"ListItem\",\"position\":1,\"name\":\"Portada\",\"item\":\"https:\\\/\\\/loyal-solutions.com\\\/pt-br\\\/\"},{\"@type\":\"ListItem\",\"position\":2,\"name\":\"Pol\u00edtica de Calidad y Seguridad de la informaci\u00f3n\"}]},{\"@type\":\"WebSite\",\"@id\":\"https:\\\/\\\/loyal-solutions.com\\\/#website\",\"url\":\"https:\\\/\\\/loyal-solutions.com\\\/\",\"name\":\"Loyal Solutions\",\"description\":\"\",\"potentialAction\":[{\"@type\":\"SearchAction\",\"target\":{\"@type\":\"EntryPoint\",\"urlTemplate\":\"https:\\\/\\\/loyal-solutions.com\\\/?s={search_term_string}\"},\"query-input\":{\"@type\":\"PropertyValueSpecification\",\"valueRequired\":true,\"valueName\":\"search_term_string\"}}],\"inLanguage\":\"pt-BR\"}]}<\/script>\n<!-- \/ Yoast SEO plugin. -->","yoast_head_json":{"title":"Pol\u00edtica de Calidad y Seguridad de la informaci\u00f3n - Loyal Solutions","robots":{"index":"index","follow":"follow","max-snippet":"max-snippet:-1","max-image-preview":"max-image-preview:large","max-video-preview":"max-video-preview:-1"},"canonical":"https:\/\/loyal-solutions.com\/pt-br\/politica-de-calidad-y-seguridad-de-la-informacion\/","og_locale":"pt_BR","og_type":"article","og_title":"Pol\u00edtica de Calidad y Seguridad de la informaci\u00f3n - Loyal Solutions","og_description":"[vc_row wrap_container=&#8221;yes&#8221; el_class=&#8221;clientes&#8221; conditional_render=&#8221;%5B%7B%22value_role%22%3A%22administrator%22%7D%5D&#8221; css_params=&#8221;&#8221;][vc_column][vc_custom_heading text=&#8221;Pol\u00edtica de Calidad y Seguridad de la informaci\u00f3n&#8221; font_container=&#8221;tag:h1|text_align:left&#8221; use_theme_fonts=&#8221;yes&#8221; skin=&#8221;primary&#8221; css_params=&#8221;&#8221;][vc_column_text css=&#8221;&#8221; css_params=&#8221;&#8221;]LOYAL SOLUTIONS en sus procesos de: Dise\u00f1o, desarrollo, producci\u00f3n y soporte de soluciones de software orientado a la gesti\u00f3n integral de la calidad y gesti\u00f3n documental de las compa\u00f1\u00edas, establece un firme compromiso con la calidad, seguridad [&hellip;]","og_url":"https:\/\/loyal-solutions.com\/pt-br\/politica-de-calidad-y-seguridad-de-la-informacion\/","og_site_name":"Loyal Solutions","twitter_card":"summary_large_image","twitter_misc":{"Est. tempo de leitura":"2 minutos"},"schema":{"@context":"https:\/\/schema.org","@graph":[{"@type":"WebPage","@id":"https:\/\/loyal-solutions.com\/pt-br\/politica-de-calidad-y-seguridad-de-la-informacion\/","url":"https:\/\/loyal-solutions.com\/pt-br\/politica-de-calidad-y-seguridad-de-la-informacion\/","name":"Pol\u00edtica de Calidad y Seguridad de la informaci\u00f3n - Loyal Solutions","isPartOf":{"@id":"https:\/\/loyal-solutions.com\/#website"},"datePublished":"2025-10-28T15:21:44+00:00","breadcrumb":{"@id":"https:\/\/loyal-solutions.com\/pt-br\/politica-de-calidad-y-seguridad-de-la-informacion\/#breadcrumb"},"inLanguage":"pt-BR","potentialAction":[{"@type":"ReadAction","target":["https:\/\/loyal-solutions.com\/pt-br\/politica-de-calidad-y-seguridad-de-la-informacion\/"]}]},{"@type":"BreadcrumbList","@id":"https:\/\/loyal-solutions.com\/pt-br\/politica-de-calidad-y-seguridad-de-la-informacion\/#breadcrumb","itemListElement":[{"@type":"ListItem","position":1,"name":"Portada","item":"https:\/\/loyal-solutions.com\/pt-br\/"},{"@type":"ListItem","position":2,"name":"Pol\u00edtica de Calidad y Seguridad de la informaci\u00f3n"}]},{"@type":"WebSite","@id":"https:\/\/loyal-solutions.com\/#website","url":"https:\/\/loyal-solutions.com\/","name":"Loyal Solutions","description":"","potentialAction":[{"@type":"SearchAction","target":{"@type":"EntryPoint","urlTemplate":"https:\/\/loyal-solutions.com\/?s={search_term_string}"},"query-input":{"@type":"PropertyValueSpecification","valueRequired":true,"valueName":"search_term_string"}}],"inLanguage":"pt-BR"}]}},"_links":{"self":[{"href":"https:\/\/loyal-solutions.com\/pt-br\/wp-json\/wp\/v2\/pages\/9839","targetHints":{"allow":["GET"]}}],"collection":[{"href":"https:\/\/loyal-solutions.com\/pt-br\/wp-json\/wp\/v2\/pages"}],"about":[{"href":"https:\/\/loyal-solutions.com\/pt-br\/wp-json\/wp\/v2\/types\/page"}],"author":[{"embeddable":true,"href":"https:\/\/loyal-solutions.com\/pt-br\/wp-json\/wp\/v2\/users\/1"}],"replies":[{"embeddable":true,"href":"https:\/\/loyal-solutions.com\/pt-br\/wp-json\/wp\/v2\/comments?post=9839"}],"version-history":[{"count":0,"href":"https:\/\/loyal-solutions.com\/pt-br\/wp-json\/wp\/v2\/pages\/9839\/revisions"}],"wp:attachment":[{"href":"https:\/\/loyal-solutions.com\/pt-br\/wp-json\/wp\/v2\/media?parent=9839"}],"curies":[{"name":"wp","href":"https:\/\/api.w.org\/{rel}","templated":true}]}}