{"id":9073,"date":"2024-08-06T17:27:54","date_gmt":"2024-08-06T20:27:54","guid":{"rendered":"https:\/\/loyal-solutions.com\/?page_id=9073"},"modified":"2024-08-06T17:31:13","modified_gmt":"2024-08-06T20:31:13","slug":"empresa","status":"publish","type":"page","link":"https:\/\/loyal-solutions.com\/pt-br\/empresa\/","title":{"rendered":"Empresa"},"content":{"rendered":"<div class=\"wpb-content-wrapper\"><p>[vc_row full_width=&#8221;stretch_row&#8221; wrap_container=&#8221;yes&#8221; content_placement=&#8221;top&#8221; conditional_render=&#8221;%5B%7B%22value_role%22%3A%22administrator%22%7D%5D&#8221; el_class=&#8221;sec-res&#8221;][vc_column width=&#8221;1\/2&#8243;][vc_column_text css=&#8221;&#8221;]<\/p>\n<h2 class=\"title\"><span style=\"color: #00adef;\">Quem somos e o que fazemos?<b><\/b><\/span><\/h2>\n<p><span style=\"font-weight: 400;\">Faz 30 anos que nos dedicamos a otimizar a gest\u00e3o e qualidade empres\u00e1ria.\u00a0<\/span><\/p>\n<p><span style=\"font-weight: 400;\">Desenvolvemos software para gest\u00e3o empres\u00e1ria de documenta\u00e7\u00f5es, qualidade, riscos, indicadores chave de rendimento (KPI) e compliance.\u00a0<\/span><\/p>\n<p><span style=\"font-weight: 400;\">Nossos produtos procuram maximizar a efici\u00eancia dos processos e resultados.\u00a0<\/span><\/p>\n<p><span style=\"font-weight: 400;\">Eles foram desenhados sobre uma plataforma unificada, intuitiva e integrada, que simplifica a gest\u00e3o, melhora a comunica\u00e7\u00e3o e fomenta a colabora\u00e7\u00e3o em todas as \u00e1reas da empresa.\u00a0<\/span>[\/vc_column_text][\/vc_column][vc_column width=&#8221;1\/2&#8243;][vc_single_image image=&#8221;5820&#8243; img_size=&#8221;full&#8221; alignment=&#8221;center&#8221;][\/vc_column][\/vc_row][vc_row wrap_container=&#8221;yes&#8221; gap=&#8221;20&#8243; is_section=&#8221;yes&#8221; section_skin=&#8221;parallax&#8221; remove_margin_top=&#8221;yes&#8221; remove_margin_bottom=&#8221;yes&#8221; remove_border=&#8221;yes&#8221; conditional_render=&#8221;%5B%7B%22value_role%22%3A%22administrator%22%7D%5D&#8221; el_class=&#8221;sec-res&#8221;][vc_column width=&#8221;1\/4&#8243;][vc_column_text css=&#8221;.vc_custom_1721356026581{padding-top: 30px !important;}&#8221;]<\/p>\n<h2 style=\"text-align: left;\"><strong><span style=\"color: #00adef;\"><span style=\"font-size: 30px;\">30 ANOS<\/span><\/span><\/strong><\/h2>\n<h2 style=\"text-align: left;\"><span style=\"color: #ffffff;\"><strong><span style=\"font-size: 40px;\"><span style=\"font-size: 30px;\">USU\u00c1RIOS<\/span><\/span><\/strong><\/span><\/h2>\n<p style=\"text-align: left;\"><span style=\"font-weight: 400;\">Somos uma equipe com 30 anos de experi\u00eancia no desenvolvimento de software.<\/span><\/p>\n<p>[\/vc_column_text][\/vc_column][vc_column width=&#8221;1\/4&#8243; offset=&#8221;vc_col-xs-7&#8243; conditional_render=&#8221;%5B%7B%22value_role%22%3A%22administrator%22%7D%5D&#8221;][vc_column_text css=&#8221;.vc_custom_1721356089231{padding-top: 30px !important;}&#8221;]<\/p>\n<h2 style=\"text-align: left;\"><strong><span style=\"font-size: 40px; color: #00adef;\"><span style=\"font-size: 30px;\">MILHARES\u00a0<\/span><\/span><\/strong><strong><span style=\"font-size: 40px; color: #00adef;\"><span style=\"font-size: 30px;\">DE<\/span><\/span><\/strong><\/h2>\n<h2 style=\"text-align: left;\"><strong><span style=\"font-size: 40px; color: #00adef;\"><span style=\"font-size: 30px;\">USU\u00c1RIOS<\/span><br \/>\n<\/span><\/strong><\/h2>\n<p style=\"text-align: left;\"><span style=\"font-weight: 400;\">Nossos produtos s\u00e3o utilizados com sucesso por milhares de usu\u00e1rios.<\/span><\/p>\n<p>[\/vc_column_text][\/vc_column][vc_column width=&#8221;1\/4&#8243;][vc_column_text css=&#8221;.vc_custom_1721356132669{padding-top: 30px !important;}&#8221;]<\/p>\n<h2 style=\"text-align: left;\"><strong><span style=\"font-size: 40px; color: #00adef;\"><span style=\"font-size: 30px;\">6 PA\u00cdSES<\/span><br \/>\n<\/span><\/strong><\/h2>\n<h2 style=\"text-align: left;\"><span style=\"font-size: 30px; color: #ffffff;\"><strong>DD <\/strong>A<\/span><\/h2>\n<p style=\"text-align: left;\"><span style=\"font-weight: 400;\">Empresas de pa\u00edses latino-americanos utilizam nossos produtos diariamente para alcan\u00e7ar a excel\u00eancia. <\/span><\/p>\n<p>[\/vc_column_text][\/vc_column][vc_column width=&#8221;1\/4&#8243;][vc_column_text css=&#8221;.vc_custom_1721356151459{padding-top: 30px !important;}&#8221;]<\/p>\n<h2 style=\"text-align: left;\"><span style=\"font-size: 30px;\"><strong><span style=\"color: #00adef;\">ISO 9001<\/span><\/strong><\/span><\/h2>\n<h2 style=\"text-align: left;\"><span style=\"font-size: 30px; color: #ffffff;\"><strong>DD <\/strong>A<\/span><\/h2>\n<h2 style=\"text-align: left;\"><img loading=\"lazy\" decoding=\"async\" class=\"wp-image-6224 alignright\" src=\"https:\/\/loyal-solutions.com\/wp-content\/uploads\/2023\/06\/ISO-9001.png\" alt=\"\" width=\"73\" height=\"73\" \/><\/h2>\n<p><span style=\"font-weight: 400;\">Cumprindo a responsabilidade de qualidade em produtos e servi\u00e7os, somos certificados pela norma ISO 9001:2015.<\/span>[\/vc_column_text][\/vc_column][\/vc_row][vc_row full_width=&#8221;stretch_row&#8221; wrap_container=&#8221;yes&#8221; content_placement=&#8221;middle&#8221; conditional_render=&#8221;%5B%7B%22value_role%22%3A%22administrator%22%7D%5D&#8221; el_class=&#8221;sec-res&#8221; css=&#8221;.vc_custom_1682327089487{background-color: #f2f2f2 !important;}&#8221;][vc_column width=&#8221;1\/2&#8243;][vc_single_image image=&#8221;5745&#8243; img_size=&#8221;full&#8221; alignment=&#8221;center&#8221;][\/vc_column][vc_column width=&#8221;1\/2&#8243;][vc_column_text]<\/p>\n<h2 class=\"banner_title\"><span style=\"color: #00adef\">Miss\u00e3o, vis\u00e3o e valores<\/span><\/h2>\n<p>[\/vc_column_text][vc_separator color=&#8221;black&#8221; align=&#8221;align_left&#8221; border_width=&#8221;4&#8243; el_width=&#8221;10&#8243; style=&#8221;solid&#8221;][vc_column_text css=&#8221;&#8221;]<span style=\"color: #00adef;\"><strong>MISS\u00c3O:<\/strong><\/span><\/p>\n<p><span style=\"font-weight: 400;\">Ajudar as organiza\u00e7\u00f5es a alcan\u00e7ar os mais altos n\u00edveis de produtividade atrav\u00e9s de produtos e servi\u00e7os que otimizem seus processos de gest\u00e3o.<\/span><\/p>\n<p><span style=\"color: #00adef;\"><strong>VIS\u00c3O:<\/strong><\/span><\/p>\n<p><span style=\"font-weight: 400;\">Ser a solu\u00e7\u00e3o mais escolhida a n\u00edvel internacional por organiza\u00e7\u00f5es que procuram produtos e servi\u00e7os de excel\u00eancia.<\/span><\/p>\n<p><span style=\"color: #00adef;\"><strong>VALORES:<\/strong><\/span><\/p>\n<ul>\n<li aria-level=\"1\"><b>\u00a0Orienta\u00e7\u00e3o ao cliente: <\/b><span style=\"font-weight: 400;\">Priorizar as necessidades dos clientes.<\/span><\/li>\n<li aria-level=\"1\"><b>\u00a0Excel\u00eancia\u00a0continua<\/b><span style=\"font-weight: 400;\">: Superar-nos continuamente visando a excel\u00eancia.<\/span><\/li>\n<li aria-level=\"1\"><b>\u00a0Sinergia de equipe<\/b><span style=\"font-weight: 400;\">: Encorajamos um ambiente onde a uni\u00e3o e o trabalho em equipe sejam a chave do sucesso.<\/span><\/li>\n<li aria-level=\"1\"><b>\u00a0Paix\u00e3o<\/b><span style=\"font-weight: 400;\">: A paix\u00e3o \u00e9 a for\u00e7a que nos motiva para superar todas as expectativas em nosso trabalho.\u00a0<\/span><\/li>\n<li aria-level=\"1\"><b>\u00a0Inova\u00e7\u00e3o<\/b><span style=\"font-weight: 400;\">: Nosso compromisso \u00e9 com a inova\u00e7\u00e3o, para superar os limites e alcan\u00e7ar novos objetivos.<\/span><\/li>\n<li aria-level=\"1\"><b>\u00a0Confian\u00e7a<\/b><span>: Nos esfor\u00e7amos para construir e manter relacionamentos s\u00f3lidos e duradouros.<\/span><\/li>\n<\/ul>\n<p>[\/vc_column_text][\/vc_column][\/vc_row][vc_row wrap_container=&#8221;yes&#8221; conditional_render=&#8221;%5B%7B%22value_role%22%3A%22administrator%22%7D%5D&#8221; el_class=&#8221;sec-top&#8221;][vc_column][vc_column_text css=&#8221;&#8221;]<\/p>\n<h2 class=\"banner_title\" style=\"text-align: center;\"><span style=\"color: #00adef;\">Equipe<\/span><\/h2>\n<p>[\/vc_column_text][\/vc_column][vc_column width=&#8221;1\/4&#8243; css=&#8221;.vc_custom_1682649596481{padding-right: 40px !important;padding-left: 40px !important;}&#8221; conditional_render=&#8221;%5B%7B%22value_role%22%3A%22administrator%22%7D%5D&#8221;][vc_single_image image=&#8221;6213&#8243; img_size=&#8221;full&#8221; alignment=&#8221;center&#8221;][\/vc_column][vc_column width=&#8221;3\/4&#8243; conditional_render=&#8221;%5B%7B%22value_role%22%3A%22administrator%22%7D%5D&#8221;][vc_column_text css=&#8221;&#8221;]<span style=\"font-weight: 400;\">Nossa equipe multidisciplinar est\u00e1 dedicada a adicionar valor constante \u00e0 nossa empresa e nossos produtos.\u00a0<\/span><\/p>\n<p><span style=\"font-weight: 400;\">Procuramos construir relacionamentos duradouros, tanto com clientes como com funcion\u00e1rios, o que \u00e9 refletido no fato de que a metade da nossa equipe est\u00e1 conosco h\u00e1 mais de dez anos, evidenciando o excelente ambiente de trabalho que oferecemos.\u00a0<\/span><\/p>\n<p><span style=\"font-weight: 400;\">Nossos pilares s\u00e3o:<\/span><\/p>\n<ul>\n<li style=\"font-weight: 400;\" aria-level=\"1\"><span style=\"font-weight: 400;\">\u00a0Atuar com responsabilidade e compromisso.<\/span><\/li>\n<li style=\"font-weight: 400;\" aria-level=\"1\"><span style=\"font-weight: 400;\">\u00a0Aproveitar nossa ampla experi\u00eancia em sistemas de gest\u00e3o e automatiza\u00e7\u00e3o.<\/span><\/li>\n<li style=\"font-weight: 400;\" aria-level=\"1\"><span style=\"font-weight: 400;\">\u00a0Implementar metodologias \u00e1geis para otimizar a efici\u00eancia.<\/span><\/li>\n<li style=\"font-weight: 400;\" aria-level=\"1\"><span style=\"font-weight: 400;\">\u00a0Focar nossos esfor\u00e7os na satisfa\u00e7\u00e3o total das necessidades do cliente.<\/span><\/li>\n<\/ul>\n<p>[\/vc_column_text][\/vc_column][\/vc_row][vc_row wrap_container=&#8221;yes&#8221; bg_type=&#8221;image&#8221; parallax_style=&#8221;vcpb-vz-jquery&#8221; bg_image_new=&#8221;id^1656|url^http:\/\/demo.premium.edrweb.com.ar\/premium\/wp-content\/uploads\/2018\/07\/image-1.jpg|caption^null|alt^null|title^image (1)|description^null&#8221; bg_image_size=&#8221;initial&#8221; parallax_sense=&#8221;50&#8243; el_class=&#8221;sec-res empresatour&#8221; css=&#8221;.vc_custom_1683062591179{margin-top: 0px !important;}&#8221; conditional_render=&#8221;%5B%7B%22value_role%22%3A%22administrator%22%7D%5D&#8221;][vc_column css=&#8221;.vc_custom_1573483607629{padding-top: 0px !important;padding-bottom: 0px !important;}&#8221;][vc_tabs position=&#8221;top-center&#8221; type=&#8221;tabs-simple&#8221; icon_style=&#8221;featured-boxes-style-6&#8243; icon_effect=&#8221;featured-box-effect-6&#8243; interval=&#8221;0&#8243;][vc_tab show_icon=&#8221;yes&#8221; icon_type=&#8221;image&#8221; title=&#8221;1992&#8243; tab_id=&#8221;1433493316239-0-3&#8243; icon_image=&#8221;5875&#8243;][vc_column_text css=&#8221;&#8221;]<span style=\"font-weight: 400;\">Iniciamos nossa trajet\u00f3ria de expans\u00e3o come\u00e7ando as opera\u00e7\u00f5es sob o nome de Sisdam SA.<\/span>[\/vc_column_text][\/vc_tab][vc_tab show_icon=&#8221;yes&#8221; icon_type=&#8221;image&#8221; title=&#8221;1996&#8243; tab_id=&#8221;1683061968985-1-3&#8243; icon_image=&#8221;5883&#8243;][vc_column_text css=&#8221;&#8221;]<span style=\"font-weight: 400;\">Com entusiasmo y dedica\u00e7\u00e3o, lan\u00e7amos a primeira vers\u00e3o de Loyal ISO utilizando a tecnologia Lotus Notes.<\/span>[\/vc_column_text][\/vc_tab][vc_tab show_icon=&#8221;yes&#8221; icon_type=&#8221;image&#8221; tab_id=&#8221;1683062005863-2-10&#8243; icon_image=&#8221;5885&#8243; title=&#8221;1998&#8243;][vc_column_text css=&#8221;&#8221;]<span style=\"font-weight: 400;\">Em tr\u00eas anos, recebemos o premio de Distin\u00e7\u00e3o como Partner da IBM para Am\u00e9rica Latina.\u00a0<\/span>[\/vc_column_text][\/vc_tab][vc_tab show_icon=&#8221;yes&#8221; icon_type=&#8221;image&#8221; tab_id=&#8221;1683062172929-3-9&#8243; icon_image=&#8221;5886&#8243; title=&#8221;1999&#8243;][vc_column_text css=&#8221;&#8221;]<span style=\"font-weight: 400;\">Vencedores do Concurso \u201cAplicativos de Lotus Brasil\u201d organizado pela IBM.<\/span>[\/vc_column_text][\/vc_tab][vc_tab show_icon=&#8221;yes&#8221; icon_type=&#8221;image&#8221; tab_id=&#8221;1683062192839-4-0&#8243; icon_image=&#8221;5888&#8243; title=&#8221;2000&#8243;][vc_column_text css=&#8221;&#8221;]<span style=\"font-weight: 400;\">Obtivemos o reconhecimento \u00abTop Quarterly Revenue Achievement\u00bb pela IBM.<\/span>[\/vc_column_text][\/vc_tab][vc_tab show_icon=&#8221;yes&#8221; icon_type=&#8221;image&#8221; tab_id=&#8221;1683062227926-5-9&#8243; icon_image=&#8221;5889&#8243; title=&#8221;2001&#8243;][vc_column_text css=&#8221;&#8221;]<span style=\"font-weight: 400;\">Inauguramos nosso primeiro escrit\u00f3rio no Brasil, na cidade de S\u00e3o Paulo.\u00a0<\/span>[\/vc_column_text][\/vc_tab][vc_tab show_icon=&#8221;yes&#8221; icon_type=&#8221;image&#8221; tab_id=&#8221;1683062249847-6-5&#8243; icon_image=&#8221;5890&#8243; title=&#8221;2003&#8243;][vc_column_text css=&#8221;&#8221;]<span style=\"font-weight: 400;\">Mantendo nosso compromisso, conseguimos obter a certifica\u00e7\u00e3o ISO 9001:2000.<\/span>[\/vc_column_text][\/vc_tab][vc_tab show_icon=&#8221;yes&#8221; icon_type=&#8221;image&#8221; tab_id=&#8221;1683062274669-7-6&#8243; icon_image=&#8221;5890&#8243; title=&#8221;2005&#8243;][vc_column_text css=&#8221;&#8221;]<span style=\"font-weight: 400;\">Depois de melhorar substancialmente nosso produto, lan\u00e7amos a nova vers\u00e3o de\u00a0 Loyal baseada em Java.<\/span>[\/vc_column_text][\/vc_tab][vc_tab show_icon=&#8221;yes&#8221; icon_type=&#8221;image&#8221; tab_id=&#8221;1683062290405-8-0&#8243; icon_image=&#8221;5890&#8243; title=&#8221;2010&#8243;][vc_column_text css=&#8221;&#8221;]<span style=\"font-weight: 400;\">Ampliamos nossa divis\u00e3o Loyal PRO, posicionando-nos como o fornecedor l\u00edder de servi\u00e7os IT para a Equifax Veraz.<\/span>[\/vc_column_text][\/vc_tab][vc_tab show_icon=&#8221;yes&#8221; icon_type=&#8221;image&#8221; tab_id=&#8221;1683062310445-9-6&#8243; icon_image=&#8221;5893&#8243; title=&#8221;2013&#8243;][vc_column_text css=&#8221;&#8221;]<span style=\"font-weight: 400;\">Consolidamos nossa identidade como Loyal Solutions e Loyal PRO em servi\u00e7os profissionais, lan\u00e7ando ao mercado nosso inovador m\u00f3dulo Loyal KPI para uma gest\u00e3o completa de indicadores.<\/span>[\/vc_column_text][\/vc_tab][vc_tab show_icon=&#8221;yes&#8221; icon_type=&#8221;image&#8221; tab_id=&#8221;1683062322104-10-10&#8243; icon_image=&#8221;5894&#8243; title=&#8221;2014&#8243;][vc_column_text css=&#8221;&#8221;]<span style=\"font-weight: 400;\">Atendendo as necessidades dos nossos clientes, lan\u00e7amos o primeiro Loyal Cloud em parceria com a Lo Jack.<\/span><\/p>\n<p>&nbsp;[\/vc_column_text][\/vc_tab][vc_tab show_icon=&#8221;yes&#8221; icon_type=&#8221;image&#8221; tab_id=&#8221;1683062350870-11-7&#8243; icon_image=&#8221;5895&#8243; title=&#8221;2016&#8243;][vc_column_text css=&#8221;&#8221;]<span style=\"font-weight: 400;\">Introduzimos LOYAL GRC, nossa nova su\u00edte de produtos revolucion\u00e1rios, desenhada para otimizar a gest\u00e3o de riscos e compliance.<\/span>[\/vc_column_text][\/vc_tab][vc_tab show_icon=&#8221;yes&#8221; icon_type=&#8221;image&#8221; tab_id=&#8221;1683062369925-12-2&#8243; icon_image=&#8221;5896&#8243; title=&#8221;2020&#8243;][vc_column_text css=&#8221;&#8221;]<span style=\"font-weight: 400;\">Lan\u00e7amos a nova vers\u00e3o de Loyal 6, com um desenho inovador e uma funcionalidade melhorada.<\/span><\/p>\n<p>&nbsp;[\/vc_column_text][\/vc_tab][vc_tab tab_id=&#8221;1685473044520-13-3&#8243;][\/vc_tab][\/vc_tabs][\/vc_column][\/vc_row]<\/p>\n<\/div>","protected":false},"excerpt":{"rendered":"<p>[vc_row full_width=&#8221;stretch_row&#8221; wrap_container=&#8221;yes&#8221; content_placement=&#8221;top&#8221; conditional_render=&#8221;%5B%7B%22value_role%22%3A%22administrator%22%7D%5D&#8221; el_class=&#8221;sec-res&#8221;][vc_column width=&#8221;1\/2&#8243;][vc_column_text css=&#8221;&#8221;] Quem somos e o que fazemos? Faz 30 anos que nos dedicamos a otimizar a gest\u00e3o e qualidade empres\u00e1ria.\u00a0 Desenvolvemos software para gest\u00e3o empres\u00e1ria de documenta\u00e7\u00f5es, qualidade, riscos, indicadores chave de rendimento (KPI) e compliance.\u00a0 Nossos produtos procuram maximizar a efici\u00eancia dos processos e resultados.\u00a0 Eles foram [&hellip;]<\/p>\n","protected":false},"author":1,"featured_media":-9073,"parent":0,"menu_order":0,"comment_status":"closed","ping_status":"closed","template":"","meta":{"content-type":"","_joinchat":{"telephone":"+541168683016"},"footnotes":""},"class_list":["post-9073","page","type-page","status-publish","has-post-thumbnail","hentry"],"yoast_head":"<!-- This site is optimized with the Yoast SEO plugin v27.5 - https:\/\/yoast.com\/product\/yoast-seo-wordpress\/ -->\n<title>Loyal Solutions - Empresa<\/title>\n<meta name=\"description\" content=\"Loyal Solutions \u00e9 uma empresa que ha 30 anos \u00e9 impulsionada a melhorar a gest\u00e3o corporativa e a qualidade das organiza\u00e7\u00f5es.\" \/>\n<meta name=\"robots\" content=\"index, follow, max-snippet:-1, max-image-preview:large, max-video-preview:-1\" \/>\n<link rel=\"canonical\" href=\"https:\/\/loyal-solutions.com\/gracias\/\" \/>\n<meta property=\"og:locale\" content=\"pt_BR\" \/>\n<meta property=\"og:type\" content=\"article\" \/>\n<meta property=\"og:title\" content=\"Loyal Solutions - Empresa\" \/>\n<meta property=\"og:description\" content=\"Loyal Solutions \u00e9 uma empresa que ha 30 anos \u00e9 impulsionada a melhorar a gest\u00e3o corporativa e a qualidade das organiza\u00e7\u00f5es.\" \/>\n<meta property=\"og:url\" content=\"https:\/\/loyal-solutions.com\/gracias\/\" \/>\n<meta property=\"og:site_name\" content=\"Loyal Solutions\" \/>\n<meta property=\"article:modified_time\" content=\"2024-08-06T20:31:13+00:00\" \/>\n<meta name=\"twitter:card\" content=\"summary_large_image\" \/>\n<meta name=\"twitter:label1\" content=\"Est. tempo de leitura\" \/>\n\t<meta name=\"twitter:data1\" content=\"7 minutos\" \/>\n<script type=\"application\/ld+json\" class=\"yoast-schema-graph\">{\"@context\":\"https:\\\/\\\/schema.org\",\"@graph\":[{\"@type\":\"WebPage\",\"@id\":\"https:\\\/\\\/loyal-solutions.com\\\/gracias\\\/\",\"url\":\"https:\\\/\\\/loyal-solutions.com\\\/gracias\\\/\",\"name\":\"Loyal Solutions - Empresa\",\"isPartOf\":{\"@id\":\"https:\\\/\\\/loyal-solutions.com\\\/#website\"},\"primaryImageOfPage\":{\"@id\":\"https:\\\/\\\/loyal-solutions.com\\\/gracias\\\/#primaryimage\"},\"image\":{\"@id\":\"https:\\\/\\\/loyal-solutions.com\\\/gracias\\\/#primaryimage\"},\"thumbnailUrl\":\"https:\\\/\\\/loyal-solutions.com\\\/wp-content\\\/uploads\\\/2023\\\/06\\\/ISO-9001.png\",\"datePublished\":\"2024-08-06T20:27:54+00:00\",\"dateModified\":\"2024-08-06T20:31:13+00:00\",\"description\":\"Loyal Solutions \u00e9 uma empresa que ha 30 anos \u00e9 impulsionada a melhorar a gest\u00e3o corporativa e a qualidade das organiza\u00e7\u00f5es.\",\"breadcrumb\":{\"@id\":\"https:\\\/\\\/loyal-solutions.com\\\/gracias\\\/#breadcrumb\"},\"inLanguage\":\"pt-BR\",\"potentialAction\":[{\"@type\":\"ReadAction\",\"target\":[\"https:\\\/\\\/loyal-solutions.com\\\/gracias\\\/\"]}]},{\"@type\":\"ImageObject\",\"inLanguage\":\"pt-BR\",\"@id\":\"https:\\\/\\\/loyal-solutions.com\\\/gracias\\\/#primaryimage\",\"url\":\"https:\\\/\\\/loyal-solutions.com\\\/wp-content\\\/uploads\\\/2023\\\/06\\\/ISO-9001.png\",\"contentUrl\":\"https:\\\/\\\/loyal-solutions.com\\\/wp-content\\\/uploads\\\/2023\\\/06\\\/ISO-9001.png\"},{\"@type\":\"BreadcrumbList\",\"@id\":\"https:\\\/\\\/loyal-solutions.com\\\/gracias\\\/#breadcrumb\",\"itemListElement\":[{\"@type\":\"ListItem\",\"position\":1,\"name\":\"Portada\",\"item\":\"https:\\\/\\\/loyal-solutions.com\\\/pt-br\\\/\"},{\"@type\":\"ListItem\",\"position\":2,\"name\":\"Empresa\"}]},{\"@type\":\"WebSite\",\"@id\":\"https:\\\/\\\/loyal-solutions.com\\\/#website\",\"url\":\"https:\\\/\\\/loyal-solutions.com\\\/\",\"name\":\"Loyal Solutions\",\"description\":\"\",\"potentialAction\":[{\"@type\":\"SearchAction\",\"target\":{\"@type\":\"EntryPoint\",\"urlTemplate\":\"https:\\\/\\\/loyal-solutions.com\\\/?s={search_term_string}\"},\"query-input\":{\"@type\":\"PropertyValueSpecification\",\"valueRequired\":true,\"valueName\":\"search_term_string\"}}],\"inLanguage\":\"pt-BR\"}]}<\/script>\n<!-- \/ Yoast SEO plugin. -->","yoast_head_json":{"title":"Loyal Solutions - Empresa","description":"Loyal Solutions \u00e9 uma empresa que ha 30 anos \u00e9 impulsionada a melhorar a gest\u00e3o corporativa e a qualidade das organiza\u00e7\u00f5es.","robots":{"index":"index","follow":"follow","max-snippet":"max-snippet:-1","max-image-preview":"max-image-preview:large","max-video-preview":"max-video-preview:-1"},"canonical":"https:\/\/loyal-solutions.com\/gracias\/","og_locale":"pt_BR","og_type":"article","og_title":"Loyal Solutions - Empresa","og_description":"Loyal Solutions \u00e9 uma empresa que ha 30 anos \u00e9 impulsionada a melhorar a gest\u00e3o corporativa e a qualidade das organiza\u00e7\u00f5es.","og_url":"https:\/\/loyal-solutions.com\/gracias\/","og_site_name":"Loyal Solutions","article_modified_time":"2024-08-06T20:31:13+00:00","twitter_card":"summary_large_image","twitter_misc":{"Est. tempo de leitura":"7 minutos"},"schema":{"@context":"https:\/\/schema.org","@graph":[{"@type":"WebPage","@id":"https:\/\/loyal-solutions.com\/gracias\/","url":"https:\/\/loyal-solutions.com\/gracias\/","name":"Loyal Solutions - Empresa","isPartOf":{"@id":"https:\/\/loyal-solutions.com\/#website"},"primaryImageOfPage":{"@id":"https:\/\/loyal-solutions.com\/gracias\/#primaryimage"},"image":{"@id":"https:\/\/loyal-solutions.com\/gracias\/#primaryimage"},"thumbnailUrl":"https:\/\/loyal-solutions.com\/wp-content\/uploads\/2023\/06\/ISO-9001.png","datePublished":"2024-08-06T20:27:54+00:00","dateModified":"2024-08-06T20:31:13+00:00","description":"Loyal Solutions \u00e9 uma empresa que ha 30 anos \u00e9 impulsionada a melhorar a gest\u00e3o corporativa e a qualidade das organiza\u00e7\u00f5es.","breadcrumb":{"@id":"https:\/\/loyal-solutions.com\/gracias\/#breadcrumb"},"inLanguage":"pt-BR","potentialAction":[{"@type":"ReadAction","target":["https:\/\/loyal-solutions.com\/gracias\/"]}]},{"@type":"ImageObject","inLanguage":"pt-BR","@id":"https:\/\/loyal-solutions.com\/gracias\/#primaryimage","url":"https:\/\/loyal-solutions.com\/wp-content\/uploads\/2023\/06\/ISO-9001.png","contentUrl":"https:\/\/loyal-solutions.com\/wp-content\/uploads\/2023\/06\/ISO-9001.png"},{"@type":"BreadcrumbList","@id":"https:\/\/loyal-solutions.com\/gracias\/#breadcrumb","itemListElement":[{"@type":"ListItem","position":1,"name":"Portada","item":"https:\/\/loyal-solutions.com\/pt-br\/"},{"@type":"ListItem","position":2,"name":"Empresa"}]},{"@type":"WebSite","@id":"https:\/\/loyal-solutions.com\/#website","url":"https:\/\/loyal-solutions.com\/","name":"Loyal Solutions","description":"","potentialAction":[{"@type":"SearchAction","target":{"@type":"EntryPoint","urlTemplate":"https:\/\/loyal-solutions.com\/?s={search_term_string}"},"query-input":{"@type":"PropertyValueSpecification","valueRequired":true,"valueName":"search_term_string"}}],"inLanguage":"pt-BR"}]}},"_links":{"self":[{"href":"https:\/\/loyal-solutions.com\/pt-br\/wp-json\/wp\/v2\/pages\/9073","targetHints":{"allow":["GET"]}}],"collection":[{"href":"https:\/\/loyal-solutions.com\/pt-br\/wp-json\/wp\/v2\/pages"}],"about":[{"href":"https:\/\/loyal-solutions.com\/pt-br\/wp-json\/wp\/v2\/types\/page"}],"author":[{"embeddable":true,"href":"https:\/\/loyal-solutions.com\/pt-br\/wp-json\/wp\/v2\/users\/1"}],"replies":[{"embeddable":true,"href":"https:\/\/loyal-solutions.com\/pt-br\/wp-json\/wp\/v2\/comments?post=9073"}],"version-history":[{"count":0,"href":"https:\/\/loyal-solutions.com\/pt-br\/wp-json\/wp\/v2\/pages\/9073\/revisions"}],"wp:featuredmedia":[{"embeddable":true,"href":"https:\/\/loyal-solutions.com\/pt-br\/wp-json\/"}],"wp:attachment":[{"href":"https:\/\/loyal-solutions.com\/pt-br\/wp-json\/wp\/v2\/media?parent=9073"}],"curies":[{"name":"wp","href":"https:\/\/api.w.org\/{rel}","templated":true}]}}