{"id":9819,"date":"2025-10-28T12:05:39","date_gmt":"2025-10-28T15:05:39","guid":{"rendered":"https:\/\/loyal-solutions.com\/politica-de-cookies\/"},"modified":"2025-10-28T12:34:16","modified_gmt":"2025-10-28T15:34:16","slug":"politica-de-cookies","status":"publish","type":"page","link":"https:\/\/loyal-solutions.com\/es\/politica-de-cookies\/","title":{"rendered":"Pol\u00edtica de Cookies"},"content":{"rendered":"<div class=\"wpb-content-wrapper\"><p>[vc_row wrap_container=\u00bbyes\u00bb el_class=\u00bbclientes\u00bb conditional_render=\u00bb%5B%7B%22value_role%22%3A%22administrator%22%7D%5D\u00bb css_params=\u00bb\u00bb][vc_column][vc_custom_heading text=\u00bbPol\u00edtica de Cookies\u00bb font_container=\u00bbtag:h1|text_align:left\u00bb use_theme_fonts=\u00bbyes\u00bb skin=\u00bbprimary\u00bb css_params=\u00bb\u00bb][vc_column_text css=\u00bb\u00bb css_params=\u00bb\u00bb]SISDAM SA, CUIT 30-65216204-1 (\u201cLOYAL SOLUTIONS\u201d) utiliza cookies u otros rastreadores en el sitio web https:\/loyal-solutions.com (\u00abSitio\u00bb), del cual LOYAL SOLUTIONS resulta propietario y responsable del tratamiento de los datos que se recopilen. A fin de conocer mayor informaci\u00f3n respecto a c\u00f3mo se tratan los datos recopilados, y donde se alojar\u00e1n los mismos, podr\u00e1 consultar en https:\/\/loyal-solutions.com\/politicas-de-privacidad\/.<\/p>\n<p>Al ingresar al Sitio se requerir\u00e1 una confirmaci\u00f3n del usuario para que, en base a diferentes opciones, puedan elegir en qu\u00e9 medida aceptar o rechazar el uso de diversas cookies.<\/p>\n<p>LOYAL SOLUTIONS ha establecido esta pol\u00edtica para brindar informaci\u00f3n y generar transparencia, de modo que se pueda obtener m\u00e1s informaci\u00f3n sobre:<br \/>\nEl origen y el prop\u00f3sito de la informaci\u00f3n procesada mientras navega por el Sitio.<br \/>\nSus derechos a las cookies y otros rastreadores utilizados por LOYAL SOLUTIONS<\/p>\n<h3><strong>1 \u2013 \u00bfQUE ES UNA COOKIE?<\/strong><\/h3>\n<p>Las cookies, rastreadores o tecnolog\u00edas similares, son peque\u00f1os fragmentos de texto que un sitio web visitado env\u00edan al navegador que estes utilizando. Permiten que los sitios web recuerden informaci\u00f3n sobre tu visita y ayudan a que puedan mantener tus preferencias por un periodo limitado de tiempo. Al aceptar su uso, no se debe volver a configurar cada vez que vuelves al Sitio.<\/p>\n<p>La informaci\u00f3n que se recopila a trav\u00e9s de cookies puede ser, incluyendo pero no limitando:<\/p>\n<p><strong>Cookies funcionales:<\/strong> Son necesarias para el funcionamiento del sitio web. Permiten realizar funciones b\u00e1sicas como la navegaci\u00f3n por la p\u00e1gina o el acceso a \u00e1reas seguras.<\/p>\n<p><strong>Cookies de an\u00e1lisis:<\/strong> Recogen informaci\u00f3n sobre c\u00f3mo utilizas el sitio web, como las p\u00e1ginas que visitas o el tiempo que pasas en cada una de ellas. Esta informaci\u00f3n se utiliza para mejorar el rendimiento del sitio web y ofrecer una mejor experiencia de usuario.<\/p>\n<p><strong>Cookies de publicidad:<\/strong> Se utilizan para mostrarte anuncios personalizados en funci\u00f3n de tus intereses.<\/p>\n<p><strong>Cookies de redes sociales:<\/strong> Permiten interactuar con las redes sociales, como compartir contenido o iniciar sesi\u00f3n con tu cuenta de una red social.<\/p>\n<p>Las cookies se utilizan para almacenar informaci\u00f3n sobre el estado mientras dure su validez cuando un navegador acceda a diferentes p\u00e1ginas de un sitio web o cuando el navegador regrese posteriormente a ese sitio web.<br \/>\nEs importante que sepas se podr\u00e1 configurar tu navegador para que no acepte cookies. Sin embargo, esto puede afectar al funcionamiento del sitio web.<\/p>\n<h3><strong>2 \u2013 \u00bf PARA QU\u00c9 SE UTILIZAN LAS COOKIES ENVIADAS DESDE EL SITIO?<\/strong><\/h3>\n<p>LOYAL SOLUTIONS utiliza cookies y otros rastreadores, especialmente para los siguientes prop\u00f3sitos:<\/p>\n<p>Las cookies son extremadamente necesarias para facilitar la navegaci\u00f3n del Sitio.<\/p>\n<p>Las cookies tienen especialmente la capacidad de:<\/p>\n<p>\u25cf Optimizar la experiencia del usuario y facilitar la navegaci\u00f3n, especialmente determinando las \u00abrutas t\u00e9cnicas\u00bb de navegaci\u00f3n.<br \/>\n\u25cf Retener informaci\u00f3n seg\u00fan la cual el usuario de Internet ha visto el banner de informaci\u00f3n de cookies que se muestra y ha seguido navegando, permitiendo as\u00ed que se inserten cookies en su terminal.<\/p>\n<h3>Cookies de funcionalidades<\/h3>\n<p>Las cookies tienen, en particular, la vocaci\u00f3n de:<\/p>\n<p>\u25cf Adaptar el Sitio a las preferencias de visualizaci\u00f3n de su terminal (idioma, moneda, resoluci\u00f3n de pantalla, sistema operativo, configuraci\u00f3n de visualizaci\u00f3n de la p\u00e1gina web y configuraci\u00f3n de acuerdo con el terminal en uso y su ubicaci\u00f3n, etc.).<br \/>\n\u25cf Recordar cierta informaci\u00f3n que ingrese en el Sitio para facilitar y personalizar su pr\u00f3xima navegaci\u00f3n.<\/p>\n<h3>Cookies de an\u00e1lisis (medici\u00f3n de audiencia)<\/h3>\n<p>Estas cookies nos ayudan a comprender sus interacciones con el Sitio (p\u00e1ginas m\u00e1s visitadas, aplicaciones utilizadas, etc.); Estas cookies se pueden usar para compilar estad\u00edsticas o para probar diferentes vistas para aumentar el inter\u00e9s y la ergonom\u00eda de sus servicios.<\/p>\n<h3>Cookies de redes sociales (colocadas por terceros)<\/h3>\n<p>Estas cookies le permiten compartir sus opiniones en el Sitio y compartir contenido en las redes sociales (por ejemplo, los botones \u00abCompartir\u00bb o \u00abMe gusta\u00bb de la aplicaci\u00f3n social).<br \/>\nLas aplicaciones de redes sociales en el Sitio, como se mencion\u00f3 anteriormente, en algunos casos pueden permitir que las redes sociales correspondientes lo identifiquen incluso si no ha hecho clic en los botones de la aplicaci\u00f3n. De hecho, este tipo de bot\u00f3n puede permitir que la red social en cuesti\u00f3n siga su navegaci\u00f3n<br \/>\nen el Sitio simplemente porque su cuenta de red social en cuesti\u00f3n est\u00e1 activada en su dispositivo (sesi\u00f3n abierta) mientras navega.<br \/>\nLe recomendamos que revise las pol\u00edticas de estas redes sociales para conocer los prop\u00f3sitos de su uso, incluida la publicidad, de la informaci\u00f3n de navegaci\u00f3n que pueden recopilar. Estas pol\u00edticas deber\u00edan permitirle ejercer sus opciones con respecto a estas redes sociales, especialmente al configurar sus cuentas para cada una de ellas.<\/p>\n<h3>COOKIES SUJETAS A SU CONSENTIMIENTO<\/h3>\n<p>La instalaci\u00f3n de cookies est\u00e1 sujeta a su consentimiento. Adem\u00e1s, cuando realiza su primera visita al Sitio, se le solicita, mediante la presencia de un banner de informaci\u00f3n en la p\u00e1gina de inicio del Sitio, si acepta la instalaci\u00f3n de dichas cookies. Las cookies solo se activar\u00e1n tras su aceptaci\u00f3n para continuar navegando<br \/>\npor el Sitio.<br \/>\nPuede volver a su elecci\u00f3n en cualquier momento utilizando los diversos medios descritos en la secci\u00f3n \u00ab\u00bfC\u00f3mo administrar las cookies?\u00bb.<\/p>\n<h3><strong>3 \u2013 \u00bf COMO ADMINISTRAR LAS COOKIES?<\/strong><\/h3>\n<p>Hay varias formas de administrar cookies y otros rastreadores.<\/p>\n<p>Puede configurar su navegador para:<\/p>\n<p>\u25cf Aceptar todas las cookies, o<br \/>\n\u25cf Rechazarlas sistem\u00e1ticamente, o<br \/>\n\u25cf Elija los que acepte seg\u00fan sus emisores.<\/p>\n<p>Tambi\u00e9n puede configurar su navegador para que acepte o rechace las cookies caso por caso antes de instalarlas. Tambi\u00e9n puede eliminar peri\u00f3dicamente las cookies de su dispositivo a trav\u00e9s de su navegador. Aseg\u00farese de configurar todos los navegadores en sus diferentes terminales (tabletas, tel\u00e9fonos inteligentes,<br \/>\ncomputadoras, etc.). Para la gesti\u00f3n de cookies y sus elecciones, la configuraci\u00f3n de cada navegador es diferente. Se describe en el men\u00fa de ayuda de su navegador, que le indicar\u00e1 c\u00f3mo cambiar sus preferencias de cookies.<\/p>\n<p>\u25cf <a href=\"https:\/\/support.microsoft.com\/es-es\/windows\/administrar-cookies-en-microsoft-edge-ver-permitir-bloquear-eliminar-y-usar-168dab11-0753-043d-7c16-ede5947fc64d\" target=\"_blank\" rel=\"noopener\">Para Internet Explorer<\/a><br \/>\n\u25cf <a href=\"https:\/\/support.apple.com\/es-es\/guide\/safari\/sfri11471\/mac\" target=\"_blank\" rel=\"noopener\">Para Safari<\/a><br \/>\n\u25cf <a href=\"https:\/\/support.google.com\/chrome\/answer\/95647?hl=es-419&amp;co=GENIE.Platform%3DDesktop\" target=\"_blank\" rel=\"noopener\">Para Chrome<\/a><br \/>\n\u25cf <a href=\"https:\/\/support.mozilla.org\/es\/kb\/cookies-informacion-que-los-sitios-web-guardan-en-\" target=\"_blank\" rel=\"noopener\">Para Firefox<\/a><br \/>\n\u25cf <a href=\"https:\/\/www.opera.com\/help\/tutorials\/security\/privacy\/\" target=\"_blank\" rel=\"noopener\">Para Opera<\/a><\/p>\n<p>El registro de una cookie en su terminal est\u00e1 esencialmente sujeto a su voluntad, que puede expresar y modificar en cualquier momento y de forma gratuita a trav\u00e9s de las opciones que se ofrecen en su navegador.<br \/>\nSi su navegador est\u00e1 configurado para aceptar cookies en su dispositivo, las cookies integradas en p\u00e1ginas y contenido que haya visto pueden almacenarse temporalmente en un \u00e1rea dedicada de su dispositivo. Solo pueden ser le\u00eddos por su transmisor.<br \/>\nPor el contrario, puede configurar su navegador para rechazar las cookies. En este sentido, debe tener en cuenta que al configurar su navegador para rechazar cookies, algunas funciones, p\u00e1ginas y espacios en el Sitio no estar\u00e1n disponibles (por ejemplo, si est\u00e1 intentando acceder al contenido o servicios de LOYAL SOLUTIONS que requieren su identificaci\u00f3n, o si el LOYAL SOLUTIONS o nuestros proveedores de servicios no pueden reconocer, debido a problemas de compatibilidad, el tipo de navegador que utiliza su terminal, el idioma, la configuraci\u00f3n de la pantalla o el pa\u00eds donde se encuentra su terminal). LOYAL SOLUTIONS no es responsable de las consecuencias del funcionamiento degradado de sus servicios como resultado de la imposibilidad de registrar o consultar las cookies necesarias para su funcionamiento y que han sido rechazadas o eliminadas.<\/p>\n<p>Esta pol\u00edtica de cookies se encuentra vigente y fue actualizada en Octubre de 2025.[\/vc_column_text][\/vc_column][\/vc_row]<\/p>\n<\/div>","protected":false},"excerpt":{"rendered":"<p>[vc_row wrap_container=\u00bbyes\u00bb el_class=\u00bbclientes\u00bb conditional_render=\u00bb%5B%7B%22value_role%22%3A%22administrator%22%7D%5D\u00bb css_params=\u00bb\u00bb][vc_column][vc_custom_heading text=\u00bbPol\u00edtica de Cookies\u00bb font_container=\u00bbtag:h1|text_align:left\u00bb use_theme_fonts=\u00bbyes\u00bb skin=\u00bbprimary\u00bb css_params=\u00bb\u00bb][vc_column_text css=\u00bb\u00bb css_params=\u00bb\u00bb]SISDAM SA, CUIT 30-65216204-1 (\u201cLOYAL SOLUTIONS\u201d) utiliza cookies u otros rastreadores en el sitio web https:\/loyal-solutions.com (\u00abSitio\u00bb), del cual LOYAL SOLUTIONS resulta propietario y responsable del tratamiento de los datos que se recopilen. A fin de conocer mayor informaci\u00f3n respecto a c\u00f3mo [&hellip;]<\/p>\n","protected":false},"author":1,"featured_media":0,"parent":0,"menu_order":0,"comment_status":"closed","ping_status":"closed","template":"","meta":{"content-type":"","_joinchat":[],"footnotes":""},"class_list":["post-9819","page","type-page","status-publish","hentry"],"yoast_head":"<!-- This site is optimized with the Yoast SEO plugin v27.4 - https:\/\/yoast.com\/product\/yoast-seo-wordpress\/ -->\n<title>Pol\u00edtica de Cookies - Loyal Solutions<\/title>\n<meta name=\"robots\" content=\"index, follow, max-snippet:-1, max-image-preview:large, max-video-preview:-1\" \/>\n<link rel=\"canonical\" href=\"https:\/\/loyal-solutions.com\/es\/politica-de-cookies\/\" \/>\n<meta property=\"og:locale\" content=\"es_ES\" \/>\n<meta property=\"og:type\" content=\"article\" \/>\n<meta property=\"og:title\" content=\"Pol\u00edtica de Cookies - Loyal Solutions\" \/>\n<meta property=\"og:description\" content=\"[vc_row wrap_container=\u00bbyes\u00bb el_class=\u00bbclientes\u00bb conditional_render=\u00bb%5B%7B%22value_role%22%3A%22administrator%22%7D%5D\u00bb css_params=\u00bb\u00bb][vc_column][vc_custom_heading text=\u00bbPol\u00edtica de Cookies\u00bb font_container=\u00bbtag:h1|text_align:left\u00bb use_theme_fonts=\u00bbyes\u00bb skin=\u00bbprimary\u00bb css_params=\u00bb\u00bb][vc_column_text css=\u00bb\u00bb css_params=\u00bb\u00bb]SISDAM SA, CUIT 30-65216204-1 (\u201cLOYAL SOLUTIONS\u201d) utiliza cookies u otros rastreadores en el sitio web https:\/loyal-solutions.com (\u00abSitio\u00bb), del cual LOYAL SOLUTIONS resulta propietario y responsable del tratamiento de los datos que se recopilen. A fin de conocer mayor informaci\u00f3n respecto a c\u00f3mo [&hellip;]\" \/>\n<meta property=\"og:url\" content=\"https:\/\/loyal-solutions.com\/es\/politica-de-cookies\/\" \/>\n<meta property=\"og:site_name\" content=\"Loyal Solutions\" \/>\n<meta property=\"article:modified_time\" content=\"2025-10-28T15:34:16+00:00\" \/>\n<meta name=\"twitter:card\" content=\"summary_large_image\" \/>\n<meta name=\"twitter:label1\" content=\"Tiempo de lectura\" \/>\n\t<meta name=\"twitter:data1\" content=\"6 minutos\" \/>\n<script type=\"application\/ld+json\" class=\"yoast-schema-graph\">{\"@context\":\"https:\\\/\\\/schema.org\",\"@graph\":[{\"@type\":\"WebPage\",\"@id\":\"https:\\\/\\\/loyal-solutions.com\\\/es\\\/politica-de-cookies\\\/\",\"url\":\"https:\\\/\\\/loyal-solutions.com\\\/es\\\/politica-de-cookies\\\/\",\"name\":\"Pol\u00edtica de Cookies - Loyal Solutions\",\"isPartOf\":{\"@id\":\"https:\\\/\\\/loyal-solutions.com\\\/#website\"},\"datePublished\":\"2025-10-28T15:05:39+00:00\",\"dateModified\":\"2025-10-28T15:34:16+00:00\",\"breadcrumb\":{\"@id\":\"https:\\\/\\\/loyal-solutions.com\\\/es\\\/politica-de-cookies\\\/#breadcrumb\"},\"inLanguage\":\"es\",\"potentialAction\":[{\"@type\":\"ReadAction\",\"target\":[\"https:\\\/\\\/loyal-solutions.com\\\/es\\\/politica-de-cookies\\\/\"]}]},{\"@type\":\"BreadcrumbList\",\"@id\":\"https:\\\/\\\/loyal-solutions.com\\\/es\\\/politica-de-cookies\\\/#breadcrumb\",\"itemListElement\":[{\"@type\":\"ListItem\",\"position\":1,\"name\":\"Portada\",\"item\":\"https:\\\/\\\/loyal-solutions.com\\\/es\\\/\"},{\"@type\":\"ListItem\",\"position\":2,\"name\":\"Pol\u00edtica de Cookies\"}]},{\"@type\":\"WebSite\",\"@id\":\"https:\\\/\\\/loyal-solutions.com\\\/#website\",\"url\":\"https:\\\/\\\/loyal-solutions.com\\\/\",\"name\":\"Loyal Solutions\",\"description\":\"\",\"potentialAction\":[{\"@type\":\"SearchAction\",\"target\":{\"@type\":\"EntryPoint\",\"urlTemplate\":\"https:\\\/\\\/loyal-solutions.com\\\/?s={search_term_string}\"},\"query-input\":{\"@type\":\"PropertyValueSpecification\",\"valueRequired\":true,\"valueName\":\"search_term_string\"}}],\"inLanguage\":\"es\"}]}<\/script>\n<!-- \/ Yoast SEO plugin. -->","yoast_head_json":{"title":"Pol\u00edtica de Cookies - Loyal Solutions","robots":{"index":"index","follow":"follow","max-snippet":"max-snippet:-1","max-image-preview":"max-image-preview:large","max-video-preview":"max-video-preview:-1"},"canonical":"https:\/\/loyal-solutions.com\/es\/politica-de-cookies\/","og_locale":"es_ES","og_type":"article","og_title":"Pol\u00edtica de Cookies - Loyal Solutions","og_description":"[vc_row wrap_container=\u00bbyes\u00bb el_class=\u00bbclientes\u00bb conditional_render=\u00bb%5B%7B%22value_role%22%3A%22administrator%22%7D%5D\u00bb css_params=\u00bb\u00bb][vc_column][vc_custom_heading text=\u00bbPol\u00edtica de Cookies\u00bb font_container=\u00bbtag:h1|text_align:left\u00bb use_theme_fonts=\u00bbyes\u00bb skin=\u00bbprimary\u00bb css_params=\u00bb\u00bb][vc_column_text css=\u00bb\u00bb css_params=\u00bb\u00bb]SISDAM SA, CUIT 30-65216204-1 (\u201cLOYAL SOLUTIONS\u201d) utiliza cookies u otros rastreadores en el sitio web https:\/loyal-solutions.com (\u00abSitio\u00bb), del cual LOYAL SOLUTIONS resulta propietario y responsable del tratamiento de los datos que se recopilen. A fin de conocer mayor informaci\u00f3n respecto a c\u00f3mo [&hellip;]","og_url":"https:\/\/loyal-solutions.com\/es\/politica-de-cookies\/","og_site_name":"Loyal Solutions","article_modified_time":"2025-10-28T15:34:16+00:00","twitter_card":"summary_large_image","twitter_misc":{"Tiempo de lectura":"6 minutos"},"schema":{"@context":"https:\/\/schema.org","@graph":[{"@type":"WebPage","@id":"https:\/\/loyal-solutions.com\/es\/politica-de-cookies\/","url":"https:\/\/loyal-solutions.com\/es\/politica-de-cookies\/","name":"Pol\u00edtica de Cookies - Loyal Solutions","isPartOf":{"@id":"https:\/\/loyal-solutions.com\/#website"},"datePublished":"2025-10-28T15:05:39+00:00","dateModified":"2025-10-28T15:34:16+00:00","breadcrumb":{"@id":"https:\/\/loyal-solutions.com\/es\/politica-de-cookies\/#breadcrumb"},"inLanguage":"es","potentialAction":[{"@type":"ReadAction","target":["https:\/\/loyal-solutions.com\/es\/politica-de-cookies\/"]}]},{"@type":"BreadcrumbList","@id":"https:\/\/loyal-solutions.com\/es\/politica-de-cookies\/#breadcrumb","itemListElement":[{"@type":"ListItem","position":1,"name":"Portada","item":"https:\/\/loyal-solutions.com\/es\/"},{"@type":"ListItem","position":2,"name":"Pol\u00edtica de Cookies"}]},{"@type":"WebSite","@id":"https:\/\/loyal-solutions.com\/#website","url":"https:\/\/loyal-solutions.com\/","name":"Loyal Solutions","description":"","potentialAction":[{"@type":"SearchAction","target":{"@type":"EntryPoint","urlTemplate":"https:\/\/loyal-solutions.com\/?s={search_term_string}"},"query-input":{"@type":"PropertyValueSpecification","valueRequired":true,"valueName":"search_term_string"}}],"inLanguage":"es"}]}},"_links":{"self":[{"href":"https:\/\/loyal-solutions.com\/es\/wp-json\/wp\/v2\/pages\/9819","targetHints":{"allow":["GET"]}}],"collection":[{"href":"https:\/\/loyal-solutions.com\/es\/wp-json\/wp\/v2\/pages"}],"about":[{"href":"https:\/\/loyal-solutions.com\/es\/wp-json\/wp\/v2\/types\/page"}],"author":[{"embeddable":true,"href":"https:\/\/loyal-solutions.com\/es\/wp-json\/wp\/v2\/users\/1"}],"replies":[{"embeddable":true,"href":"https:\/\/loyal-solutions.com\/es\/wp-json\/wp\/v2\/comments?post=9819"}],"version-history":[{"count":1,"href":"https:\/\/loyal-solutions.com\/es\/wp-json\/wp\/v2\/pages\/9819\/revisions"}],"predecessor-version":[{"id":9820,"href":"https:\/\/loyal-solutions.com\/es\/wp-json\/wp\/v2\/pages\/9819\/revisions\/9820"}],"wp:attachment":[{"href":"https:\/\/loyal-solutions.com\/es\/wp-json\/wp\/v2\/media?parent=9819"}],"curies":[{"name":"wp","href":"https:\/\/api.w.org\/{rel}","templated":true}]}}