{"id":9072,"date":"2024-08-06T17:27:54","date_gmt":"2024-08-06T20:27:54","guid":{"rendered":"https:\/\/loyal-solutions.com\/?page_id=9072"},"modified":"2025-03-06T14:46:05","modified_gmt":"2025-03-06T17:46:05","slug":"gracias-form","status":"publish","type":"page","link":"https:\/\/loyal-solutions.com\/es\/gracias-form\/","title":{"rendered":"Gracias &#8211; Form"},"content":{"rendered":"<div class=\"wpb-content-wrapper\"><p>[vc_row full_width=\u00bbstretch_row\u00bb wrap_container=\u00bbyes\u00bb content_placement=\u00bbtop\u00bb conditional_render=\u00bb%5B%7B%22value_role%22%3A%22administrator%22%7D%5D\u00bb el_class=\u00bbsec-res\u00bb][vc_column width=\u00bb1\/2&#8243;][vc_column_text css=\u00bb\u00bb]<\/p>\n<h1><strong><span style=\"color: #00adef;\">Hemos recibido su formulario con \u00e9xito<\/span><\/strong><\/h1>\n<p>A la brevedad, le estaremos asesorando en base a su consulta. Por favor, preste atenci\u00f3n a su tel\u00e9fono celular o casilla de correo.[\/vc_column_text][\/vc_column][vc_column width=\u00bb1\/2&#8243;][\/vc_column][\/vc_row][vc_row wrap_container=\u00bbyes\u00bb gap=\u00bb20&#8243; is_section=\u00bbyes\u00bb section_skin=\u00bbparallax\u00bb remove_margin_top=\u00bbyes\u00bb remove_margin_bottom=\u00bbyes\u00bb remove_border=\u00bbyes\u00bb conditional_render=\u00bb%5B%7B%22value_role%22%3A%22administrator%22%7D%5D\u00bb el_class=\u00bbsec-res\u00bb][vc_column width=\u00bb1\/4&#8243;][vc_column_text css=\u00bb.vc_custom_1721355377885{padding-top: 30px !important;}\u00bb]<\/p>\n<h2 style=\"text-align: left;\"><span style=\"color: #00ccff;\"><strong><span style=\"font-size: 30px;\">30 A\u00d1OS<\/span><\/strong><\/span><\/h2>\n<h2 style=\"text-align: left;\"><span style=\"color: #ffffff;\"><strong><span style=\"font-size: 40px;\"><span style=\"font-size: 30px;\">USUARIOS<\/span><\/span><\/strong><\/span><\/h2>\n<p>Somos un equipo con 30 a\u00f1os de experiencia en el desarrollo de software.[\/vc_column_text][\/vc_column][vc_column width=\u00bb1\/4&#8243; offset=\u00bbvc_col-xs-7&#8243; conditional_render=\u00bb%5B%7B%22value_role%22%3A%22administrator%22%7D%5D\u00bb][vc_column_text css=\u00bb.vc_custom_1721355412251{padding-top: 30px !important;}\u00bb]<\/p>\n<h2><span style=\"font-size: 30px;\"><strong><span style=\"color: #00ccff;\">MILES DE<\/span><\/strong><\/span><\/h2>\n<h2><span style=\"font-size: 30px;\"><strong><span style=\"color: #00ccff;\">USUARIOS<\/span><\/strong><\/span><\/h2>\n<p style=\"text-align: left;\">Nuestros productos son utilizados con \u00e9xito por miles de usuarios.<\/p>\n<p>[\/vc_column_text][\/vc_column][vc_column width=\u00bb1\/4&#8243;][vc_column_text css=\u00bb.vc_custom_1721355432805{padding-top: 30px !important;}\u00bb]<\/p>\n<h2 style=\"text-align: left;\"><span style=\"font-size: 30px; color: #00ccff;\"><strong><b>6 PA\u00cdSES<\/b><\/strong><\/span><\/h2>\n<h2 style=\"text-align: left;\"><span style=\"font-size: 30px; color: #ffffff;\"><strong>DD <\/strong>A<\/span><\/h2>\n<p style=\"text-align: left;\">Empresas de pa\u00edses latinoamericanos utilizan nuestros productos diariamente para alcanzar la excelencia.<\/p>\n<p>[\/vc_column_text][\/vc_column][vc_column width=\u00bb1\/4&#8243;][vc_column_text css=\u00bb.vc_custom_1721355452597{padding-top: 30px !important;}\u00bb]<\/p>\n<h2 style=\"text-align: left;\"><span style=\"font-size: 30px; color: #00ccff;\"><b>ISO 9001<\/b><\/span><\/h2>\n<h2 style=\"text-align: left;\"><span style=\"font-size: 30px; color: #ffffff;\"><strong>DD <\/strong>A<\/span><\/h2>\n<h2 style=\"text-align: left;\"><img loading=\"lazy\" decoding=\"async\" class=\"wp-image-6224 alignright\" src=\"https:\/\/loyal-solutions.com\/wp-content\/uploads\/2023\/06\/ISO-9001.png\" alt=\"\" width=\"73\" height=\"73\" \/><\/h2>\n<p>Cumpliendo con la responsabilidad de calidad en productos y servicios, estamos certificados por la norma ISO 9001:2015.[\/vc_column_text][\/vc_column][\/vc_row][vc_row full_width=\u00bbstretch_row\u00bb wrap_container=\u00bbyes\u00bb content_placement=\u00bbmiddle\u00bb conditional_render=\u00bb%5B%7B%22value_role%22%3A%22administrator%22%7D%5D\u00bb el_class=\u00bbsec-res\u00bb css=\u00bb.vc_custom_1682327089487{background-color: #f2f2f2 !important;}\u00bb][vc_column width=\u00bb1\/2&#8243;][vc_single_image image=\u00bb5745&#8243; img_size=\u00bbfull\u00bb alignment=\u00bbcenter\u00bb][\/vc_column][vc_column width=\u00bb1\/2&#8243;][vc_column_text css=\u00bb\u00bb]<\/p>\n<h2 class=\"banner_title\"><span style=\"color: #00ccff;\"><b>Misi\u00f3n, visi\u00f3n y valores<\/b><\/span><\/h2>\n<p>[\/vc_column_text][vc_separator color=\u00bbblack\u00bb align=\u00bbalign_left\u00bb border_width=\u00bb4&#8243; el_width=\u00bb10&#8243; style=\u00bbsolid\u00bb][vc_column_text css=\u00bb\u00bb]<strong><span style=\"color: #00ccff;\">MISI\u00d3N:<\/span><\/strong><\/p>\n<p>Ayudar a las organizaciones a alcanzar los m\u00e1s altos niveles de productividad a tr\u00e1ves de productos y servicios que optimicen sus procesos de gesti\u00f3n<\/p>\n<p><strong><span style=\"color: #00ccff;\">VISI\u00d3N:<\/span><\/strong><\/p>\n<p><span style=\"font-weight: 400;\">Ser la soluci\u00f3n m\u00e1s elegida a nivel internacional por organizaciones que buscan productos y servicios de excelencia.<\/span><\/p>\n<p><span style=\"color: #00ccff;\"><b>VALORES:<\/b><\/span><\/p>\n<ul>\n<li aria-level=\"1\"><b>\u00a0Orientaci\u00f3n al cliente<\/b><span style=\"font-weight: 400;\">: Priorizar las necesidades de los clientes.<\/span><\/li>\n<li aria-level=\"1\"><b>\u00a0Excelencia continua<\/b><span style=\"font-weight: 400;\">: Superarnos constantemente en busca de la excelencia.<\/span><\/li>\n<li aria-level=\"1\"><b>\u00a0Sinergia de equipo<\/b><span style=\"font-weight: 400;\">: Fomentamos un entorno donde la uni\u00f3n y el trabajo en equipo son la clave del \u00e9xito.<\/span><\/li>\n<li aria-level=\"1\"><b>\u00a0Pasi\u00f3n<\/b><span style=\"font-weight: 400;\">: La pasi\u00f3n es la fuerza que nos motiva a superar todas las expectativas en nuestro trabajo.<\/span><\/li>\n<li aria-level=\"1\"><b>\u00a0Innovaci\u00f3n<\/b><span style=\"font-weight: 400;\">: Nos comprometemos a innovar para superar los l\u00edmites y alcanzar nuevos \u00e9xitos.<\/span><\/li>\n<li aria-level=\"1\"><b>\u00a0Confianza<\/b><span>: Nos esforzamos por construir y mantener relaciones s\u00f3lidas y duraderas.<\/span><\/li>\n<\/ul>\n<p>[\/vc_column_text][\/vc_column][\/vc_row][vc_row wrap_container=\u00bbyes\u00bb conditional_render=\u00bb%5B%7B%22value_role%22%3A%22administrator%22%7D%5D\u00bb el_class=\u00bbsec-top\u00bb][vc_column width=\u00bb1\/2&#8243;][vc_single_image image=\u00bb8507&#8243; img_size=\u00bblarge\u00bb alignment=\u00bbcenter\u00bb][\/vc_column][vc_column width=\u00bb1\/2&#8243; css=\u00bb.vc_custom_1702656770998{padding-right: 40px !important;padding-left: 40px !important;}\u00bb conditional_render=\u00bb%5B%7B%22value_role%22%3A%22administrator%22%7D%5D\u00bb][vc_column_text css=\u00bb\u00bb]<\/p>\n<h2 class=\"title\" style=\"text-align: center;\"><span style=\"color: #00adef;\"><strong><span style=\"color: #00ccff;\">Equipo<\/span><\/strong><br \/>\n<\/span><\/h2>\n<p><span style=\"font-weight: 400;\">Nuestro equipo multidisciplinario se dedica a a\u00f1adir valor constante a nuestra empresa y a nuestros productos. <\/span><\/p>\n<p><span style=\"font-weight: 400;\">Buscamos construir relaciones duraderas con clientes y colaboradores por igual, lo cual se refleja en que la mitad de nuestro personal lleva m\u00e1s de diez a\u00f1os con nosotros, evidenciando el excelente ambiente laboral que ofrecemos.<\/span><\/p>\n<p><span style=\"font-weight: 400;\">Nuestros pilares son:<\/span><\/p>\n<ul>\n<li style=\"font-weight: 400;\" aria-level=\"1\"><span style=\"font-weight: 400;\">\u00a0Actuar con responsabilidad y compromiso.<\/span><\/li>\n<li style=\"font-weight: 400;\" aria-level=\"1\"><span style=\"font-weight: 400;\">\u00a0Aprovechar nuestra amplia experiencia en sistemas de gesti\u00f3n y automatizaci\u00f3n.<\/span><\/li>\n<li style=\"font-weight: 400;\" aria-level=\"1\"><span style=\"font-weight: 400;\">\u00a0Implementar metodolog\u00edas \u00e1giles para optimizar la eficiencia.<\/span><\/li>\n<li style=\"font-weight: 400;\" aria-level=\"1\"><span style=\"font-weight: 400;\">Centrar nuestros esfuerzos en satisfacer 100% las necesidades del cliente.<\/span><\/li>\n<\/ul>\n<p>[\/vc_column_text][\/vc_column][\/vc_row][vc_row wrap_container=\u00bbyes\u00bb bg_type=\u00bbimage\u00bb parallax_style=\u00bbvcpb-vz-jquery\u00bb bg_image_new=\u00bbid^1656|url^http:\/\/demo.premium.edrweb.com.ar\/premium\/wp-content\/uploads\/2018\/07\/image-1.jpg|caption^null|alt^null|title^image (1)|description^null\u00bb bg_image_size=\u00bbinitial\u00bb parallax_sense=\u00bb50&#8243; el_class=\u00bbsec-res empresatour\u00bb css=\u00bb.vc_custom_1683062591179{margin-top: 0px !important;}\u00bb conditional_render=\u00bb%5B%7B%22value_role%22%3A%22administrator%22%7D%5D\u00bb][vc_column css=\u00bb.vc_custom_1573483607629{padding-top: 0px !important;padding-bottom: 0px !important;}\u00bb][vc_tabs position=\u00bbtop-center\u00bb type=\u00bbtabs-simple\u00bb icon_style=\u00bbfeatured-boxes-style-6&#8243; icon_effect=\u00bbfeatured-box-effect-6&#8243; interval=\u00bb0&#8243;][vc_tab show_icon=\u00bbyes\u00bb icon_type=\u00bbimage\u00bb title=\u00bb1992&#8243; tab_id=\u00bb1433493316239-0-3&#8243; icon_image=\u00bb5875&#8243;][vc_column_text css=\u00bb\u00bb]<span style=\"font-weight: 400;\">Iniciamos nuestra trayectoria de expansi\u00f3n al comenzar operaciones bajo el nombre de Sisdam SA.<\/span>[\/vc_column_text][\/vc_tab][vc_tab show_icon=\u00bbyes\u00bb icon_type=\u00bbimage\u00bb title=\u00bb1996&#8243; tab_id=\u00bb1683061968985-1-3&#8243; icon_image=\u00bb5883&#8243;][vc_column_text css=\u00bb\u00bb]<span style=\"font-weight: 400;\">Con entusiasmo y dedicaci\u00f3n, lanzamos la primera versi\u00f3n de Loyal ISO utilizando la tecnolog\u00eda de Lotus Notes.<\/span>[\/vc_column_text][\/vc_tab][vc_tab show_icon=\u00bbyes\u00bb icon_type=\u00bbimage\u00bb tab_id=\u00bb1683062005863-2-10&#8243; icon_image=\u00bb5885&#8243; title=\u00bb1998&#8243;][vc_column_text css=\u00bb\u00bb]<span style=\"font-weight: 400;\">En tres a\u00f1os, recibimos el premio de Distinci\u00f3n como Partner de IBM para Latinoam\u00e9rica.<\/span>[\/vc_column_text][\/vc_tab][vc_tab show_icon=\u00bbyes\u00bb icon_type=\u00bbimage\u00bb tab_id=\u00bb1683062172929-3-9&#8243; icon_image=\u00bb5886&#8243; title=\u00bb1999&#8243;][vc_column_text css=\u00bb\u00bb]<span style=\"font-weight: 400;\">Ganamos el Concurso \u201cAplicaciones de Lotus Brasil\u201d organizado por IBM.<\/span>[\/vc_column_text][\/vc_tab][vc_tab show_icon=\u00bbyes\u00bb icon_type=\u00bbimage\u00bb tab_id=\u00bb1683062192839-4-0&#8243; icon_image=\u00bb5888&#8243; title=\u00bb2000&#8243;][vc_column_text css=\u00bb\u00bb]<span style=\"font-weight: 400;\">Obtuvimos el reconocimiento \u00abTop Quarterly Revenue Achievement\u00bb por IBM.<\/span>[\/vc_column_text][\/vc_tab][vc_tab show_icon=\u00bbyes\u00bb icon_type=\u00bbimage\u00bb tab_id=\u00bb1683062227926-5-9&#8243; icon_image=\u00bb5889&#8243; title=\u00bb2001&#8243;][vc_column_text css=\u00bb\u00bb]<span style=\"font-weight: 400;\">Inauguramos nuestra primera oficina en Brasil, ubicada en la ciudad de San Pablo.<\/span>[\/vc_column_text][\/vc_tab][vc_tab show_icon=\u00bbyes\u00bb icon_type=\u00bbimage\u00bb tab_id=\u00bb1683062249847-6-5&#8243; icon_image=\u00bb5890&#8243; title=\u00bb2003&#8243;][vc_column_text css=\u00bb\u00bb]<span style=\"font-weight: 400;\">Manteniendo nuestro compromiso, logramos obtener la certificaci\u00f3n ISO 9001:2000.<\/span>[\/vc_column_text][\/vc_tab][vc_tab show_icon=\u00bbyes\u00bb icon_type=\u00bbimage\u00bb tab_id=\u00bb1683062274669-7-6&#8243; icon_image=\u00bb5890&#8243; title=\u00bb2005&#8243;][vc_column_text css=\u00bb\u00bb]<span style=\"font-weight: 400;\">\u00a0Despu\u00e9s de mejorar sustancialmente nuestro producto, lanzamos la nueva versi\u00f3n de Loyal basada en Java.<\/span>[\/vc_column_text][\/vc_tab][vc_tab show_icon=\u00bbyes\u00bb icon_type=\u00bbimage\u00bb tab_id=\u00bb1683062290405-8-0&#8243; icon_image=\u00bb5890&#8243; title=\u00bb2010&#8243;][vc_column_text css=\u00bb\u00bb]<span style=\"font-weight: 400;\">Hemos ampliado nuestra divisi\u00f3n Loyal PRO, posicion\u00e1ndonos como el proveedor l\u00edder de servicios IT para Equifax Veraz.<\/span>[\/vc_column_text][\/vc_tab][vc_tab show_icon=\u00bbyes\u00bb icon_type=\u00bbimage\u00bb tab_id=\u00bb1683062310445-9-6&#8243; icon_image=\u00bb5893&#8243; title=\u00bb2013&#8243;][vc_column_text css=\u00bb\u00bb]<span style=\"font-weight: 400;\">Consolidamos nuestra identidad como Loyal Solutions y Loyal PRO en servicios profesionales, lanzando al mercado nuestro innovador m\u00f3dulo Loyal KPI para una gesti\u00f3n completa de indicadores.<\/span>[\/vc_column_text][\/vc_tab][vc_tab show_icon=\u00bbyes\u00bb icon_type=\u00bbimage\u00bb tab_id=\u00bb1683062322104-10-10&#8243; icon_image=\u00bb5894&#8243; title=\u00bb2014&#8243;][vc_column_text css=\u00bb\u00bb]<span style=\"font-weight: 400;\">Atendiendo a las necesidades de nuestros clientes, lanzamos el primer Loyal Cloud en colaboraci\u00f3n con Lo Jack.<\/span>[\/vc_column_text][\/vc_tab][vc_tab show_icon=\u00bbyes\u00bb icon_type=\u00bbimage\u00bb tab_id=\u00bb1683062350870-11-7&#8243; icon_image=\u00bb5895&#8243; title=\u00bb2016&#8243;][vc_column_text css=\u00bb\u00bb]<span style=\"font-weight: 400;\">Introdujimos LOYAL GRC, nuestra nueva suite de productos revolucionarios, dise\u00f1ada para optimizar la gesti\u00f3n de riesgos y cumplimiento normativo.<\/span>[\/vc_column_text][\/vc_tab][vc_tab show_icon=\u00bbyes\u00bb icon_type=\u00bbimage\u00bb tab_id=\u00bb1683062369925-12-2&#8243; icon_image=\u00bb5896&#8243; title=\u00bb2020&#8243;][vc_column_text css=\u00bb\u00bb]<span style=\"font-weight: 400;\">Lanzamos la nueva versi\u00f3n de Loyal 6, con un dise\u00f1o innovador y una funcionalidad mejorada.<\/span>[\/vc_column_text][\/vc_tab][vc_tab tab_id=\u00bb1685473044520-13-3&#8243;][\/vc_tab][\/vc_tabs][\/vc_column][\/vc_row]<\/p>\n<\/div>","protected":false},"excerpt":{"rendered":"<p>[vc_row full_width=\u00bbstretch_row\u00bb wrap_container=\u00bbyes\u00bb content_placement=\u00bbtop\u00bb conditional_render=\u00bb%5B%7B%22value_role%22%3A%22administrator%22%7D%5D\u00bb el_class=\u00bbsec-res\u00bb][vc_column width=\u00bb1\/2&#8243;][vc_column_text css=\u00bb\u00bb] Hemos recibido su formulario con \u00e9xito A la brevedad, le estaremos asesorando en base a su consulta. Por favor, preste atenci\u00f3n a su tel\u00e9fono celular o casilla de correo.[\/vc_column_text][\/vc_column][vc_column width=\u00bb1\/2&#8243;][\/vc_column][\/vc_row][vc_row wrap_container=\u00bbyes\u00bb gap=\u00bb20&#8243; is_section=\u00bbyes\u00bb section_skin=\u00bbparallax\u00bb remove_margin_top=\u00bbyes\u00bb remove_margin_bottom=\u00bbyes\u00bb remove_border=\u00bbyes\u00bb conditional_render=\u00bb%5B%7B%22value_role%22%3A%22administrator%22%7D%5D\u00bb el_class=\u00bbsec-res\u00bb][vc_column width=\u00bb1\/4&#8243;][vc_column_text css=\u00bb.vc_custom_1721355377885{padding-top: 30px !important;}\u00bb] 30 A\u00d1OS USUARIOS Somos [&hellip;]<\/p>\n","protected":false},"author":1,"featured_media":-9072,"parent":0,"menu_order":0,"comment_status":"closed","ping_status":"closed","template":"","meta":{"content-type":"","_joinchat":{"telephone":"+541168683016"},"footnotes":""},"class_list":["post-9072","page","type-page","status-publish","has-post-thumbnail","hentry"],"yoast_head":"<!-- This site is optimized with the Yoast SEO plugin v27.5 - https:\/\/yoast.com\/product\/yoast-seo-wordpress\/ -->\n<title>Loyal Solutions - Gracias - Form<\/title>\n<meta name=\"description\" content=\"Loyal Solutions es una empresa que lleva 30 a\u00f1os impulsada a mejorar la gesti\u00f3n corporativa y la calidad de las organizaciones.\" \/>\n<meta name=\"robots\" content=\"index, follow, max-snippet:-1, max-image-preview:large, max-video-preview:-1\" \/>\n<link rel=\"canonical\" href=\"https:\/\/loyal-solutions.com\/es\/gracias-form\/\" \/>\n<meta property=\"og:locale\" content=\"es_ES\" \/>\n<meta property=\"og:type\" content=\"article\" \/>\n<meta property=\"og:title\" content=\"Loyal Solutions - Gracias - Form\" \/>\n<meta property=\"og:description\" content=\"Loyal Solutions es una empresa que lleva 30 a\u00f1os impulsada a mejorar la gesti\u00f3n corporativa y la calidad de las organizaciones.\" \/>\n<meta property=\"og:url\" content=\"https:\/\/loyal-solutions.com\/es\/gracias-form\/\" \/>\n<meta property=\"og:site_name\" content=\"Loyal Solutions\" \/>\n<meta property=\"article:modified_time\" content=\"2025-03-06T17:46:05+00:00\" \/>\n<meta name=\"twitter:card\" content=\"summary_large_image\" \/>\n<meta name=\"twitter:label1\" content=\"Tiempo de lectura\" \/>\n\t<meta name=\"twitter:data1\" content=\"4 minutos\" \/>\n<script type=\"application\/ld+json\" class=\"yoast-schema-graph\">{\"@context\":\"https:\\\/\\\/schema.org\",\"@graph\":[{\"@type\":\"WebPage\",\"@id\":\"https:\\\/\\\/loyal-solutions.com\\\/es\\\/gracias-form\\\/\",\"url\":\"https:\\\/\\\/loyal-solutions.com\\\/es\\\/gracias-form\\\/\",\"name\":\"Loyal Solutions - Gracias - Form\",\"isPartOf\":{\"@id\":\"https:\\\/\\\/loyal-solutions.com\\\/#website\"},\"primaryImageOfPage\":{\"@id\":\"https:\\\/\\\/loyal-solutions.com\\\/es\\\/gracias-form\\\/#primaryimage\"},\"image\":{\"@id\":\"https:\\\/\\\/loyal-solutions.com\\\/es\\\/gracias-form\\\/#primaryimage\"},\"thumbnailUrl\":\"https:\\\/\\\/loyal-solutions.com\\\/wp-content\\\/uploads\\\/2023\\\/06\\\/ISO-9001.png\",\"datePublished\":\"2024-08-06T20:27:54+00:00\",\"dateModified\":\"2025-03-06T17:46:05+00:00\",\"description\":\"Loyal Solutions es una empresa que lleva 30 a\u00f1os impulsada a mejorar la gesti\u00f3n corporativa y la calidad de las organizaciones.\",\"breadcrumb\":{\"@id\":\"https:\\\/\\\/loyal-solutions.com\\\/es\\\/gracias-form\\\/#breadcrumb\"},\"inLanguage\":\"es\",\"potentialAction\":[{\"@type\":\"ReadAction\",\"target\":[\"https:\\\/\\\/loyal-solutions.com\\\/es\\\/gracias-form\\\/\"]}]},{\"@type\":\"ImageObject\",\"inLanguage\":\"es\",\"@id\":\"https:\\\/\\\/loyal-solutions.com\\\/es\\\/gracias-form\\\/#primaryimage\",\"url\":\"https:\\\/\\\/loyal-solutions.com\\\/wp-content\\\/uploads\\\/2023\\\/06\\\/ISO-9001.png\",\"contentUrl\":\"https:\\\/\\\/loyal-solutions.com\\\/wp-content\\\/uploads\\\/2023\\\/06\\\/ISO-9001.png\"},{\"@type\":\"BreadcrumbList\",\"@id\":\"https:\\\/\\\/loyal-solutions.com\\\/es\\\/gracias-form\\\/#breadcrumb\",\"itemListElement\":[{\"@type\":\"ListItem\",\"position\":1,\"name\":\"Portada\",\"item\":\"https:\\\/\\\/loyal-solutions.com\\\/es\\\/\"},{\"@type\":\"ListItem\",\"position\":2,\"name\":\"Gracias &#8211; Form\"}]},{\"@type\":\"WebSite\",\"@id\":\"https:\\\/\\\/loyal-solutions.com\\\/#website\",\"url\":\"https:\\\/\\\/loyal-solutions.com\\\/\",\"name\":\"Loyal Solutions\",\"description\":\"\",\"potentialAction\":[{\"@type\":\"SearchAction\",\"target\":{\"@type\":\"EntryPoint\",\"urlTemplate\":\"https:\\\/\\\/loyal-solutions.com\\\/?s={search_term_string}\"},\"query-input\":{\"@type\":\"PropertyValueSpecification\",\"valueRequired\":true,\"valueName\":\"search_term_string\"}}],\"inLanguage\":\"es\"}]}<\/script>\n<!-- \/ Yoast SEO plugin. -->","yoast_head_json":{"title":"Loyal Solutions - Gracias - Form","description":"Loyal Solutions es una empresa que lleva 30 a\u00f1os impulsada a mejorar la gesti\u00f3n corporativa y la calidad de las organizaciones.","robots":{"index":"index","follow":"follow","max-snippet":"max-snippet:-1","max-image-preview":"max-image-preview:large","max-video-preview":"max-video-preview:-1"},"canonical":"https:\/\/loyal-solutions.com\/es\/gracias-form\/","og_locale":"es_ES","og_type":"article","og_title":"Loyal Solutions - Gracias - Form","og_description":"Loyal Solutions es una empresa que lleva 30 a\u00f1os impulsada a mejorar la gesti\u00f3n corporativa y la calidad de las organizaciones.","og_url":"https:\/\/loyal-solutions.com\/es\/gracias-form\/","og_site_name":"Loyal Solutions","article_modified_time":"2025-03-06T17:46:05+00:00","twitter_card":"summary_large_image","twitter_misc":{"Tiempo de lectura":"4 minutos"},"schema":{"@context":"https:\/\/schema.org","@graph":[{"@type":"WebPage","@id":"https:\/\/loyal-solutions.com\/es\/gracias-form\/","url":"https:\/\/loyal-solutions.com\/es\/gracias-form\/","name":"Loyal Solutions - Gracias - Form","isPartOf":{"@id":"https:\/\/loyal-solutions.com\/#website"},"primaryImageOfPage":{"@id":"https:\/\/loyal-solutions.com\/es\/gracias-form\/#primaryimage"},"image":{"@id":"https:\/\/loyal-solutions.com\/es\/gracias-form\/#primaryimage"},"thumbnailUrl":"https:\/\/loyal-solutions.com\/wp-content\/uploads\/2023\/06\/ISO-9001.png","datePublished":"2024-08-06T20:27:54+00:00","dateModified":"2025-03-06T17:46:05+00:00","description":"Loyal Solutions es una empresa que lleva 30 a\u00f1os impulsada a mejorar la gesti\u00f3n corporativa y la calidad de las organizaciones.","breadcrumb":{"@id":"https:\/\/loyal-solutions.com\/es\/gracias-form\/#breadcrumb"},"inLanguage":"es","potentialAction":[{"@type":"ReadAction","target":["https:\/\/loyal-solutions.com\/es\/gracias-form\/"]}]},{"@type":"ImageObject","inLanguage":"es","@id":"https:\/\/loyal-solutions.com\/es\/gracias-form\/#primaryimage","url":"https:\/\/loyal-solutions.com\/wp-content\/uploads\/2023\/06\/ISO-9001.png","contentUrl":"https:\/\/loyal-solutions.com\/wp-content\/uploads\/2023\/06\/ISO-9001.png"},{"@type":"BreadcrumbList","@id":"https:\/\/loyal-solutions.com\/es\/gracias-form\/#breadcrumb","itemListElement":[{"@type":"ListItem","position":1,"name":"Portada","item":"https:\/\/loyal-solutions.com\/es\/"},{"@type":"ListItem","position":2,"name":"Gracias &#8211; Form"}]},{"@type":"WebSite","@id":"https:\/\/loyal-solutions.com\/#website","url":"https:\/\/loyal-solutions.com\/","name":"Loyal Solutions","description":"","potentialAction":[{"@type":"SearchAction","target":{"@type":"EntryPoint","urlTemplate":"https:\/\/loyal-solutions.com\/?s={search_term_string}"},"query-input":{"@type":"PropertyValueSpecification","valueRequired":true,"valueName":"search_term_string"}}],"inLanguage":"es"}]}},"_links":{"self":[{"href":"https:\/\/loyal-solutions.com\/es\/wp-json\/wp\/v2\/pages\/9072","targetHints":{"allow":["GET"]}}],"collection":[{"href":"https:\/\/loyal-solutions.com\/es\/wp-json\/wp\/v2\/pages"}],"about":[{"href":"https:\/\/loyal-solutions.com\/es\/wp-json\/wp\/v2\/types\/page"}],"author":[{"embeddable":true,"href":"https:\/\/loyal-solutions.com\/es\/wp-json\/wp\/v2\/users\/1"}],"replies":[{"embeddable":true,"href":"https:\/\/loyal-solutions.com\/es\/wp-json\/wp\/v2\/comments?post=9072"}],"version-history":[{"count":0,"href":"https:\/\/loyal-solutions.com\/es\/wp-json\/wp\/v2\/pages\/9072\/revisions"}],"wp:featuredmedia":[{"embeddable":true,"href":"https:\/\/loyal-solutions.com\/es\/wp-json\/"}],"wp:attachment":[{"href":"https:\/\/loyal-solutions.com\/es\/wp-json\/wp\/v2\/media?parent=9072"}],"curies":[{"name":"wp","href":"https:\/\/api.w.org\/{rel}","templated":true}]}}