{"id":5978,"date":"2023-04-27T03:10:49","date_gmt":"2023-04-27T06:10:49","guid":{"rendered":"https:\/\/loyal-solutions.com\/?page_id=5978"},"modified":"2025-03-21T03:53:27","modified_gmt":"2025-03-21T06:53:27","slug":"socios","status":"publish","type":"page","link":"https:\/\/loyal-solutions.com\/es\/socios\/","title":{"rendered":"Socios"},"content":{"rendered":"<div class=\"wpb-content-wrapper\"><p>[vc_row full_width=\u00bbstretch_row_content_no_spaces\u00bb conditional_render=\u00bb%5B%7B%22value_role%22%3A%22administrator%22%7D%5D\u00bb][vc_column]<div class=\"porto-ultimate-content-box-container padlat\"><div class=\"porto-ultimate-content-box has-content-pos justify-content-center porto_ucb_e35a9346cd70594d63c013acc42ebe9d\" style=\"background-image:url(&#039;https:\/\/loyal-solutions.com\/wp-content\/uploads\/2023\/05\/Parceiros.jpg&#039;);background-size: cover;background-repeat: repeat;background-position: center center;background-color: rgba(0, 0, 0, 0);min-height:400px;\">[vc_row_inner content_placement=\u00bbmiddle\u00bb el_class=\u00bbsec-res\u00bb][vc_column_inner width=\u00bb1\/2&#8243;][vc_column_text]<\/p>\n<h1 class=\"banner_title\">Ser un socio<\/h1>\n<p>[\/vc_column_text][vc_separator color=\u00bbblack\u00bb align=\u00bbalign_left\u00bb border_width=\u00bb4&#8243; el_width=\u00bb10&#8243; style=\u00bbsolid\u00bb][\/vc_column_inner][vc_column_inner width=\u00bb1\/2&#8243;][vc_column_text css=\u00bb.vc_custom_1683549963714{margin-bottom: 20px !important;padding-top: 10px !important;padding-right: 10px !important;padding-bottom: 10px !important;padding-left: 10px !important;}\u00bb][\/vc_column_text][vc_column_text css=\u00bb.vc_custom_1709130766147{margin-bottom: 0px !important;}\u00bb el_class=\u00bbparceiros\u00bb]<\/p>\n<h3><strong>Beneficios<\/strong><\/h3>\n<ul>\n<li>Acceso a Loyal con una licencia completa<\/li>\n<li>Formaci\u00f3n empresarial y funcional<\/li>\n<li>Ejecuci\u00f3n e implementaci\u00f3n junto con nuestro equipo<\/li>\n<li>Seminarios web gratuitos en conjunto con Loyal<\/li>\n<li>Presencia en la web de Loyal Solutions<\/li>\n<li>Marketing compartido<\/li>\n<li>Entrega de material promocional gratuito<\/li>\n<\/ul>\n<p>[\/vc_column_text][\/vc_column_inner][\/vc_row_inner]<\/div><\/div>[\/vc_column][\/vc_row][vc_row wrap_container=\u00bbyes\u00bb conditional_render=\u00bb%5B%7B%22value_role%22%3A%22administrator%22%7D%5D\u00bb el_class=\u00bbsec-res\u00bb][vc_column width=\u00bb2\/3&#8243;][vc_row_inner gap=\u00bb30&#8243; content_placement=\u00bbtop\u00bb el_class=\u00bbpartners-details sec-res\u00bb][vc_column_inner width=\u00bb1\/3&#8243;][vc_single_image image=\u00bb8306&#8243; img_size=\u00bbfull\u00bb alignment=\u00bbcenter\u00bb][\/vc_column_inner][vc_column_inner width=\u00bb2\/3&#8243;][vc_column_text css=\u00bb.vc_custom_1703189766018{margin-bottom: 20px !important;}\u00bb]<\/p>\n<h2>ELEVAR &#8211; Gesti\u00f3n de la Calidad<\/h2>\n<p>Servicios de gesti\u00f3n, t\u00e9cnicos, metrol\u00f3gicos, de formaci\u00f3n y de auditor\u00eda.[\/vc_column_text][vc_toggle title=\u00bbVER M\u00c1S\u00bb]Elevar es una empresa formada por profesionales con m\u00e1s de 13 a\u00f1os de experiencia en la implementaci\u00f3n de sistemas de gesti\u00f3n de calidad basados en la norma ISO\/IEC 17025.<\/p>\n<p>Nuestros valores se centran en el respeto, la confidencialidad y el compromiso profesional hacia nuestros clientes. Creemos en la importancia de la formaci\u00f3n continua para garantizar una competencia s\u00f3lida en el mercado actual de sistemas de calidad.<\/p>\n<p><a href=\"http:\/\/www.elevar.com.ar\/\">http:\/\/www.elevar.com.ar\/<\/a>[\/vc_toggle][\/vc_column_inner][\/vc_row_inner][vc_row_inner gap=\u00bb30&#8243; content_placement=\u00bbtop\u00bb el_class=\u00bbpartners-details sec-res\u00bb][vc_column_inner width=\u00bb1\/3&#8243;][vc_single_image image=\u00bb8287&#8243; img_size=\u00bbfull\u00bb alignment=\u00bbcenter\u00bb][\/vc_column_inner][vc_column_inner width=\u00bb2\/3&#8243;][vc_column_text css=\u00bb.vc_custom_1709936856427{margin-bottom: 20px !important;}\u00bb]<\/p>\n<h2>EL PORTAL DE INOCUIDAD<\/h2>\n<p>Somos un\u00a0<a href=\"https:\/\/www.portaldeinocuidad.com\/web\/equipo\/\" data-type=\"page\" data-id=\"1643\">equipo multidisciplinario<\/a> que ofrece <strong>asesoramiento cient\u00edfico-t\u00e9cnico, capacitaci\u00f3n y acompa\u00f1amiento integral<\/strong> a empresas y profesionales del sector alimentario para:[\/vc_column_text][vc_toggle title=\u00bbVER M\u00c1S\u00bb]<\/p>\n<ul>\n<li>Realizamos la implementaci\u00f3n, optimizaci\u00f3n y documentaci\u00f3n de sistemas de gesti\u00f3n y aseguramiento de la calidad, como BPM, HACCP, POES, GIP, entre otros. Tambi\u00e9n nos encargamos de todos los procesos, procedimientos y actividades asociadas, como muestreos, validaciones, monitoreos, auditor\u00edas y certificaciones.<\/li>\n<li>Adem\u00e1s, ofrecemos servicios de implementaci\u00f3n para la certificaci\u00f3n o re-certificaci\u00f3n seg\u00fan normativas alimentarias locales, internacionales o de clientes.<\/li>\n<\/ul>\n<ul>\n<li>Asimismo, planificamos construcciones, ampliaciones y adecuaciones edilicias conforme a los requisitos sanitarios establecidos por diferentes pa\u00edses.<\/li>\n<\/ul>\n<p><a href=\"https:\/\/www.portaldeinocuidad.com\/\">https:\/\/www.portaldeinocuidad.com\/<\/a>[\/vc_toggle][\/vc_column_inner][\/vc_row_inner][vc_row_inner gap=\u00bb30&#8243; content_placement=\u00bbtop\u00bb el_class=\u00bbpartners-details sec-res\u00bb][vc_column_inner width=\u00bb1\/3&#8243;][vc_single_image image=\u00bb8523&#8243; img_size=\u00bbfull\u00bb alignment=\u00bbcenter\u00bb][\/vc_column_inner][vc_column_inner width=\u00bb2\/3&#8243;][vc_column_text css=\u00bb.vc_custom_1709937095342{margin-bottom: 20px !important;}\u00bb]<\/p>\n<h2>cGMPdoc &#8211;\u00a0 Asesoramiento en Sistemas de Calidad<\/h2>\n<p>Somos una empresa que ofrece <a href=\"https:\/\/www.cgmpdoc.com\/quienes-somos\"><strong>servicios y asesoramiento<\/strong><\/a>\u00a0a <strong>clientes nacionales e internacionales<\/strong> en las industrias farmac\u00e9utica, veterinaria, alimenticia y cosm\u00e9tica.<\/p>\n<p>Nuestro equipo est\u00e1 formado por profesionales con amplia experiencia en temas y normativas de Aseguramiento de la Calidad, tanto a nivel nacional como internacional, obtenida en compa\u00f1\u00edas locales y multinacionales.[\/vc_column_text][vc_toggle title=\u00bbVER M\u00c1S\u00bb]<\/p>\n<ul>\n<li>ISO 9001:2015<\/li>\n<li>Auditoria | Consultor\u00eda<\/li>\n<li>Documentaci\u00f3n<\/li>\n<li>Capacitaciones<\/li>\n<li>Talleres en l\u00ednea o en la empresa<\/li>\n<li>Implementaci\u00f3n de Procesos de Calidad<\/li>\n<li>Validaciones<\/li>\n<\/ul>\n<p><a href=\"https:\/\/www.cgmpdoc.com\/\">https:\/\/www.cgmpdoc.com\/<\/a>[\/vc_toggle][\/vc_column_inner][\/vc_row_inner][vc_row_inner gap=\u00bb30&#8243; content_placement=\u00bbtop\u00bb el_class=\u00bbpartners-details sec-res\u00bb][vc_column_inner width=\u00bb1\/3&#8243;][vc_single_image image=\u00bb8627&#8243; img_size=\u00bbfull\u00bb alignment=\u00bbcenter\u00bb][\/vc_column_inner][vc_column_inner width=\u00bb2\/3&#8243;][vc_column_text css=\u00bb.vc_custom_1709937160729{margin-bottom: 20px !important;}\u00bb]<\/p>\n<h2>CONSULTAL &#8211;\u00a0 Consultor\u00eda en Gesti\u00f3n de Calidad y Gestor\u00eda en Alimentos<\/h2>\n<p><a href=\"https:\/\/www.linkedin.com\/company\/consultal-consultor%C3%ADa-en-gesti%C3%B3n-de-calidad-gestor%C3%ADa-en-alimentos\/\">Consultal<\/a> es una empresa especializada en asesoramiento, gesti\u00f3n, formaci\u00f3n y auditor\u00eda en materia de Gesti\u00f3n de la Calidad e Implementaci\u00f3n de Normas.[\/vc_column_text][vc_toggle title=\u00bbVER M\u00c1S\u00bb]<\/p>\n<ul>\n<li>Gestor\u00eda de tr\u00e1mites para registros en la industria alimenticia (RNPA)<\/li>\n<li>Asesor\u00eda y Formaci\u00f3n en implementaci\u00f3n de normas y gesti\u00f3n de calidad<\/li>\n<li>Servicio de Auditor\u00edas<\/li>\n<\/ul>\n<p><a href=\"https:\/\/www.linkedin.com\/company\/consultal-consultor%C3%ADa-en-gesti%C3%B3n-de-calidad-gestor%C3%ADa-en-alimentos\/\">Consultal<\/a>[\/vc_toggle][\/vc_column_inner][\/vc_row_inner][\/vc_column][vc_column width=\u00bb1\/3&#8243;][vc_column_text]\u00bfEST\u00c1 INTERESADO EN SER NUESTRO SOCIO?<\/p>\n<p>PARA M\u00c1S INFORMACI\u00d3N, COMPLETE EL FORMULARIO Y PRONTO NOS CONTACTAREMOS CON USTED.[\/vc_column_text][vc_raw_js]JTNDc2NyaXB0JTIwY2hhcnNldCUzRCUyMnV0Zi04JTIyJTIwdHlwZSUzRCUyMnRleHQlMkZqYXZhc2NyaXB0JTIyJTIwc3JjJTNEJTIyJTJGJTJGanMuaHNmb3Jtcy5uZXQlMkZmb3JtcyUyRmVtYmVkJTJGdjIuanMlMjIlM0UlM0MlMkZzY3JpcHQlM0UlMEElM0NzY3JpcHQlM0UlMEElMjAlMjBoYnNwdC5mb3Jtcy5jcmVhdGUlMjglN0IlMEElMjAlMjAlMjAlMjBwb3J0YWxJZCUzQSUyMCUyMjQ3NDIzNDMxJTIyJTJDJTBBJTIwJTIwJTIwJTIwZm9ybUlkJTNBJTIwJTIyZDk1Y2EzYjItZmFhYi00N2FhLWFmZTUtZGEyMWRkZjU4YTE2JTIyJTBBJTIwJTIwJTdEJTI5JTNCJTBBJTNDJTJGc2NyaXB0JTNF[\/vc_raw_js][\/vc_column][\/vc_row][vc_row][vc_column][vc_raw_js]JTNDc2NyaXB0JTNFJTI4ZnVuY3Rpb24lMjh3JTJDJTIwZCUyOSUyMCU3QiUyMHcuQ29sbGVjdElkJTIwJTNEJTIwJTIyNjdjZDEyNTAxZjU5YjFjYmVjOGFjMDY2JTIyJTNCJTIwdmFyJTIwaCUyMCUzRCUyMGQuaGVhZCUyMCU3QyU3QyUyMGQuZ2V0RWxlbWVudHNCeVRhZ05hbWUlMjglMjJoZWFkJTIyJTI5JTVCMCU1RCUzQiUyMHZhciUyMHMlMjAlM0QlMjBkLmNyZWF0ZUVsZW1lbnQlMjglMjJzY3JpcHQlMjIlMjklM0IlMjBzLnNldEF0dHJpYnV0ZSUyOCUyMnR5cGUlMjIlMkMlMjAlMjJ0ZXh0JTJGamF2YXNjcmlwdCUyMiUyOSUzQiUyMHMuYXN5bmMlM0R0cnVlJTNCJTIwcy5zZXRBdHRyaWJ1dGUlMjglMjJzcmMlMjIlMkMlMjAlMjJodHRwcyUzQSUyRiUyRmNvbGxlY3RjZG4uY29tJTJGbGF1bmNoZXIuanMlMjIlMjklM0IlMjBoLmFwcGVuZENoaWxkJTI4cyUyOSUzQiUyMCU3RCUyOSUyOHdpbmRvdyUyQyUyMGRvY3VtZW50JTI5JTNCJTNDJTJGc2NyaXB0JTNF[\/vc_raw_js][\/vc_column][\/vc_row]<\/p>\n<\/div>","protected":false},"excerpt":{"rendered":"<p>[vc_row full_width=\u00bbstretch_row_content_no_spaces\u00bb conditional_render=\u00bb%5B%7B%22value_role%22%3A%22administrator%22%7D%5D\u00bb][vc_column][\/vc_column][\/vc_row][vc_row wrap_container=\u00bbyes\u00bb conditional_render=\u00bb%5B%7B%22value_role%22%3A%22administrator%22%7D%5D\u00bb el_class=\u00bbsec-res\u00bb][vc_column width=\u00bb2\/3&#8243;][vc_row_inner gap=\u00bb30&#8243; content_placement=\u00bbtop\u00bb el_class=\u00bbpartners-details sec-res\u00bb][vc_column_inner width=\u00bb1\/3&#8243;][vc_single_image image=\u00bb8306&#8243; img_size=\u00bbfull\u00bb alignment=\u00bbcenter\u00bb][\/vc_column_inner][vc_column_inner width=\u00bb2\/3&#8243;][vc_column_text css=\u00bb.vc_custom_1703189766018{margin-bottom: 20px !important;}\u00bb] ELEVAR &#8211; Gesti\u00f3n de la Calidad Servicios de gesti\u00f3n, t\u00e9cnicos, metrol\u00f3gicos, de formaci\u00f3n y de auditor\u00eda.[\/vc_column_text][vc_toggle title=\u00bbVER M\u00c1S\u00bb]Elevar es una empresa formada por profesionales con m\u00e1s de 13 a\u00f1os de experiencia en la implementaci\u00f3n de sistemas [&hellip;]<\/p>\n","protected":false},"author":1,"featured_media":0,"parent":0,"menu_order":0,"comment_status":"closed","ping_status":"closed","template":"","meta":{"content-type":"","_joinchat":{"telephone":"+541168683016","message_text":"Hola \u00bfC\u00f3mo podemos ayudarlo?"},"footnotes":""},"class_list":["post-5978","page","type-page","status-publish","hentry"],"yoast_head":"<!-- This site is optimized with the Yoast SEO plugin v27.4 - https:\/\/yoast.com\/product\/yoast-seo-wordpress\/ -->\n<title>Socios - Loyal Solutions<\/title>\n<meta name=\"robots\" content=\"index, follow, max-snippet:-1, max-image-preview:large, max-video-preview:-1\" \/>\n<link rel=\"canonical\" href=\"https:\/\/loyal-solutions.com\/es\/socios\/\" \/>\n<meta property=\"og:locale\" content=\"es_ES\" \/>\n<meta property=\"og:type\" content=\"article\" \/>\n<meta property=\"og:title\" content=\"Socios - Loyal Solutions\" \/>\n<meta property=\"og:description\" content=\"[vc_row full_width=\u00bbstretch_row_content_no_spaces\u00bb conditional_render=\u00bb%5B%7B%22value_role%22%3A%22administrator%22%7D%5D\u00bb][vc_column][\/vc_column][\/vc_row][vc_row wrap_container=\u00bbyes\u00bb conditional_render=\u00bb%5B%7B%22value_role%22%3A%22administrator%22%7D%5D\u00bb el_class=\u00bbsec-res\u00bb][vc_column width=\u00bb2\/3&#8243;][vc_row_inner gap=\u00bb30&#8243; content_placement=\u00bbtop\u00bb el_class=\u00bbpartners-details sec-res\u00bb][vc_column_inner width=\u00bb1\/3&#8243;][vc_single_image image=\u00bb8306&#8243; img_size=\u00bbfull\u00bb alignment=\u00bbcenter\u00bb][\/vc_column_inner][vc_column_inner width=\u00bb2\/3&#8243;][vc_column_text css=\u00bb.vc_custom_1703189766018{margin-bottom: 20px !important;}\u00bb] ELEVAR &#8211; Gesti\u00f3n de la Calidad Servicios de gesti\u00f3n, t\u00e9cnicos, metrol\u00f3gicos, de formaci\u00f3n y de auditor\u00eda.[\/vc_column_text][vc_toggle title=\u00bbVER M\u00c1S\u00bb]Elevar es una empresa formada por profesionales con m\u00e1s de 13 a\u00f1os de experiencia en la implementaci\u00f3n de sistemas [&hellip;]\" \/>\n<meta property=\"og:url\" content=\"https:\/\/loyal-solutions.com\/es\/socios\/\" \/>\n<meta property=\"og:site_name\" content=\"Loyal Solutions\" \/>\n<meta property=\"article:modified_time\" content=\"2025-03-21T06:53:27+00:00\" \/>\n<meta name=\"twitter:card\" content=\"summary_large_image\" \/>\n<meta name=\"twitter:label1\" content=\"Tiempo de lectura\" \/>\n\t<meta name=\"twitter:data1\" content=\"3 minutos\" \/>\n<script type=\"application\/ld+json\" class=\"yoast-schema-graph\">{\"@context\":\"https:\\\/\\\/schema.org\",\"@graph\":[{\"@type\":\"WebPage\",\"@id\":\"https:\\\/\\\/loyal-solutions.com\\\/es\\\/socios\\\/\",\"url\":\"https:\\\/\\\/loyal-solutions.com\\\/es\\\/socios\\\/\",\"name\":\"Socios - Loyal Solutions\",\"isPartOf\":{\"@id\":\"https:\\\/\\\/loyal-solutions.com\\\/#website\"},\"datePublished\":\"2023-04-27T06:10:49+00:00\",\"dateModified\":\"2025-03-21T06:53:27+00:00\",\"breadcrumb\":{\"@id\":\"https:\\\/\\\/loyal-solutions.com\\\/es\\\/socios\\\/#breadcrumb\"},\"inLanguage\":\"es\",\"potentialAction\":[{\"@type\":\"ReadAction\",\"target\":[\"https:\\\/\\\/loyal-solutions.com\\\/es\\\/socios\\\/\"]}]},{\"@type\":\"BreadcrumbList\",\"@id\":\"https:\\\/\\\/loyal-solutions.com\\\/es\\\/socios\\\/#breadcrumb\",\"itemListElement\":[{\"@type\":\"ListItem\",\"position\":1,\"name\":\"Portada\",\"item\":\"https:\\\/\\\/loyal-solutions.com\\\/es\\\/\"},{\"@type\":\"ListItem\",\"position\":2,\"name\":\"Socios\"}]},{\"@type\":\"WebSite\",\"@id\":\"https:\\\/\\\/loyal-solutions.com\\\/#website\",\"url\":\"https:\\\/\\\/loyal-solutions.com\\\/\",\"name\":\"Loyal Solutions\",\"description\":\"\",\"potentialAction\":[{\"@type\":\"SearchAction\",\"target\":{\"@type\":\"EntryPoint\",\"urlTemplate\":\"https:\\\/\\\/loyal-solutions.com\\\/?s={search_term_string}\"},\"query-input\":{\"@type\":\"PropertyValueSpecification\",\"valueRequired\":true,\"valueName\":\"search_term_string\"}}],\"inLanguage\":\"es\"}]}<\/script>\n<!-- \/ Yoast SEO plugin. -->","yoast_head_json":{"title":"Socios - Loyal Solutions","robots":{"index":"index","follow":"follow","max-snippet":"max-snippet:-1","max-image-preview":"max-image-preview:large","max-video-preview":"max-video-preview:-1"},"canonical":"https:\/\/loyal-solutions.com\/es\/socios\/","og_locale":"es_ES","og_type":"article","og_title":"Socios - Loyal Solutions","og_description":"[vc_row full_width=\u00bbstretch_row_content_no_spaces\u00bb conditional_render=\u00bb%5B%7B%22value_role%22%3A%22administrator%22%7D%5D\u00bb][vc_column][\/vc_column][\/vc_row][vc_row wrap_container=\u00bbyes\u00bb conditional_render=\u00bb%5B%7B%22value_role%22%3A%22administrator%22%7D%5D\u00bb el_class=\u00bbsec-res\u00bb][vc_column width=\u00bb2\/3&#8243;][vc_row_inner gap=\u00bb30&#8243; content_placement=\u00bbtop\u00bb el_class=\u00bbpartners-details sec-res\u00bb][vc_column_inner width=\u00bb1\/3&#8243;][vc_single_image image=\u00bb8306&#8243; img_size=\u00bbfull\u00bb alignment=\u00bbcenter\u00bb][\/vc_column_inner][vc_column_inner width=\u00bb2\/3&#8243;][vc_column_text css=\u00bb.vc_custom_1703189766018{margin-bottom: 20px !important;}\u00bb] ELEVAR &#8211; Gesti\u00f3n de la Calidad Servicios de gesti\u00f3n, t\u00e9cnicos, metrol\u00f3gicos, de formaci\u00f3n y de auditor\u00eda.[\/vc_column_text][vc_toggle title=\u00bbVER M\u00c1S\u00bb]Elevar es una empresa formada por profesionales con m\u00e1s de 13 a\u00f1os de experiencia en la implementaci\u00f3n de sistemas [&hellip;]","og_url":"https:\/\/loyal-solutions.com\/es\/socios\/","og_site_name":"Loyal Solutions","article_modified_time":"2025-03-21T06:53:27+00:00","twitter_card":"summary_large_image","twitter_misc":{"Tiempo de lectura":"3 minutos"},"schema":{"@context":"https:\/\/schema.org","@graph":[{"@type":"WebPage","@id":"https:\/\/loyal-solutions.com\/es\/socios\/","url":"https:\/\/loyal-solutions.com\/es\/socios\/","name":"Socios - Loyal Solutions","isPartOf":{"@id":"https:\/\/loyal-solutions.com\/#website"},"datePublished":"2023-04-27T06:10:49+00:00","dateModified":"2025-03-21T06:53:27+00:00","breadcrumb":{"@id":"https:\/\/loyal-solutions.com\/es\/socios\/#breadcrumb"},"inLanguage":"es","potentialAction":[{"@type":"ReadAction","target":["https:\/\/loyal-solutions.com\/es\/socios\/"]}]},{"@type":"BreadcrumbList","@id":"https:\/\/loyal-solutions.com\/es\/socios\/#breadcrumb","itemListElement":[{"@type":"ListItem","position":1,"name":"Portada","item":"https:\/\/loyal-solutions.com\/es\/"},{"@type":"ListItem","position":2,"name":"Socios"}]},{"@type":"WebSite","@id":"https:\/\/loyal-solutions.com\/#website","url":"https:\/\/loyal-solutions.com\/","name":"Loyal Solutions","description":"","potentialAction":[{"@type":"SearchAction","target":{"@type":"EntryPoint","urlTemplate":"https:\/\/loyal-solutions.com\/?s={search_term_string}"},"query-input":{"@type":"PropertyValueSpecification","valueRequired":true,"valueName":"search_term_string"}}],"inLanguage":"es"}]}},"_links":{"self":[{"href":"https:\/\/loyal-solutions.com\/es\/wp-json\/wp\/v2\/pages\/5978","targetHints":{"allow":["GET"]}}],"collection":[{"href":"https:\/\/loyal-solutions.com\/es\/wp-json\/wp\/v2\/pages"}],"about":[{"href":"https:\/\/loyal-solutions.com\/es\/wp-json\/wp\/v2\/types\/page"}],"author":[{"embeddable":true,"href":"https:\/\/loyal-solutions.com\/es\/wp-json\/wp\/v2\/users\/1"}],"replies":[{"embeddable":true,"href":"https:\/\/loyal-solutions.com\/es\/wp-json\/wp\/v2\/comments?post=5978"}],"version-history":[{"count":0,"href":"https:\/\/loyal-solutions.com\/es\/wp-json\/wp\/v2\/pages\/5978\/revisions"}],"wp:attachment":[{"href":"https:\/\/loyal-solutions.com\/es\/wp-json\/wp\/v2\/media?parent=5978"}],"curies":[{"name":"wp","href":"https:\/\/api.w.org\/{rel}","templated":true}]}}