{"id":2476,"date":"2016-06-14T06:36:54","date_gmt":"2016-06-14T06:36:54","guid":{"rendered":"http:\/\/sw-themes.com\/porto_dummy\/?page_id=75"},"modified":"2025-03-21T03:54:18","modified_gmt":"2025-03-21T06:54:18","slug":"contacto-con-nosotros","status":"publish","type":"page","link":"https:\/\/loyal-solutions.com\/es\/contacto-con-nosotros\/","title":{"rendered":"Contacto con Nosotros"},"content":{"rendered":"<div class=\"wpb-content-wrapper\"><p>[vc_row][vc_column][vc_column_text css=\u00bb\u00bb]<\/p>\n<h2 style=\"text-align: center;\"><span style=\"color: #00adef;\">Consultas<\/span><\/h2>\n<p style=\"text-align: center;\">Para obtener m\u00e1s informaci\u00f3n o solicitar una presentaci\u00f3n, p\u00f3ngase en contacto con nosotros.<\/p>\n<p>[\/vc_column_text][vc_raw_js]JTNDc2NyaXB0JTIwY2hhcnNldCUzRCUyMnV0Zi04JTIyJTIwdHlwZSUzRCUyMnRleHQlMkZqYXZhc2NyaXB0JTIyJTIwc3JjJTNEJTIyJTJGJTJGanMuaHNmb3Jtcy5uZXQlMkZmb3JtcyUyRmVtYmVkJTJGdjIuanMlMjIlM0UlM0MlMkZzY3JpcHQlM0UlMEElM0NzY3JpcHQlM0UlMEElMjAlMjBoYnNwdC5mb3Jtcy5jcmVhdGUlMjglN0IlMEElMjAlMjAlMjAlMjBwb3J0YWxJZCUzQSUyMCUyMjQ3NDIzNDMxJTIyJTJDJTBBJTIwJTIwJTIwJTIwZm9ybUlkJTNBJTIwJTIyZDk1Y2EzYjItZmFhYi00N2FhLWFmZTUtZGEyMWRkZjU4YTE2JTIyJTBBJTIwJTIwJTdEJTI5JTNCJTBBJTNDJTJGc2NyaXB0JTNF[\/vc_raw_js][\/vc_column][\/vc_row][vc_row][vc_column][vc_raw_js]JTNDc2NyaXB0JTNFJTI4ZnVuY3Rpb24lMjh3JTJDJTIwZCUyOSUyMCU3QiUyMHcuQ29sbGVjdElkJTIwJTNEJTIwJTIyNjdjZDEyNTAxZjU5YjFjYmVjOGFjMDY2JTIyJTNCJTIwdmFyJTIwaCUyMCUzRCUyMGQuaGVhZCUyMCU3QyU3QyUyMGQuZ2V0RWxlbWVudHNCeVRhZ05hbWUlMjglMjJoZWFkJTIyJTI5JTVCMCU1RCUzQiUyMHZhciUyMHMlMjAlM0QlMjBkLmNyZWF0ZUVsZW1lbnQlMjglMjJzY3JpcHQlMjIlMjklM0IlMjBzLnNldEF0dHJpYnV0ZSUyOCUyMnR5cGUlMjIlMkMlMjAlMjJ0ZXh0JTJGamF2YXNjcmlwdCUyMiUyOSUzQiUyMHMuYXN5bmMlM0R0cnVlJTNCJTIwcy5zZXRBdHRyaWJ1dGUlMjglMjJzcmMlMjIlMkMlMjAlMjJodHRwcyUzQSUyRiUyRmNvbGxlY3RjZG4uY29tJTJGbGF1bmNoZXIuanMlMjIlMjklM0IlMjBoLmFwcGVuZENoaWxkJTI4cyUyOSUzQiUyMCU3RCUyOSUyOHdpbmRvdyUyQyUyMGRvY3VtZW50JTI5JTNCJTNDJTJGc2NyaXB0JTNF[\/vc_raw_js][\/vc_column][\/vc_row]<\/p>\n<\/div>","protected":false},"excerpt":{"rendered":"<p>[vc_row][vc_column][vc_column_text css=\u00bb\u00bb] Consultas Para obtener m\u00e1s informaci\u00f3n o solicitar una presentaci\u00f3n, p\u00f3ngase en contacto con nosotros. [\/vc_column_text][vc_raw_js]JTNDc2NyaXB0JTIwY2hhcnNldCUzRCUyMnV0Zi04JTIyJTIwdHlwZSUzRCUyMnRleHQlMkZqYXZhc2NyaXB0JTIyJTIwc3JjJTNEJTIyJTJGJTJGanMuaHNmb3Jtcy5uZXQlMkZmb3JtcyUyRmVtYmVkJTJGdjIuanMlMjIlM0UlM0MlMkZzY3JpcHQlM0UlMEElM0NzY3JpcHQlM0UlMEElMjAlMjBoYnNwdC5mb3Jtcy5jcmVhdGUlMjglN0IlMEElMjAlMjAlMjAlMjBwb3J0YWxJZCUzQSUyMCUyMjQ3NDIzNDMxJTIyJTJDJTBBJTIwJTIwJTIwJTIwZm9ybUlkJTNBJTIwJTIyZDk1Y2EzYjItZmFhYi00N2FhLWFmZTUtZGEyMWRkZjU4YTE2JTIyJTBBJTIwJTIwJTdEJTI5JTNCJTBBJTNDJTJGc2NyaXB0JTNF[\/vc_raw_js][\/vc_column][\/vc_row][vc_row][vc_column][vc_raw_js]JTNDc2NyaXB0JTNFJTI4ZnVuY3Rpb24lMjh3JTJDJTIwZCUyOSUyMCU3QiUyMHcuQ29sbGVjdElkJTIwJTNEJTIwJTIyNjdjZDEyNTAxZjU5YjFjYmVjOGFjMDY2JTIyJTNCJTIwdmFyJTIwaCUyMCUzRCUyMGQuaGVhZCUyMCU3QyU3QyUyMGQuZ2V0RWxlbWVudHNCeVRhZ05hbWUlMjglMjJoZWFkJTIyJTI5JTVCMCU1RCUzQiUyMHZhciUyMHMlMjAlM0QlMjBkLmNyZWF0ZUVsZW1lbnQlMjglMjJzY3JpcHQlMjIlMjklM0IlMjBzLnNldEF0dHJpYnV0ZSUyOCUyMnR5cGUlMjIlMkMlMjAlMjJ0ZXh0JTJGamF2YXNjcmlwdCUyMiUyOSUzQiUyMHMuYXN5bmMlM0R0cnVlJTNCJTIwcy5zZXRBdHRyaWJ1dGUlMjglMjJzcmMlMjIlMkMlMjAlMjJodHRwcyUzQSUyRiUyRmNvbGxlY3RjZG4uY29tJTJGbGF1bmNoZXIuanMlMjIlMjklM0IlMjBoLmFwcGVuZENoaWxkJTI4cyUyOSUzQiUyMCU3RCUyOSUyOHdpbmRvdyUyQyUyMGRvY3VtZW50JTI5JTNCJTNDJTJGc2NyaXB0JTNF[\/vc_raw_js][\/vc_column][\/vc_row]<\/p>\n","protected":false},"author":1,"featured_media":0,"parent":0,"menu_order":0,"comment_status":"closed","ping_status":"closed","template":"","meta":{"content-type":"","_joinchat":{"telephone":"+541168683016"},"footnotes":""},"class_list":["post-2476","page","type-page","status-publish","hentry"],"yoast_head":"<!-- This site is optimized with the Yoast SEO plugin v27.4 - https:\/\/yoast.com\/product\/yoast-seo-wordpress\/ -->\n<title>Contacto con Nosotros - Loyal Solutions<\/title>\n<meta name=\"description\" content=\"Contacto con nosotros. Para obtener m\u00e1s informaci\u00f3n o solicitar una presentaci\u00f3n, p\u00f3ngase en contacto con nosotros.\" \/>\n<meta name=\"robots\" content=\"index, follow, max-snippet:-1, max-image-preview:large, max-video-preview:-1\" \/>\n<link rel=\"canonical\" href=\"https:\/\/loyal-solutions.com\/es\/contacto-con-nosotros\/\" \/>\n<meta property=\"og:locale\" content=\"es_ES\" \/>\n<meta property=\"og:type\" content=\"article\" \/>\n<meta property=\"og:title\" content=\"Contacto con Nosotros - Loyal Solutions\" \/>\n<meta property=\"og:description\" content=\"Contacto con nosotros. Para obtener m\u00e1s informaci\u00f3n o solicitar una presentaci\u00f3n, p\u00f3ngase en contacto con nosotros.\" \/>\n<meta property=\"og:url\" content=\"https:\/\/loyal-solutions.com\/es\/contacto-con-nosotros\/\" \/>\n<meta property=\"og:site_name\" content=\"Loyal Solutions\" \/>\n<meta property=\"article:modified_time\" content=\"2025-03-21T06:54:18+00:00\" \/>\n<meta name=\"twitter:card\" content=\"summary_large_image\" \/>\n<meta name=\"twitter:label1\" content=\"Tiempo de lectura\" \/>\n\t<meta name=\"twitter:data1\" content=\"1 minuto\" \/>\n<script type=\"application\/ld+json\" class=\"yoast-schema-graph\">{\"@context\":\"https:\\\/\\\/schema.org\",\"@graph\":[{\"@type\":\"WebPage\",\"@id\":\"https:\\\/\\\/loyal-solutions.com\\\/es\\\/contacto-con-nosotros\\\/\",\"url\":\"https:\\\/\\\/loyal-solutions.com\\\/es\\\/contacto-con-nosotros\\\/\",\"name\":\"Contacto con Nosotros - Loyal Solutions\",\"isPartOf\":{\"@id\":\"https:\\\/\\\/loyal-solutions.com\\\/#website\"},\"datePublished\":\"2016-06-14T06:36:54+00:00\",\"dateModified\":\"2025-03-21T06:54:18+00:00\",\"description\":\"Contacto con nosotros. Para obtener m\u00e1s informaci\u00f3n o solicitar una presentaci\u00f3n, p\u00f3ngase en contacto con nosotros.\",\"breadcrumb\":{\"@id\":\"https:\\\/\\\/loyal-solutions.com\\\/es\\\/contacto-con-nosotros\\\/#breadcrumb\"},\"inLanguage\":\"es\",\"potentialAction\":[{\"@type\":\"ReadAction\",\"target\":[\"https:\\\/\\\/loyal-solutions.com\\\/es\\\/contacto-con-nosotros\\\/\"]}]},{\"@type\":\"BreadcrumbList\",\"@id\":\"https:\\\/\\\/loyal-solutions.com\\\/es\\\/contacto-con-nosotros\\\/#breadcrumb\",\"itemListElement\":[{\"@type\":\"ListItem\",\"position\":1,\"name\":\"Portada\",\"item\":\"https:\\\/\\\/loyal-solutions.com\\\/es\\\/\"},{\"@type\":\"ListItem\",\"position\":2,\"name\":\"Contacto con Nosotros\"}]},{\"@type\":\"WebSite\",\"@id\":\"https:\\\/\\\/loyal-solutions.com\\\/#website\",\"url\":\"https:\\\/\\\/loyal-solutions.com\\\/\",\"name\":\"Loyal Solutions\",\"description\":\"\",\"potentialAction\":[{\"@type\":\"SearchAction\",\"target\":{\"@type\":\"EntryPoint\",\"urlTemplate\":\"https:\\\/\\\/loyal-solutions.com\\\/?s={search_term_string}\"},\"query-input\":{\"@type\":\"PropertyValueSpecification\",\"valueRequired\":true,\"valueName\":\"search_term_string\"}}],\"inLanguage\":\"es\"}]}<\/script>\n<!-- \/ Yoast SEO plugin. -->","yoast_head_json":{"title":"Contacto con Nosotros - Loyal Solutions","description":"Contacto con nosotros. Para obtener m\u00e1s informaci\u00f3n o solicitar una presentaci\u00f3n, p\u00f3ngase en contacto con nosotros.","robots":{"index":"index","follow":"follow","max-snippet":"max-snippet:-1","max-image-preview":"max-image-preview:large","max-video-preview":"max-video-preview:-1"},"canonical":"https:\/\/loyal-solutions.com\/es\/contacto-con-nosotros\/","og_locale":"es_ES","og_type":"article","og_title":"Contacto con Nosotros - Loyal Solutions","og_description":"Contacto con nosotros. Para obtener m\u00e1s informaci\u00f3n o solicitar una presentaci\u00f3n, p\u00f3ngase en contacto con nosotros.","og_url":"https:\/\/loyal-solutions.com\/es\/contacto-con-nosotros\/","og_site_name":"Loyal Solutions","article_modified_time":"2025-03-21T06:54:18+00:00","twitter_card":"summary_large_image","twitter_misc":{"Tiempo de lectura":"1 minuto"},"schema":{"@context":"https:\/\/schema.org","@graph":[{"@type":"WebPage","@id":"https:\/\/loyal-solutions.com\/es\/contacto-con-nosotros\/","url":"https:\/\/loyal-solutions.com\/es\/contacto-con-nosotros\/","name":"Contacto con Nosotros - Loyal Solutions","isPartOf":{"@id":"https:\/\/loyal-solutions.com\/#website"},"datePublished":"2016-06-14T06:36:54+00:00","dateModified":"2025-03-21T06:54:18+00:00","description":"Contacto con nosotros. Para obtener m\u00e1s informaci\u00f3n o solicitar una presentaci\u00f3n, p\u00f3ngase en contacto con nosotros.","breadcrumb":{"@id":"https:\/\/loyal-solutions.com\/es\/contacto-con-nosotros\/#breadcrumb"},"inLanguage":"es","potentialAction":[{"@type":"ReadAction","target":["https:\/\/loyal-solutions.com\/es\/contacto-con-nosotros\/"]}]},{"@type":"BreadcrumbList","@id":"https:\/\/loyal-solutions.com\/es\/contacto-con-nosotros\/#breadcrumb","itemListElement":[{"@type":"ListItem","position":1,"name":"Portada","item":"https:\/\/loyal-solutions.com\/es\/"},{"@type":"ListItem","position":2,"name":"Contacto con Nosotros"}]},{"@type":"WebSite","@id":"https:\/\/loyal-solutions.com\/#website","url":"https:\/\/loyal-solutions.com\/","name":"Loyal Solutions","description":"","potentialAction":[{"@type":"SearchAction","target":{"@type":"EntryPoint","urlTemplate":"https:\/\/loyal-solutions.com\/?s={search_term_string}"},"query-input":{"@type":"PropertyValueSpecification","valueRequired":true,"valueName":"search_term_string"}}],"inLanguage":"es"}]}},"_links":{"self":[{"href":"https:\/\/loyal-solutions.com\/es\/wp-json\/wp\/v2\/pages\/2476","targetHints":{"allow":["GET"]}}],"collection":[{"href":"https:\/\/loyal-solutions.com\/es\/wp-json\/wp\/v2\/pages"}],"about":[{"href":"https:\/\/loyal-solutions.com\/es\/wp-json\/wp\/v2\/types\/page"}],"author":[{"embeddable":true,"href":"https:\/\/loyal-solutions.com\/es\/wp-json\/wp\/v2\/users\/1"}],"replies":[{"embeddable":true,"href":"https:\/\/loyal-solutions.com\/es\/wp-json\/wp\/v2\/comments?post=2476"}],"version-history":[{"count":0,"href":"https:\/\/loyal-solutions.com\/es\/wp-json\/wp\/v2\/pages\/2476\/revisions"}],"wp:attachment":[{"href":"https:\/\/loyal-solutions.com\/es\/wp-json\/wp\/v2\/media?parent=2476"}],"curies":[{"name":"wp","href":"https:\/\/api.w.org\/{rel}","templated":true}]}}