{"id":7126,"date":"2026-04-13T15:19:20","date_gmt":"2026-04-13T18:19:20","guid":{"rendered":"https:\/\/loyal-solutions.com\/beneficios\/?page_id=7126"},"modified":"2026-04-15T12:51:42","modified_gmt":"2026-04-15T15:51:42","slug":"8-loyal-solutions-ia","status":"publish","type":"page","link":"https:\/\/loyal-solutions.com\/beneficios\/8-loyal-solutions-ia\/","title":{"rendered":"8- Loyal + IA"},"content":{"rendered":"<div class=\"wpb-content-wrapper\"><p>[vc_row full_width_css=\u00bbstretch_row_css\u00bb wrap_container=\u00bbyes\u00bb css=\u00bb.vc_custom_1748119206784{margin-top: 0px !important;margin-bottom: 0px !important;}\u00bb conditional_render=\u00bb%5B%7B%22value_role%22%3A%22administrator%22%7D%5D\u00bb css_params=\u00bb\u00bb el_class=\u00bbpadcelu sec-top\u00bb][vc_column css=\u00bb.vc_custom_1666457852252{margin-top: 0px !important;margin-bottom: 0px !important;padding-top: 0px !important;padding-bottom: 0px !important;}\u00bb][vc_custom_heading text=\u00bbLoyal + IA\u00bb font_container=\u00bbtag:h2|text_align:center|line_height:1&#8243; use_theme_fonts=\u00bbyes\u00bb css=\u00bb.vc_custom_1776268317755{margin-top: 0px !important;padding-top: 0px !important;padding-bottom: 20px !important;}\u00bb font_weight=\u00bb600&#8243; skin=\u00bbdark\u00bb enable_typewriter=\u00bbyes\u00bb show_border=\u00bbyes\u00bb border_skin=\u00bbdark\u00bb border_size=\u00bbsm\u00bb animation_delay=\u00bb\u00bb animation_type=\u00bbfadeInDown\u00bb css_params=\u00bb\u00bb][vc_column_text css_animation=\u00bbbounceIn\u00bb css=\u00bb\u00bb css_params=\u00bb\u00bb]<\/p>\n<p style=\"text-align: center;\">Estamos incorporando una funci\u00f3n inicial de IA que permite a los usuarios introducir el contenido de sus procedimientos para que la IA les ayude a redactar evaluaciones de documentos (por ejemplo, preguntas de verdadero\/falso o de opci\u00f3n m\u00faltiple, con puntuaci\u00f3n opcional).<\/p>\n<p style=\"text-align: center;\"><strong> Esto puede ahorrar mucho tiempo en la formaci\u00f3n del personal de una organizaci\u00f3n.<\/strong><\/p>\n<p>[\/vc_column_text][vc_row_inner][vc_column_inner][vc_single_image image=\u00bb7134&#8243; img_size=\u00bb\u00bb alignment=\u00bbcenter\u00bb css=\u00bb.vc_custom_1776105027042{margin-top: 0px !important;padding-top: 0px !important;padding-right: 15% !important;padding-left: 15% !important;}\u00bb hover_effect=\u00bbyes\u00bb animation_type=\u00bbfadeInUp\u00bb css_params=\u00bb\u00bb][vc_single_image image=\u00bb7148&#8243; img_size=\u00bb\u00bb alignment=\u00bbcenter\u00bb css=\u00bb.vc_custom_1776262750939{margin-top: 0px !important;padding-top: 0px !important;padding-right: 15% !important;padding-left: 15% !important;}\u00bb hover_effect=\u00bbyes\u00bb animation_type=\u00bbfadeInUp\u00bb css_params=\u00bb\u00bb][\/vc_column_inner][\/vc_row_inner][\/vc_column][\/vc_row][vc_row full_width=\u00bbstretch_row_content_no_spaces\u00bb content_placement=\u00bbmiddle\u00bb parallax=\u00bbcontent-moving-fade\u00bb parallax_image=\u00bb6126&#8243; parallax_speed_bg=\u00bb3&#8243; css=\u00bb.vc_custom_1748141730898{margin-top: 0px !important;margin-bottom: 0px !important;padding-top: 4% !important;padding-bottom: 4% !important;}\u00bb conditional_render=\u00bb%5B%7B%22value_role%22%3A%22administrator%22%7D%5D\u00bb css_params=\u00bb\u00bb el_class=\u00bbbotazul\u00bb][vc_column css=\u00bb.vc_custom_1748265747953{margin-top: 0px !important;margin-bottom: 0px !important;padding-top: 0px !important;padding-right: 25px !important;padding-bottom: 0px !important;padding-left: 25px !important;}\u00bb conditional_render=\u00bb%5B%7B%22value_role%22%3A%22administrator%22%7D%5D\u00bb css_params=\u00bb\u00bb][vc_custom_heading text=\u00bb\u00bfLe gustar\u00eda ver c\u00f3mo LOYAL puede impulsar su empresa?\u00bb font_container=\u00bbtag:h1|font_size:50px|text_align:center|color:%23ffffff|line_height:1&#8243; use_theme_fonts=\u00bbyes\u00bb css=\u00bb.vc_custom_1755220362800{padding-top: 20px !important;padding-bottom: 35px !important;}\u00bb font_weight=\u00bb600&#8243; skin=\u00bblight\u00bb enable_typewriter=\u00bbyes\u00bb animation_delay=\u00bb\u00bb el_class=\u00bbmb-0 sombraoscura\u00bb animation_type=\u00bbfadeInLeft\u00bb css_params=\u00bb\u00bb][vc_custom_heading text=\u00bbAgende una presentaci\u00f3n con nuestro equipo y descubra c\u00f3mo podemos ayudarlo.\u00bb font_container=\u00bbtag:h2|text_align:center|color:%23ffffff|line_height:1&#8243; use_theme_fonts=\u00bbyes\u00bb font_weight=\u00bb600&#8243; skin=\u00bblight\u00bb enable_typewriter=\u00bbyes\u00bb animation_delay=\u00bb1000&#8243; el_class=\u00bbmb-0 sombraoscura\u00bb animation_type=\u00bbfadeInRight\u00bb css_params=\u00bb\u00bb][vc_btn title=\u00bbCont\u00e1ctenos\u00bb style=\u00bb3d\u00bb shape=\u00bbrounded\u00bb size=\u00bbxl\u00bb align=\u00bbcenter\u00bb i_icon_fontawesome=\u00bbfas fa-phone-volume\u00bb css=\u00bb.vc_custom_1776267369204{padding-top: 30px !important;}\u00bb skin=\u00bbtertiary\u00bb btn_fw=\u00bb600&#8243; btn_ls=\u00bb1px\u00bb animation_delay=\u00bb1000&#8243; hover_effect=\u00bbhover-icon-left\u00bb add_icon=\u00bbtrue\u00bb animation_type=\u00bbbounceInUp\u00bb css_params=\u00bb\u00bb link=\u00bburl:https%3A%2F%2Floyal-solutions.com%2Fes%2Fcontacto-con-nosotros%2F\u00bb][\/vc_column][\/vc_row][vc_row full_width=\u00bbstretch_row_content_no_spaces\u00bb wrap_container=\u00bbyes\u00bb css=\u00bb.vc_custom_1747947143230{margin-top: -2px !important;background-color: #eaeaea !important;background-position: center !important;background-repeat: no-repeat !important;background-size: contain !important;}\u00bb conditional_render=\u00bb%5B%7B%22value_role%22%3A%22administrator%22%7D%5D\u00bb css_params=\u00bb\u00bb el_class=\u00bbCTA sec-res\u00bb][vc_column text_align=\u00bbcenter\u00bb conditional_render=\u00bb%5B%7B%22value_role%22%3A%22administrator%22%7D%5D\u00bb css_params=\u00bb\u00bb][vc_column_text css_animation=\u00bbbottom-to-top\u00bb css=\u00bb.vc_custom_1755220820855{padding-top: 12px !important;}\u00bb text_color=\u00bbvar(&#8211;porto-secondary-color)\u00bb css_params=\u00bb\u00bb]<\/p>\n<h2 style=\"text-align: center; margin-bottom: 5PX;\">\u00a1Una soluci\u00f3n pensada para usted!<\/h2>\n<h3 style=\"text-align: center; margin-bottom: 5PX;\"><span style=\"font-weight: 400;\">Optimice su gesti\u00f3n de calidad desde un solo lugar.<\/span><\/h3>\n<p>[\/vc_column_text][vc_btn title=\u00bbAgende una reuni\u00f3n\u00bb style=\u00bb3d\u00bb shape=\u00bbrounded\u00bb size=\u00bblg\u00bb align=\u00bbcenter\u00bb css=\u00bb.vc_custom_1776268167453{padding-top: 30px !important;padding-bottom: 0px !important;}\u00bb skin=\u00bbdark\u00bb btn_fw=\u00bb600&#8243; btn_ls=\u00bb1px\u00bb animation_delay=\u00bb1000&#8243; animation_type=\u00bbbounceInUp\u00bb css_params=\u00bb\u00bb link=\u00bburl:https%3A%2F%2Fcalendar.app.google%2FbmUVXTbuRzJeLx1KA\u00bb][\/vc_column][\/vc_row]<\/p>\n<\/div>","protected":false},"excerpt":{"rendered":"<p>[vc_row full_width_css=\u00bbstretch_row_css\u00bb wrap_container=\u00bbyes\u00bb css=\u00bb.vc_custom_1748119206784{margin-top: 0px !important;margin-bottom: 0px !important;}\u00bb conditional_render=\u00bb%5B%7B%22value_role%22%3A%22administrator%22%7D%5D\u00bb css_params=\u00bb\u00bb el_class=\u00bbpadcelu sec-top\u00bb][vc_column css=\u00bb.vc_custom_1666457852252{margin-top: 0px !important;margin-bottom: 0px !important;padding-top: 0px !important;padding-bottom: 0px !important;}\u00bb][vc_custom_heading text=\u00bbLoyal + IA\u00bb font_container=\u00bbtag:h2|text_align:center|line_height:1&#8243; use_theme_fonts=\u00bbyes\u00bb css=\u00bb.vc_custom_1776268317755{margin-top: 0px !important;padding-top: 0px !important;padding-bottom: 20px !important;}\u00bb font_weight=\u00bb600&#8243; skin=\u00bbdark\u00bb enable_typewriter=\u00bbyes\u00bb show_border=\u00bbyes\u00bb border_skin=\u00bbdark\u00bb border_size=\u00bbsm\u00bb animation_delay=\u00bb\u00bb animation_type=\u00bbfadeInDown\u00bb css_params=\u00bb\u00bb][vc_column_text css_animation=\u00bbbounceIn\u00bb css=\u00bb\u00bb css_params=\u00bb\u00bb] Estamos incorporando una funci\u00f3n inicial de IA que permite a [&hellip;]<\/p>\n","protected":false},"author":12,"featured_media":0,"parent":0,"menu_order":0,"comment_status":"closed","ping_status":"closed","template":"","meta":{"footnotes":""},"class_list":["post-7126","page","type-page","status-publish","hentry"],"_links":{"self":[{"href":"https:\/\/loyal-solutions.com\/beneficios\/wp-json\/wp\/v2\/pages\/7126","targetHints":{"allow":["GET"]}}],"collection":[{"href":"https:\/\/loyal-solutions.com\/beneficios\/wp-json\/wp\/v2\/pages"}],"about":[{"href":"https:\/\/loyal-solutions.com\/beneficios\/wp-json\/wp\/v2\/types\/page"}],"author":[{"embeddable":true,"href":"https:\/\/loyal-solutions.com\/beneficios\/wp-json\/wp\/v2\/users\/12"}],"replies":[{"embeddable":true,"href":"https:\/\/loyal-solutions.com\/beneficios\/wp-json\/wp\/v2\/comments?post=7126"}],"version-history":[{"count":3,"href":"https:\/\/loyal-solutions.com\/beneficios\/wp-json\/wp\/v2\/pages\/7126\/revisions"}],"predecessor-version":[{"id":7158,"href":"https:\/\/loyal-solutions.com\/beneficios\/wp-json\/wp\/v2\/pages\/7126\/revisions\/7158"}],"wp:attachment":[{"href":"https:\/\/loyal-solutions.com\/beneficios\/wp-json\/wp\/v2\/media?parent=7126"}],"curies":[{"name":"wp","href":"https:\/\/api.w.org\/{rel}","templated":true}]}}