{"id":6578,"date":"2025-07-19T18:21:44","date_gmt":"2025-07-19T21:21:44","guid":{"rendered":"https:\/\/loyal-solutions.com\/beneficios\/?page_id=6578"},"modified":"2026-04-15T14:19:20","modified_gmt":"2026-04-15T17:19:20","slug":"1-las-3c-de-loyal-solutions","status":"publish","type":"page","link":"https:\/\/loyal-solutions.com\/beneficios\/1-las-3c-de-loyal-solutions\/","title":{"rendered":"1. Las 3C de LOYAL Solutions"},"content":{"rendered":"<div class=\"wpb-content-wrapper\"><p>[vc_row full_width_css=\u00bbstretch_row_css\u00bb wrap_container=\u00bbyes\u00bb css=\u00bb.vc_custom_1748119206784{margin-top: 0px !important;margin-bottom: 0px !important;}\u00bb conditional_render=\u00bb%5B%7B%22value_role%22%3A%22administrator%22%7D%5D\u00bb css_params=\u00bb\u00bb el_class=\u00bbpadcelu sec-top\u00bb][vc_column css=\u00bb.vc_custom_1666457852252{margin-top: 0px !important;margin-bottom: 0px !important;padding-top: 0px !important;padding-bottom: 0px !important;}\u00bb][vc_custom_heading text=\u00bbLas 3C de LOYAL Solutions<br \/>\nComunicaci\u00f3n \u00b7 Coordinaci\u00f3n \u00b7 Colaboraci\u00f3n\u00bb font_container=\u00bbtag:h2|text_align:center|line_height:1&#8243; use_theme_fonts=\u00bbyes\u00bb css=\u00bb.vc_custom_1755185961355{margin-top: 0px !important;padding-top: 0px !important;padding-bottom: 20px !important;}\u00bb font_weight=\u00bb600&#8243; skin=\u00bbdark\u00bb enable_typewriter=\u00bbyes\u00bb show_border=\u00bbyes\u00bb border_skin=\u00bbdark\u00bb border_size=\u00bbsm\u00bb animation_delay=\u00bb\u00bb animation_type=\u00bbfadeInDown\u00bb css_params=\u00bb\u00bb][vc_column_text css=\u00bb.vc_custom_1761913572059{margin-bottom: 10px !important;}\u00bb css_params=\u00bb\u00bb]<\/p>\n<p style=\"text-align: center;\">En LOYAL Solutions optimizamos la forma en que los equipos trabajan,<\/p>\n<p style=\"text-align: center;\">fortaleciendo estos tres pilares clave de cualquier organizaci\u00f3n.<\/p>\n<p>[\/vc_column_text][vc_row_inner][vc_column_inner css_params=\u00bb\u00bb css=\u00bb.vc_custom_1757448679554{background-position: center !important;background-repeat: no-repeat !important;background-size: cover !important;}\u00bb][vc_single_image image=\u00bb7072&#8243; img_size=\u00bb\u00bb alignment=\u00bbcenter\u00bb css=\u00bb.vc_custom_1761154626316{margin-top: 0px !important;padding-top: 0px !important;padding-right: 15% !important;padding-left: 15% !important;background-position: center !important;background-repeat: no-repeat !important;background-size: cover !important;}\u00bb hover_effect=\u00bbyes\u00bb animation_type=\u00bbfadeInUp\u00bb css_params=\u00bb\u00bb][\/vc_column_inner][\/vc_row_inner][\/vc_column][\/vc_row][vc_row full_width=\u00bbstretch_row_content_no_spaces\u00bb content_placement=\u00bbmiddle\u00bb parallax=\u00bbcontent-moving-fade\u00bb parallax_image=\u00bb6126&#8243; parallax_speed_bg=\u00bb3&#8243; css=\u00bb.vc_custom_1748141730898{margin-top: 0px !important;margin-bottom: 0px !important;padding-top: 4% !important;padding-bottom: 4% !important;}\u00bb conditional_render=\u00bb%5B%7B%22value_role%22%3A%22administrator%22%7D%5D\u00bb css_params=\u00bb\u00bb el_class=\u00bbbotazul\u00bb][vc_column css=\u00bb.vc_custom_1748265747953{margin-top: 0px !important;margin-bottom: 0px !important;padding-top: 0px !important;padding-right: 25px !important;padding-bottom: 0px !important;padding-left: 25px !important;}\u00bb conditional_render=\u00bb%5B%7B%22value_role%22%3A%22administrator%22%7D%5D\u00bb css_params=\u00bb\u00bb][vc_custom_heading text=\u00bb\u00bfLe gustar\u00eda ver c\u00f3mo LOYAL puede impulsar su empresa?\u00bb font_container=\u00bbtag:h1|font_size:50px|text_align:center|color:%23ffffff|line_height:1&#8243; use_theme_fonts=\u00bbyes\u00bb css=\u00bb.vc_custom_1755220362800{padding-top: 20px !important;padding-bottom: 35px !important;}\u00bb font_weight=\u00bb600&#8243; skin=\u00bblight\u00bb enable_typewriter=\u00bbyes\u00bb animation_delay=\u00bb\u00bb el_class=\u00bbmb-0 sombraoscura\u00bb animation_type=\u00bbfadeInLeft\u00bb css_params=\u00bb\u00bb][vc_custom_heading text=\u00bbAgende una presentaci\u00f3n con nuestro equipo y descubra c\u00f3mo podemos ayudarlo.\u00bb font_container=\u00bbtag:h2|text_align:center|color:%23ffffff|line_height:1&#8243; use_theme_fonts=\u00bbyes\u00bb font_weight=\u00bb600&#8243; skin=\u00bblight\u00bb enable_typewriter=\u00bbyes\u00bb animation_delay=\u00bb1000&#8243; el_class=\u00bbmb-0 sombraoscura\u00bb animation_type=\u00bbfadeInRight\u00bb css_params=\u00bb\u00bb][vc_btn title=\u00bbCont\u00e1ctenos\u00bb style=\u00bb3d\u00bb shape=\u00bbrounded\u00bb size=\u00bbxl\u00bb align=\u00bbcenter\u00bb i_icon_fontawesome=\u00bbfas fa-phone-volume\u00bb css=\u00bb.vc_custom_1776273576133{padding-top: 30px !important;}\u00bb skin=\u00bbtertiary\u00bb btn_fw=\u00bb600&#8243; btn_ls=\u00bb1px\u00bb animation_delay=\u00bb1000&#8243; hover_effect=\u00bbhover-icon-left\u00bb add_icon=\u00bbtrue\u00bb animation_type=\u00bbbounceInUp\u00bb css_params=\u00bb\u00bb link=\u00bburl:https%3A%2F%2Floyal-solutions.com%2Fes%2Fcontacto-con-nosotros%2F\u00bb][\/vc_column][\/vc_row][vc_row full_width_css=\u00bbstretch_row_css\u00bb wrap_container=\u00bbyes\u00bb css=\u00bb.vc_custom_1748266156633{margin-top: 0px !important;margin-bottom: 0px !important;}\u00bb conditional_render=\u00bb%5B%7B%22value_role%22%3A%22administrator%22%7D%5D\u00bb css_params=\u00bb\u00bb el_class=\u00bbpadcelu sec-top\u00bb][vc_column width=\u00bb1\/3&#8243; css=\u00bb.vc_custom_1748119699856{margin-top: 0px !important;margin-bottom: 0px !important;padding-top: 0px !important;padding-bottom: 0px !important;}\u00bb el_class=\u00bbconmu1&#8243; conditional_render=\u00bb%5B%7B%22value_role%22%3A%22administrator%22%7D%5D\u00bb css_params=\u00bb\u00bb]<div class=\"porto-sicon-box  wpb_custom_030c998423dccad419b5a3718b03b1e8 style_1 default-icon\" data-appear-animation=\"fadeInDown\"><div class=\"porto-sicon-default\"><div class=\"porto-just-icon-wrapper porto-icon none\" style=\"color:#e82224;font-size:32px;\"><i class=\"fas fa-comment-dots\"><\/i><\/div><\/div><div class=\"porto-sicon-header\"><h2 class=\"porto-sicon-title\" style=\"\">COMUNICACI\u00d3N<\/h2><\/div> <!-- header --><\/div><!-- porto-sicon-box -->[vc_toggle title=\u00bbAlertas\u00bb css_animation=\u00bbleft-to-right\u00bb css=\u00bb.vc_custom_1755258732820{margin-bottom: 0px !important;}\u00bb css_params=\u00bb\u00bb]<span style=\"font-weight: 400;\">Mantiene a todos actualizados con recordatorios autom\u00e1ticos y seguimiento de tareas.<\/span>[\/vc_toggle][vc_toggle title=\u00bbInteracci\u00f3n efectiva\u00bb css_animation=\u00bbleft-to-right\u00bb css=\u00bb.vc_custom_1748140969310{margin-bottom: 0px !important;}\u00bb css_params=\u00bb\u00bb]<span style=\"font-weight: 400;\">Facilita el intercambio de informaci\u00f3n en tiempo real, reduciendo malentendidos y mejorando la conexi\u00f3n entre equipos.<\/span>[\/vc_toggle][vc_toggle title=\u00bbMensajer\u00eda\u00bb css_animation=\u00bbleft-to-right\u00bb css=\u00bb.vc_custom_1755258625261{padding-bottom: 20px !important;}\u00bb css_params=\u00bb\u00bb]<span style=\"font-weight: 400;\">Menos correos, m\u00e1s agilidad. Optimiza la comunicaci\u00f3n interna, reduciendo la dependencia del email y evitando la sobrecarga de informaci\u00f3n.<\/span>[\/vc_toggle][\/vc_column][vc_column width=\u00bb1\/3&#8243; el_class=\u00bbconmu2&#8243; conditional_render=\u00bb%5B%7B%22value_role%22%3A%22administrator%22%7D%5D\u00bb css_params=\u00bb\u00bb]<div class=\"porto-sicon-box  wpb_custom_e19fdcba1407e1c4373d72cbca4bd3ca style_1 default-icon\"><div class=\"porto-sicon-default\"><div class=\"porto-just-icon-wrapper porto-icon none\" style=\"color:#4e73b3;font-size:32px;\"><i class=\"fas fa-puzzle-piece\"><\/i><\/div><\/div><div class=\"porto-sicon-header\"><h2 class=\"porto-sicon-title\" style=\"\">COORDINACI\u00d3N<\/h2><\/div> <!-- header --><\/div><!-- porto-sicon-box -->[vc_toggle title=\u00bbAutomatizaci\u00f3n\u00bb css_animation=\u00bbleft-to-right\u00bb css=\u00bb.vc_custom_1755258445922{margin-bottom: 0px !important;}\u00bb css_params=\u00bb\u00bb]<span style=\"font-weight: 400;\">Reduce el trabajo manual, minimizando errores y mejorando la eficiencia de los procesos.<\/span>[\/vc_toggle][vc_toggle title=\u00bbTareas organizadas\u00bb css_animation=\u00bbleft-to-right\u00bb css=\u00bb.vc_custom_1748140997936{margin-bottom: 0px !important;}\u00bb css_params=\u00bb\u00bb]<span style=\"font-weight: 400;\">Asignaci\u00f3n clara de responsabilidades con seguimiento de avances en tiempo real.<\/span>[\/vc_toggle][vc_toggle title=\u00bbHistorial y trazabilidad\u00bb css_animation=\u00bbleft-to-right\u00bb css=\u00bb.vc_custom_1748141012607{margin-bottom: 0px !important;}\u00bb css_params=\u00bb\u00bb]<span style=\"font-weight: 400;\">Registra cambios y decisiones, facilitando auditor\u00edas y cumplimiento normativo.<\/span>[\/vc_toggle][\/vc_column][vc_column width=\u00bb1\/3&#8243; el_class=\u00bbconmu3&#8243; conditional_render=\u00bb%5B%7B%22value_role%22%3A%22administrator%22%7D%5D\u00bb css_params=\u00bb\u00bb]<div class=\"porto-sicon-box  wpb_custom_ce8cf2dac1b35d718795ade77be62bbf style_1 default-icon\" data-appear-animation=\"fadeInDown\"><div class=\"porto-sicon-default\"><div class=\"porto-just-icon-wrapper porto-icon none\" style=\"color:#5bb655;font-size:32px;\"><i class=\"far fa-handshake\"><\/i><\/div><\/div><div class=\"porto-sicon-header\"><h2 class=\"porto-sicon-title\" style=\"\">COLABORACI\u00d3N<\/h2><\/div> <!-- header --><\/div><!-- porto-sicon-box -->[vc_toggle title=\u00bbTrabajo en equipo\u00bb css_animation=\u00bbleft-to-right\u00bb css=\u00bb.vc_custom_1755258743777{margin-bottom: 0px !important;}\u00bb css_params=\u00bb\u00bb]<span style=\"font-weight: 400;\">Acceso a documentos y recursos compartidos desde cualquier lugar y dispositivo.<\/span>[\/vc_toggle][vc_toggle title=\u00bbMayor transparencia\u00bb css_animation=\u00bbleft-to-right\u00bb css=\u00bb.vc_custom_1748141072557{margin-bottom: 0px !important;}\u00bb css_params=\u00bb\u00bb]<span style=\"font-weight: 400;\">Todos los miembros pueden ver el avance de proyectos y tomar decisiones informadas.<\/span>[\/vc_toggle][vc_toggle title=\u00bbInnovaci\u00f3n y creatividad\u00bb css_animation=\u00bbleft-to-right\u00bb css=\u00bb.vc_custom_1748141850447{margin-bottom: 0px !important;}\u00bb css_params=\u00bb\u00bb]<span style=\"font-weight: 400;\">Espacios digitales colaborativos que fomentan nuevas ideas y soluciones.<\/span>[\/vc_toggle][\/vc_column][\/vc_row][vc_row full_width_css=\u00bbstretch_row_css\u00bb wrap_container=\u00bbyes\u00bb css=\u00bb.vc_custom_1748265897556{margin-top: 0px !important;margin-bottom: 0px !important;}\u00bb conditional_render=\u00bb%5B%7B%22value_role%22%3A%22administrator%22%7D%5D\u00bb css_params=\u00bb\u00bb el_class=\u00bbpadcelu sec-top\u00bb][vc_column css=\u00bb.vc_custom_1748119699856{margin-top: 0px !important;margin-bottom: 0px !important;padding-top: 0px !important;padding-bottom: 0px !important;}\u00bb el_class=\u00bbconmu1&#8243; conditional_render=\u00bb%5B%7B%22value_role%22%3A%22administrator%22%7D%5D\u00bb css_params=\u00bb\u00bb][vc_custom_heading text=\u00bbCon LOYAL Solutions, la comunicaci\u00f3n fluye, la coordinaci\u00f3n se fortalece<br \/>\ny la colaboraci\u00f3n genera resultados.\u00bb font_container=\u00bbtag:h2|text_align:center|line_height:1em\u00bb use_theme_fonts=\u00bbyes\u00bb css=\u00bb.vc_custom_1755220697390{padding-top: 0px !important;}\u00bb font_weight=\u00bb600&#8243; skin=\u00bbdark\u00bb enable_typewriter=\u00bbyes\u00bb animation_delay=\u00bb\u00bb el_class=\u00bbmb-0&#8243; animation_type=\u00bbfadeInDown\u00bb css_params=\u00bb\u00bb][vc_custom_heading text=\u00bbM\u00e1s agilidad. Mejores resultados.\u00bb font_container=\u00bbtag:h1|text_align:center|line_height:1em\u00bb use_theme_fonts=\u00bbyes\u00bb css=\u00bb.vc_custom_1755220713867{padding-top: 40px !important;}\u00bb font_weight=\u00bb600&#8243; skin=\u00bbdark\u00bb enable_typewriter=\u00bbyes\u00bb animation_delay=\u00bb\u00bb el_class=\u00bbmb-0&#8243; animation_type=\u00bbfadeInUp\u00bb css_params=\u00bb\u00bb][\/vc_column][\/vc_row][vc_section bottom_divider_type=\u00bbwaves\u00bb bottom_divider_height=\u00bb150px\u00bb conditional_render=\u00bb%5B%7B%22value_role%22%3A%22administrator%22%7D%5D\u00bb bottom_divider_color=\u00bb#eaeaea\u00bb css=\u00bb.vc_custom_1746456734440{margin-top: 0px !important;margin-bottom: 0px !important;padding-top: 75px !important;padding-bottom: 75px !important;background-color: var(&#8211;porto-light-color) !important;}\u00bb bottom_divider_class=\u00bbdiv1&#8243; css_params=\u00bb\u00bb][vc_row][vc_column text_align=\u00bbcenter\u00bb conditional_render=\u00bb%5B%7B%22value_role%22%3A%22administrator%22%7D%5D\u00bb css_params=\u00bb\u00bb][vc_video link=\u00bbhttps:\/\/www.youtube.com\/watch?v=L3Yk4Pq-g1Q\u00bb align=\u00bbcenter\u00bb css_animation=\u00bbbounceIn\u00bb css=\u00bb\u00bb css_params=\u00bb\u00bb][\/vc_column][\/vc_row][\/vc_section][vc_row full_width=\u00bbstretch_row_content_no_spaces\u00bb wrap_container=\u00bbyes\u00bb css=\u00bb.vc_custom_1747947143230{margin-top: -2px !important;background-color: #eaeaea !important;background-position: center !important;background-repeat: no-repeat !important;background-size: contain !important;}\u00bb conditional_render=\u00bb%5B%7B%22value_role%22%3A%22administrator%22%7D%5D\u00bb css_params=\u00bb\u00bb el_class=\u00bbCTA sec-res\u00bb][vc_column text_align=\u00bbcenter\u00bb conditional_render=\u00bb%5B%7B%22value_role%22%3A%22administrator%22%7D%5D\u00bb css_params=\u00bb\u00bb][vc_column_text css_animation=\u00bbbottom-to-top\u00bb css=\u00bb.vc_custom_1755220820855{padding-top: 12px !important;}\u00bb text_color=\u00bbvar(&#8211;porto-secondary-color)\u00bb css_params=\u00bb\u00bb]<\/p>\n<h2 style=\"text-align: center; margin-bottom: 5PX;\">\u00a1Una soluci\u00f3n pensada para usted!<\/h2>\n<h3 style=\"text-align: center; margin-bottom: 5PX;\"><span style=\"font-weight: 400;\">Optimice su gesti\u00f3n de calidad desde un solo lugar.<\/span><\/h3>\n<p>[\/vc_column_text][vc_btn title=\u00bbAgende una reuni\u00f3n\u00bb style=\u00bb3d\u00bb shape=\u00bbrounded\u00bb size=\u00bblg\u00bb align=\u00bbcenter\u00bb css=\u00bb.vc_custom_1776270866679{padding-top: 30px !important;padding-bottom: 0px !important;}\u00bb skin=\u00bbdark\u00bb btn_fw=\u00bb600&#8243; btn_ls=\u00bb1px\u00bb animation_delay=\u00bb1000&#8243; animation_type=\u00bbbounceInUp\u00bb css_params=\u00bb\u00bb link=\u00bburl:https%3A%2F%2Fcalendar.app.google%2FbmUVXTbuRzJeLx1KA\u00bb][\/vc_column][\/vc_row]<\/p>\n<\/div>","protected":false},"excerpt":{"rendered":"<p>[vc_row full_width_css=\u00bbstretch_row_css\u00bb wrap_container=\u00bbyes\u00bb css=\u00bb.vc_custom_1748119206784{margin-top: 0px !important;margin-bottom: 0px !important;}\u00bb conditional_render=\u00bb%5B%7B%22value_role%22%3A%22administrator%22%7D%5D\u00bb css_params=\u00bb\u00bb el_class=\u00bbpadcelu sec-top\u00bb][vc_column css=\u00bb.vc_custom_1666457852252{margin-top: 0px !important;margin-bottom: 0px !important;padding-top: 0px !important;padding-bottom: 0px !important;}\u00bb][vc_custom_heading text=\u00bbLas 3C de LOYAL Solutions Comunicaci\u00f3n \u00b7 Coordinaci\u00f3n \u00b7 Colaboraci\u00f3n\u00bb font_container=\u00bbtag:h2|text_align:center|line_height:1&#8243; use_theme_fonts=\u00bbyes\u00bb css=\u00bb.vc_custom_1755185961355{margin-top: 0px !important;padding-top: 0px !important;padding-bottom: 20px !important;}\u00bb font_weight=\u00bb600&#8243; skin=\u00bbdark\u00bb enable_typewriter=\u00bbyes\u00bb show_border=\u00bbyes\u00bb border_skin=\u00bbdark\u00bb border_size=\u00bbsm\u00bb animation_delay=\u00bb\u00bb animation_type=\u00bbfadeInDown\u00bb css_params=\u00bb\u00bb][vc_column_text css=\u00bb.vc_custom_1761913572059{margin-bottom: 10px !important;}\u00bb css_params=\u00bb\u00bb] En LOYAL [&hellip;]<\/p>\n","protected":false},"author":1,"featured_media":0,"parent":0,"menu_order":0,"comment_status":"closed","ping_status":"closed","template":"","meta":{"footnotes":""},"class_list":["post-6578","page","type-page","status-publish","hentry"],"_links":{"self":[{"href":"https:\/\/loyal-solutions.com\/beneficios\/wp-json\/wp\/v2\/pages\/6578","targetHints":{"allow":["GET"]}}],"collection":[{"href":"https:\/\/loyal-solutions.com\/beneficios\/wp-json\/wp\/v2\/pages"}],"about":[{"href":"https:\/\/loyal-solutions.com\/beneficios\/wp-json\/wp\/v2\/types\/page"}],"author":[{"embeddable":true,"href":"https:\/\/loyal-solutions.com\/beneficios\/wp-json\/wp\/v2\/users\/1"}],"replies":[{"embeddable":true,"href":"https:\/\/loyal-solutions.com\/beneficios\/wp-json\/wp\/v2\/comments?post=6578"}],"version-history":[{"count":3,"href":"https:\/\/loyal-solutions.com\/beneficios\/wp-json\/wp\/v2\/pages\/6578\/revisions"}],"predecessor-version":[{"id":7190,"href":"https:\/\/loyal-solutions.com\/beneficios\/wp-json\/wp\/v2\/pages\/6578\/revisions\/7190"}],"wp:attachment":[{"href":"https:\/\/loyal-solutions.com\/beneficios\/wp-json\/wp\/v2\/media?parent=6578"}],"curies":[{"name":"wp","href":"https:\/\/api.w.org\/{rel}","templated":true}]}}