{"id":6225,"date":"2025-06-03T19:43:53","date_gmt":"2025-06-03T22:43:53","guid":{"rendered":"https:\/\/loyal-solutions.com\/beneficios\/?page_id=6225"},"modified":"2026-04-15T14:13:46","modified_gmt":"2026-04-15T17:13:46","slug":"6-beneficios-de-elegir-loyal-solutions-sobre-herramientas-de-desarrollo-propio","status":"publish","type":"page","link":"https:\/\/loyal-solutions.com\/beneficios\/6-beneficios-de-elegir-loyal-solutions-sobre-herramientas-de-desarrollo-propio\/","title":{"rendered":"6. Beneficios de elegir LOYAL Solutions sobre herramientas de desarrollo propio"},"content":{"rendered":"<div class=\"wpb-content-wrapper\"><p>[vc_row full_width_css=\u00bbstretch_row_css\u00bb wrap_container=\u00bbyes\u00bb css=\u00bb.vc_custom_1748119206784{margin-top: 0px !important;margin-bottom: 0px !important;}\u00bb conditional_render=\u00bb%5B%7B%22value_role%22%3A%22administrator%22%7D%5D\u00bb css_params=\u00bb\u00bb el_class=\u00bbpadcelu sec-top\u00bb][vc_column css=\u00bb.vc_custom_1666457852252{margin-top: 0px !important;margin-bottom: 0px !important;padding-top: 0px !important;padding-bottom: 0px !important;}\u00bb][vc_custom_heading text=\u00bbBeneficios de elegir LOYAL Solutions frente a herramientas de desarrollo propio\u00bb font_container=\u00bbtag:h2|text_align:center|line_height:1&#8243; use_theme_fonts=\u00bbyes\u00bb css=\u00bb.vc_custom_1755271929754{margin-top: 0px !important;padding-top: 0px !important;padding-bottom: 20px !important;}\u00bb font_weight=\u00bb600&#8243; skin=\u00bbdark\u00bb enable_typewriter=\u00bbyes\u00bb show_border=\u00bbyes\u00bb border_skin=\u00bbdark\u00bb border_size=\u00bbsm\u00bb animation_delay=\u00bb\u00bb animation_type=\u00bbfadeInDown\u00bb css_params=\u00bb\u00bb][vc_row_inner][vc_column_inner][vc_column_text css=\u00bb\u00bb css_params=\u00bb\u00bb]<\/p>\n<p><span style=\"font-weight: 400;\">Elegir LOYAL Solutions en lugar de desarrollar un sistema propio o usar herramientas existentes le ofrece ventajas importantes para su empresa:<\/span><\/p>\n<ul>\n<li style=\"font-weight: 400;\" aria-level=\"1\"><span style=\"font-weight: 400;\">Funcionalidades avanzadas y probadas<\/span><\/li>\n<li style=\"font-weight: 400;\" aria-level=\"1\"><span style=\"font-weight: 400;\">Ahorro de tiempo y recursos<\/span><\/li>\n<li style=\"font-weight: 400;\" aria-level=\"1\"><span style=\"font-weight: 400;\">Escalabilidad y adaptaci\u00f3n<\/span><\/li>\n<li style=\"font-weight: 400;\" aria-level=\"1\"><span style=\"font-weight: 400;\">Centralizaci\u00f3n y automatizaci\u00f3n de procesos<\/span><\/li>\n<li style=\"font-weight: 400;\" aria-level=\"1\"><span style=\"font-weight: 400;\">Integraci\u00f3n sencilla con otros sistemas<\/span><\/li>\n<li style=\"font-weight: 400;\" aria-level=\"1\"><span style=\"font-weight: 400;\">Soporte especializado<\/span><\/li>\n<li style=\"font-weight: 400;\" aria-level=\"1\"><span style=\"font-weight: 400;\">Reducci\u00f3n de riesgos<\/span><\/li>\n<\/ul>\n<p>[\/vc_column_text][vc_single_image image=\u00bb7078&#8243; img_size=\u00bb\u00bb alignment=\u00bbcenter\u00bb css=\u00bb.vc_custom_1761154985100{margin-top: 0px !important;padding-top: 0px !important;padding-right: 15% !important;padding-left: 15% !important;}\u00bb hover_effect=\u00bbyes\u00bb animation_type=\u00bbfadeInUp\u00bb css_params=\u00bb\u00bb][\/vc_column_inner][\/vc_row_inner][\/vc_column][\/vc_row][vc_row full_width=\u00bbstretch_row_content_no_spaces\u00bb content_placement=\u00bbmiddle\u00bb parallax=\u00bbcontent-moving-fade\u00bb parallax_speed_bg=\u00bb3&#8243; css=\u00bb.vc_custom_1748990726299{margin-top: 0px !important;margin-bottom: 0px !important;padding-top: 4% !important;padding-bottom: 4% !important;background-image: url(https:\/\/loyal-solutions.com\/beneficios\/wp-content\/uploads\/2025\/06\/Diseno-sin-titulo-9.jpg?id=6228) !important;}\u00bb conditional_render=\u00bb%5B%7B%22value_role%22%3A%22administrator%22%7D%5D\u00bb css_params=\u00bb\u00bb el_class=\u00bbbotazul\u00bb][vc_column css=\u00bb.vc_custom_1748265747953{margin-top: 0px !important;margin-bottom: 0px !important;padding-top: 0px !important;padding-right: 25px !important;padding-bottom: 0px !important;padding-left: 25px !important;}\u00bb conditional_render=\u00bb%5B%7B%22value_role%22%3A%22administrator%22%7D%5D\u00bb css_params=\u00bb\u00bb][vc_custom_heading text=\u00bb\u00bfLe gustar\u00eda ver c\u00f3mo LOYAL puede impulsar su empresa?\u00bb font_container=\u00bbtag:h1|font_size:50px|text_align:center|color:%23ffffff|line_height:1&#8243; use_theme_fonts=\u00bbyes\u00bb css=\u00bb.vc_custom_1755275102119{padding-top: 20px !important;padding-bottom: 35px !important;}\u00bb font_weight=\u00bb600&#8243; skin=\u00bblight\u00bb enable_typewriter=\u00bbyes\u00bb animation_delay=\u00bb\u00bb el_class=\u00bbmb-0 sombraoscura\u00bb animation_type=\u00bbfadeInDown\u00bb css_params=\u00bb\u00bb][vc_custom_heading text=\u00bbAgende una presentaci\u00f3n con nuestro equipo y descubra c\u00f3mo podemos ayudarlo.\u00bb font_container=\u00bbtag:h2|text_align:center|color:%23ffffff|line_height:1&#8243; use_theme_fonts=\u00bbyes\u00bb css=\u00bb.vc_custom_1755275453930{padding-top: 20px !important;padding-bottom: 35px !important;}\u00bb font_weight=\u00bb600&#8243; skin=\u00bblight\u00bb enable_typewriter=\u00bbyes\u00bb animation_delay=\u00bb\u00bb el_class=\u00bbmb-0 sombraoscura\u00bb animation_type=\u00bbfadeInDown\u00bb css_params=\u00bb\u00bb][vc_btn title=\u00bbCont\u00e1ctenos\u00bb style=\u00bb3d\u00bb shape=\u00bbrounded\u00bb size=\u00bbxl\u00bb align=\u00bbcenter\u00bb i_icon_fontawesome=\u00bbfas fa-phone-volume\u00bb css=\u00bb.vc_custom_1776273241614{padding-top: 30px !important;}\u00bb skin=\u00bbtertiary\u00bb btn_fw=\u00bb600&#8243; btn_ls=\u00bb1px\u00bb animation_delay=\u00bb1000&#8243; hover_effect=\u00bbhover-icon-left\u00bb add_icon=\u00bbtrue\u00bb animation_type=\u00bbbounceInUp\u00bb css_params=\u00bb\u00bb link=\u00bburl:https%3A%2F%2Floyal-solutions.com%2Fes%2Fcontacto-con-nosotros%2F\u00bb][\/vc_column][\/vc_row][vc_row full_width_css=\u00bbstretch_row_css\u00bb wrap_container=\u00bbyes\u00bb css=\u00bb.vc_custom_1748991511956{background-color: #f4f4f4 !important;}\u00bb conditional_render=\u00bb%5B%7B%22value_role%22%3A%22administrator%22%7D%5D\u00bb css_params=\u00bb\u00bb el_class=\u00bbpadcelu sec-res\u00bb][vc_column width=\u00bb1\/2&#8243; css=\u00bb.vc_custom_1748119699856{margin-top: 0px !important;margin-bottom: 0px !important;padding-top: 0px !important;padding-bottom: 0px !important;}\u00bb el_class=\u00bbconmu1&#8243; conditional_render=\u00bb%5B%7B%22value_role%22%3A%22administrator%22%7D%5D\u00bb css_params=\u00bb\u00bb]<div class=\"porto-sicon-box  wpb_custom_9bdc3fad9b77c07f8c32fe2d2273838e style_1 default-icon flex-wrap\" data-appear-animation=\"fadeInLeft\"><div class=\"porto-sicon-default\"><div class=\"porto-just-icon-wrapper porto-icon none\" style=\"color:var(--porto-secondary-color);font-size:22px;\"><i class=\"fas fa-chart-line\"><\/i><\/div><\/div><div class=\"porto-sicon-header\"><h3 class=\"porto-sicon-title\" style=\"\">Funcionalidades avanzadas y probadas<\/h3><\/div> <!-- header --><div class=\"porto-sicon-description\" style=\"\"><span style=\"font-weight: 400;\">Con LOYAL Solutions obtiene un software listo y probado para cubrir sus necesidades de gesti\u00f3n de calidad, sin los riesgos ni el tiempo de desarrollo de una herramienta interna.<\/span><\/div> <!-- description --><\/div><!-- porto-sicon-box --><div class=\"porto-sicon-box  wpb_custom_9bdc3fad9b77c07f8c32fe2d2273838e style_1 default-icon flex-wrap\" data-appear-animation=\"fadeInLeft\"><div class=\"porto-sicon-default\"><div class=\"porto-just-icon-wrapper porto-icon none\" style=\"color:var(--porto-secondary-color);font-size:22px;\"><i class=\"fas fa-stopwatch\"><\/i><\/div><\/div><div class=\"porto-sicon-header\"><h3 class=\"porto-sicon-title\" style=\"\">Ahorro de tiempo y recursos<\/h3><\/div> <!-- header --><div class=\"porto-sicon-description\" style=\"\"><span style=\"font-weight: 400;\">Evite los costos y retrasos del desarrollo propio, implementando r\u00e1pidamente una soluci\u00f3n eficaz.<\/span><\/div> <!-- description --><\/div><!-- porto-sicon-box --><div class=\"porto-sicon-box  wpb_custom_9bdc3fad9b77c07f8c32fe2d2273838e style_1 default-icon flex-wrap\" data-appear-animation=\"fadeInLeft\"><div class=\"porto-sicon-default\"><div class=\"porto-just-icon-wrapper porto-icon none\" style=\"color:var(--porto-secondary-color);font-size:22px;\"><i class=\"fas fa-tasks\"><\/i><\/div><\/div><div class=\"porto-sicon-header\"><h3 class=\"porto-sicon-title\" style=\"\">Escalabilidad y adaptaci\u00f3n<\/h3><\/div> <!-- header --><div class=\"porto-sicon-description\" style=\"\"><span style=\"font-weight: 400;\">LOYAL Solutions crece con usted y se adapta f\u00e1cilmente a las necesidades cambiantes de su empresa, sin costosos ajustes.<\/span><\/div> <!-- description --><\/div><!-- porto-sicon-box --><div class=\"porto-sicon-box  wpb_custom_9bdc3fad9b77c07f8c32fe2d2273838e style_1 default-icon flex-wrap\" data-appear-animation=\"fadeInLeft\"><div class=\"porto-sicon-default\"><div class=\"porto-just-icon-wrapper porto-icon none\" style=\"color:var(--porto-secondary-color);font-size:22px;\"><i class=\"fas fa-history\"><\/i><\/div><\/div><div class=\"porto-sicon-header\"><h3 class=\"porto-sicon-title\" style=\"\">Centralizaci\u00f3n y automatizaci\u00f3n de procesos<\/h3><\/div> <!-- header --><div class=\"porto-sicon-description\" style=\"\"><span style=\"font-weight: 400;\">Centralice todos sus procesos en una sola plataforma, mejorando visibilidad y control. Automatice tareas repetitivas, reduzca trabajo manual y aumente la eficiencia.<\/span><\/div> <!-- description --><\/div><!-- porto-sicon-box -->[\/vc_column][vc_column width=\u00bb1\/2&#8243; el_class=\u00bbconmu2&#8243; conditional_render=\u00bb%5B%7B%22value_role%22%3A%22administrator%22%7D%5D\u00bb css_params=\u00bb\u00bb]<div class=\"porto-sicon-box  wpb_custom_9bdc3fad9b77c07f8c32fe2d2273838e style_1 default-icon flex-wrap\" data-appear-animation=\"fadeInLeft\"><div class=\"porto-sicon-default\"><div class=\"porto-just-icon-wrapper porto-icon none\" style=\"color:var(--porto-secondary-color);font-size:22px;\"><i class=\"fas fa-cogs\"><\/i><\/div><\/div><div class=\"porto-sicon-header\"><h3 class=\"porto-sicon-title\" style=\"\">Integraci\u00f3n f\u00e1cil con otros sistemas<\/h3><\/div> <!-- header --><div class=\"porto-sicon-description\" style=\"\"><span style=\"font-weight: 400;\">Nuestro software se conecta sin problemas con otros sistemas de gesti\u00f3n empresarial, optimizando el flujo de datos y facilitando la toma de decisiones.<\/span><\/div> <!-- description --><\/div><!-- porto-sicon-box --><div class=\"porto-sicon-box  wpb_custom_9bdc3fad9b77c07f8c32fe2d2273838e style_1 default-icon flex-wrap\" data-appear-animation=\"fadeInLeft\"><div class=\"porto-sicon-default\"><div class=\"porto-just-icon-wrapper porto-icon none\" style=\"color:var(--porto-secondary-color);font-size:22px;\"><i class=\"fas fa-user-cog\"><\/i><\/div><\/div><div class=\"porto-sicon-header\"><h3 class=\"porto-sicon-title\" style=\"\">Soporte especializado<\/h3><\/div> <!-- header --><div class=\"porto-sicon-description\" style=\"\"><span style=\"font-weight: 400;\">Disfrute de soporte t\u00e9cnico dedicado, actualizaciones regulares y un equipo de expertos que le asistir\u00e1 en todo momento.<\/span><\/div> <!-- description --><\/div><!-- porto-sicon-box --><div class=\"porto-sicon-box  wpb_custom_9bdc3fad9b77c07f8c32fe2d2273838e style_1 default-icon flex-wrap\" data-appear-animation=\"fadeInLeft\"><div class=\"porto-sicon-default\"><div class=\"porto-just-icon-wrapper porto-icon none\" style=\"color:var(--porto-secondary-color);font-size:22px;\"><i class=\"fas fa-shield-alt\"><\/i><\/div><\/div><div class=\"porto-sicon-header\"><h3 class=\"porto-sicon-title\" style=\"\">Reducci\u00f3n de riesgos<\/h3><\/div> <!-- header --><div class=\"porto-sicon-description\" style=\"\"><span style=\"font-weight: 400;\">Evite errores y retrasos comunes en el desarrollo de un sistema desde cero.<\/span><\/div> <!-- description --><\/div><!-- porto-sicon-box -->[\/vc_column][\/vc_row][vc_row full_width_css=\u00bbstretch_row_css\u00bb wrap_container=\u00bbyes\u00bb css=\u00bb.vc_custom_1748991454634{margin-top: 0px !important;margin-bottom: 0px !important;padding-bottom: 0px !important;}\u00bb conditional_render=\u00bb%5B%7B%22value_role%22%3A%22administrator%22%7D%5D\u00bb css_params=\u00bb\u00bb el_class=\u00bbpadcelu sec-top\u00bb][vc_column width=\u00bb1\/2&#8243; css=\u00bb.vc_custom_1748119699856{margin-top: 0px !important;margin-bottom: 0px !important;padding-top: 0px !important;padding-bottom: 0px !important;}\u00bb el_class=\u00bbconmu1&#8243; conditional_render=\u00bb%5B%7B%22value_role%22%3A%22administrator%22%7D%5D\u00bb css_params=\u00bb\u00bb][vc_column_text css_animation=\u00bbbottom-to-top\u00bb css=\u00bb.vc_custom_1755272408650{margin-bottom: 0px !important;}\u00bb css_params=\u00bb\u00bb]<\/p>\n<h3><b>Riesgos de quedarse con herramientas de desarrollo interno o no especializadas<\/b><\/h3>\n<p><span style=\"font-weight: 400;\">Muchas empresas optan por herramientas internas o no espec\u00edficas para ahorrar costos iniciales o mantener el control. Sin embargo, esto puede generar:<\/span><\/p>\n<ul>\n<li aria-level=\"1\"><b>Falta de especializaci\u00f3n:<\/b><span style=\"font-weight: 400;\"> funcionalidades limitadas que retrasan procesos y aumentan errores.<\/span><\/li>\n<li aria-level=\"1\"><b>Altos costos de mantenimiento:<\/b><span style=\"font-weight: 400;\"> requieren inversi\u00f3n constante en personal y recursos, mientras que LOYAL Solutions incluye soporte y actualizaciones sin costo adicional.<\/span><\/li>\n<li aria-level=\"1\"><b>Escalabilidad limitada:<\/b><span style=\"font-weight: 400;\"> dif\u00edcil adaptaci\u00f3n al crecimiento, con ajustes costosos y frecuentes. LOYAL Solutions se ajusta f\u00e1cilmente a nuevas necesidades.<\/span><\/li>\n<li aria-level=\"1\"><b>Riesgos de seguridad:<\/b> ausencia de medidas avanzadas, exponiendo a la empresa a vulnerabilidades que LOYAL Solutions s\u00ed contempla.<\/li>\n<\/ul>\n<p>[\/vc_column_text][\/vc_column][vc_column width=\u00bb1\/2&#8243;][vc_column_text css_animation=\u00bbbottom-to-top\u00bb css=\u00bb.vc_custom_1755272436252{margin-bottom: 0px !important;border-top-width: 4px !important;border-right-width: 4px !important;border-bottom-width: 4px !important;border-left-width: 4px !important;padding-top: 20px !important;padding-right: 15px !important;padding-bottom: 20px !important;padding-left: 15px !important;border-left-style: solid !important;border-right-style: solid !important;border-top-style: solid !important;border-bottom-style: solid !important;border-color: #5bb655 !important;}\u00bb css_params=\u00bb\u00bb]<\/p>\n<h3><b>Conclusi\u00f3n<\/b><\/h3>\n<p><span style=\"font-weight: 400;\">Elegir LOYAL Solutions le brinda una opci\u00f3n eficiente, segura y escalable para gestionar la calidad, permiti\u00e9ndole enfocarse en lo que realmente importa: optimizar procesos y obtener mejores resultados.<\/span>[\/vc_column_text][\/vc_column][\/vc_row][vc_section bottom_divider_type=\u00bbwaves\u00bb bottom_divider_height=\u00bb150px\u00bb conditional_render=\u00bb%5B%7B%22value_role%22%3A%22administrator%22%7D%5D\u00bb bottom_divider_color=\u00bb#eaeaea\u00bb css=\u00bb.vc_custom_1746456734440{margin-top: 0px !important;margin-bottom: 0px !important;padding-top: 75px !important;padding-bottom: 75px !important;background-color: var(&#8211;porto-light-color) !important;}\u00bb bottom_divider_class=\u00bbdiv1&#8243; css_params=\u00bb\u00bb][vc_row][vc_column text_align=\u00bbcenter\u00bb conditional_render=\u00bb%5B%7B%22value_role%22%3A%22administrator%22%7D%5D\u00bb css_params=\u00bb\u00bb][vc_video link=\u00bbhttps:\/\/www.youtube.com\/watch?v=EU5KSwGprE8&#8243; align=\u00bbcenter\u00bb css_animation=\u00bbbounceInLeft\u00bb css=\u00bb\u00bb css_params=\u00bb\u00bb][\/vc_column][\/vc_row][\/vc_section][vc_row full_width=\u00bbstretch_row_content_no_spaces\u00bb wrap_container=\u00bbyes\u00bb css=\u00bb.vc_custom_1747947143230{margin-top: -2px !important;background-color: #eaeaea !important;background-position: center !important;background-repeat: no-repeat !important;background-size: contain !important;}\u00bb conditional_render=\u00bb%5B%7B%22value_role%22%3A%22administrator%22%7D%5D\u00bb css_params=\u00bb\u00bb el_class=\u00bbCTA sec-res\u00bb][vc_column text_align=\u00bbcenter\u00bb conditional_render=\u00bb%5B%7B%22value_role%22%3A%22administrator%22%7D%5D\u00bb css_params=\u00bb\u00bb][vc_column_text css_animation=\u00bbbottom-to-top\u00bb css=\u00bb.vc_custom_1748266138536{padding-top: 12px !important;}\u00bb text_color=\u00bbvar(&#8211;porto-secondary-color)\u00bb css_params=\u00bb\u00bb]<\/p>\n<h2 style=\"text-align: center; margin-bottom: 5PX;\">\u00a1Queremos conocer su empresa!<\/h2>\n<h3 style=\"text-align: center; margin-bottom: 5PX;\"><span style=\"font-weight: 400; color: #000000;\">Programe una reuni\u00f3n con nuestro equipo<\/span><span style=\"font-weight: 400;\"><br \/>\n<\/span><\/h3>\n<p>[\/vc_column_text][vc_btn title=\u00bbComenzar AHORA\u00bb style=\u00bb3d\u00bb shape=\u00bbrounded\u00bb size=\u00bblg\u00bb align=\u00bbcenter\u00bb css=\u00bb.vc_custom_1776271860677{padding-top: 30px !important;padding-bottom: 0px !important;}\u00bb skin=\u00bbdark\u00bb btn_fw=\u00bb600&#8243; btn_ls=\u00bb1px\u00bb animation_delay=\u00bb1000&#8243; animation_type=\u00bbbounceInUp\u00bb css_params=\u00bb\u00bb link=\u00bburl:https%3A%2F%2Fcalendar.app.google%2FbmUVXTbuRzJeLx1KA\u00bb][\/vc_column][\/vc_row]<\/p>\n<\/div>","protected":false},"excerpt":{"rendered":"<p>[vc_row full_width_css=\u00bbstretch_row_css\u00bb wrap_container=\u00bbyes\u00bb css=\u00bb.vc_custom_1748119206784{margin-top: 0px !important;margin-bottom: 0px !important;}\u00bb conditional_render=\u00bb%5B%7B%22value_role%22%3A%22administrator%22%7D%5D\u00bb css_params=\u00bb\u00bb el_class=\u00bbpadcelu sec-top\u00bb][vc_column css=\u00bb.vc_custom_1666457852252{margin-top: 0px !important;margin-bottom: 0px !important;padding-top: 0px !important;padding-bottom: 0px !important;}\u00bb][vc_custom_heading text=\u00bbBeneficios de elegir LOYAL Solutions frente a herramientas de desarrollo propio\u00bb font_container=\u00bbtag:h2|text_align:center|line_height:1&#8243; use_theme_fonts=\u00bbyes\u00bb css=\u00bb.vc_custom_1755271929754{margin-top: 0px !important;padding-top: 0px !important;padding-bottom: 20px !important;}\u00bb font_weight=\u00bb600&#8243; skin=\u00bbdark\u00bb enable_typewriter=\u00bbyes\u00bb show_border=\u00bbyes\u00bb border_skin=\u00bbdark\u00bb border_size=\u00bbsm\u00bb animation_delay=\u00bb\u00bb animation_type=\u00bbfadeInDown\u00bb css_params=\u00bb\u00bb][vc_row_inner][vc_column_inner][vc_column_text css=\u00bb\u00bb css_params=\u00bb\u00bb] Elegir LOYAL Solutions [&hellip;]<\/p>\n","protected":false},"author":1,"featured_media":0,"parent":0,"menu_order":0,"comment_status":"closed","ping_status":"closed","template":"","meta":{"footnotes":""},"class_list":["post-6225","page","type-page","status-publish","hentry"],"_links":{"self":[{"href":"https:\/\/loyal-solutions.com\/beneficios\/wp-json\/wp\/v2\/pages\/6225","targetHints":{"allow":["GET"]}}],"collection":[{"href":"https:\/\/loyal-solutions.com\/beneficios\/wp-json\/wp\/v2\/pages"}],"about":[{"href":"https:\/\/loyal-solutions.com\/beneficios\/wp-json\/wp\/v2\/types\/page"}],"author":[{"embeddable":true,"href":"https:\/\/loyal-solutions.com\/beneficios\/wp-json\/wp\/v2\/users\/1"}],"replies":[{"embeddable":true,"href":"https:\/\/loyal-solutions.com\/beneficios\/wp-json\/wp\/v2\/comments?post=6225"}],"version-history":[{"count":3,"href":"https:\/\/loyal-solutions.com\/beneficios\/wp-json\/wp\/v2\/pages\/6225\/revisions"}],"predecessor-version":[{"id":7185,"href":"https:\/\/loyal-solutions.com\/beneficios\/wp-json\/wp\/v2\/pages\/6225\/revisions\/7185"}],"wp:attachment":[{"href":"https:\/\/loyal-solutions.com\/beneficios\/wp-json\/wp\/v2\/media?parent=6225"}],"curies":[{"name":"wp","href":"https:\/\/api.w.org\/{rel}","templated":true}]}}