{"id":6216,"date":"2025-06-03T19:28:01","date_gmt":"2025-06-03T22:28:01","guid":{"rendered":"https:\/\/loyal-solutions.com\/beneficios\/?page_id=6216"},"modified":"2026-04-15T14:13:12","modified_gmt":"2026-04-15T17:13:12","slug":"5-reduzca-costos-y-tiempo-en-auditorias-internas-y-externas-con-loyal","status":"publish","type":"page","link":"https:\/\/loyal-solutions.com\/beneficios\/5-reduzca-costos-y-tiempo-en-auditorias-internas-y-externas-con-loyal\/","title":{"rendered":"5. Reduzca costos y tiempo en auditor\u00edas internas y externas con LOYAL Solutions"},"content":{"rendered":"<div class=\"wpb-content-wrapper\"><p>[vc_row full_width_css=\u00bbstretch_row_css\u00bb wrap_container=\u00bbyes\u00bb css=\u00bb.vc_custom_1748119206784{margin-top: 0px !important;margin-bottom: 0px !important;}\u00bb conditional_render=\u00bb%5B%7B%22value_role%22%3A%22administrator%22%7D%5D\u00bb css_params=\u00bb\u00bb el_class=\u00bbpadcelu sec-top\u00bb][vc_column css=\u00bb.vc_custom_1666457852252{margin-top: 0px !important;margin-bottom: 0px !important;padding-top: 0px !important;padding-bottom: 0px !important;}\u00bb][vc_custom_heading text=\u00bbReduzca costos y tiempo en auditor\u00edas internas y externas con LOYAL Solutions\u00bb font_container=\u00bbtag:h2|text_align:center|line_height:1&#8243; use_theme_fonts=\u00bbyes\u00bb css=\u00bb.vc_custom_1755270735308{margin-top: 0px !important;padding-top: 0px !important;padding-bottom: 20px !important;}\u00bb font_weight=\u00bb600&#8243; skin=\u00bbdark\u00bb enable_typewriter=\u00bbyes\u00bb show_border=\u00bbyes\u00bb border_skin=\u00bbdark\u00bb border_size=\u00bbsm\u00bb animation_delay=\u00bb\u00bb animation_type=\u00bbfadeInDown\u00bb css_params=\u00bb\u00bb][vc_column_text css=\u00bb\u00bb css_params=\u00bb\u00bb]<\/p>\n<p style=\"text-align: center;\"><span style=\"font-weight: 400;\">Preparar una auditor\u00eda demanda tiempo, recursos y coordinaci\u00f3n. Con LOYAL Solutions, puede simplificar el proceso, optimizar recursos y ahorrar dinero.<\/span><\/p>\n<h3 style=\"text-align: center;\"><b>\u00bfC\u00f3mo LOYAL Solutions reduce costos y esfuerzo en auditor\u00edas?<\/b><\/h3>\n<p>[\/vc_column_text][vc_row_inner][vc_column_inner][vc_single_image image=\u00bb6952&#8243; img_size=\u00bb\u00bb alignment=\u00bbcenter\u00bb css=\u00bb.vc_custom_1758318647384{margin-top: 0px !important;padding-top: 0px !important;padding-right: 15% !important;padding-left: 15% !important;}\u00bb hover_effect=\u00bbyes\u00bb animation_type=\u00bbfadeInUp\u00bb css_params=\u00bb\u00bb][\/vc_column_inner][\/vc_row_inner][\/vc_column][\/vc_row][vc_row full_width=\u00bbstretch_row_content_no_spaces\u00bb content_placement=\u00bbmiddle\u00bb parallax=\u00bbcontent-moving-fade\u00bb parallax_speed_bg=\u00bb3&#8243; css=\u00bb.vc_custom_1748989991609{margin-top: 0px !important;margin-bottom: 0px !important;padding-top: 4% !important;padding-bottom: 4% !important;background-image: url(https:\/\/loyal-solutions.com\/beneficios\/wp-content\/uploads\/2025\/06\/Diseno-sin-titulo-8.jpg?id=6222) !important;}\u00bb conditional_render=\u00bb%5B%7B%22value_role%22%3A%22administrator%22%7D%5D\u00bb css_params=\u00bb\u00bb el_class=\u00bbbotazul\u00bb][vc_column css=\u00bb.vc_custom_1748265747953{margin-top: 0px !important;margin-bottom: 0px !important;padding-top: 0px !important;padding-right: 25px !important;padding-bottom: 0px !important;padding-left: 25px !important;}\u00bb conditional_render=\u00bb%5B%7B%22value_role%22%3A%22administrator%22%7D%5D\u00bb css_params=\u00bb\u00bb][vc_custom_heading text=\u00bb\u00bfLe gustar\u00eda ver c\u00f3mo LOYAL puede impulsar su empresa?\u00bb font_container=\u00bbtag:h1|font_size:50px|text_align:center|color:%23ffffff|line_height:1&#8243; use_theme_fonts=\u00bbyes\u00bb css=\u00bb.vc_custom_1755275007661{padding-top: 20px !important;padding-bottom: 35px !important;}\u00bb font_weight=\u00bb600&#8243; skin=\u00bblight\u00bb enable_typewriter=\u00bbyes\u00bb animation_delay=\u00bb\u00bb el_class=\u00bbmb-0 sombraoscura\u00bb animation_type=\u00bbfadeInDown\u00bb css_params=\u00bb\u00bb][vc_custom_heading text=\u00bbAgende una presentaci\u00f3n con nuestro equipo y descubra c\u00f3mo podemos ayudarlo.\u00bb font_container=\u00bbtag:h2|text_align:center|color:%23ffffff|line_height:1&#8243; use_theme_fonts=\u00bbyes\u00bb css=\u00bb.vc_custom_1755275562736{padding-top: 20px !important;padding-bottom: 35px !important;}\u00bb font_weight=\u00bb600&#8243; skin=\u00bblight\u00bb enable_typewriter=\u00bbyes\u00bb animation_delay=\u00bb\u00bb el_class=\u00bbmb-0 sombraoscura\u00bb animation_type=\u00bbfadeInDown\u00bb css_params=\u00bb\u00bb][vc_btn title=\u00bbCont\u00e1ctenos\u00bb style=\u00bb3d\u00bb shape=\u00bbrounded\u00bb size=\u00bbxl\u00bb align=\u00bbcenter\u00bb i_icon_fontawesome=\u00bbfas fa-phone-volume\u00bb css=\u00bb.vc_custom_1776273203724{padding-top: 30px !important;}\u00bb skin=\u00bbtertiary\u00bb btn_fw=\u00bb600&#8243; btn_ls=\u00bb1px\u00bb animation_delay=\u00bb1000&#8243; hover_effect=\u00bbhover-icon-left\u00bb add_icon=\u00bbtrue\u00bb animation_type=\u00bbbounceInUp\u00bb css_params=\u00bb\u00bb link=\u00bburl:https%3A%2F%2Floyal-solutions.com%2Fes%2Fcontacto-con-nosotros%2F\u00bb][\/vc_column][\/vc_row][vc_row full_width_css=\u00bbstretch_row_css\u00bb wrap_container=\u00bbyes\u00bb css=\u00bb.vc_custom_1748266156633{margin-top: 0px !important;margin-bottom: 0px !important;}\u00bb conditional_render=\u00bb%5B%7B%22value_role%22%3A%22administrator%22%7D%5D\u00bb css_params=\u00bb\u00bb el_class=\u00bbpadcelu sec-top\u00bb][vc_column width=\u00bb1\/2&#8243; css=\u00bb.vc_custom_1748119699856{margin-top: 0px !important;margin-bottom: 0px !important;padding-top: 0px !important;padding-bottom: 0px !important;}\u00bb el_class=\u00bbconmu1&#8243; conditional_render=\u00bb%5B%7B%22value_role%22%3A%22administrator%22%7D%5D\u00bb css_params=\u00bb\u00bb]<div class=\"porto-sicon-box  wpb_custom_9bdc3fad9b77c07f8c32fe2d2273838e style_1 default-icon flex-wrap\" data-appear-animation=\"fadeInLeft\"><div class=\"porto-sicon-default\"><div class=\"porto-just-icon-wrapper porto-icon none\" style=\"color:var(--porto-secondary-color);font-size:22px;\"><i class=\"far fa-check-square\"><\/i><\/div><\/div><div class=\"porto-sicon-header\"><h3 class=\"porto-sicon-title\" style=\"\">Reducci\u00f3n del tiempo de preparaci\u00f3n<\/h3><\/div> <!-- header --><div class=\"porto-sicon-description\" style=\"\"><span style=\"font-weight: 400;\">Olv\u00eddese de la b\u00fasqueda interminable de documentos. Con nuestro sistema, toda la informaci\u00f3n est\u00e1 centralizada, organizada y lista para los auditores.<\/span><\/div> <!-- description --><\/div><!-- porto-sicon-box --><div class=\"porto-sicon-box  wpb_custom_9bdc3fad9b77c07f8c32fe2d2273838e style_1 default-icon flex-wrap\" data-appear-animation=\"fadeInLeft\"><div class=\"porto-sicon-default\"><div class=\"porto-just-icon-wrapper porto-icon none\" style=\"color:var(--porto-secondary-color);font-size:22px;\"><i class=\"far fa-check-square\"><\/i><\/div><\/div><div class=\"porto-sicon-header\"><h3 class=\"porto-sicon-title\" style=\"\">Minimizaci\u00f3n de riesgos y no conformidades<\/h3><\/div> <!-- header --><div class=\"porto-sicon-description\" style=\"\"><span style=\"font-weight: 400;\">Reciba alertas y controles en tiempo real que reducen errores y aseguran que su empresa cumpla con las normativas, evitando retrabajos y penalizaciones.<\/span><\/div> <!-- description --><\/div><!-- porto-sicon-box --><div class=\"porto-sicon-box  wpb_custom_9bdc3fad9b77c07f8c32fe2d2273838e style_1 default-icon flex-wrap\" data-appear-animation=\"fadeInLeft\"><div class=\"porto-sicon-default\"><div class=\"porto-just-icon-wrapper porto-icon none\" style=\"color:var(--porto-secondary-color);font-size:22px;\"><i class=\"far fa-check-square\"><\/i><\/div><\/div><div class=\"porto-sicon-header\"><h3 class=\"porto-sicon-title\" style=\"\">Hist\u00f3rico de auditor\u00edas siempre disponible<\/h3><\/div> <!-- header --><div class=\"porto-sicon-description\" style=\"\"><span style=\"font-weight: 400;\">Acceda al historial completo de auditor\u00edas anteriores, impulsando la mejora continua y evitando reconstruir informaci\u00f3n desde cero.<\/span><\/div> <!-- description --><\/div><!-- porto-sicon-box -->[\/vc_column][vc_column width=\u00bb1\/2&#8243; el_class=\u00bbconmu2&#8243; conditional_render=\u00bb%5B%7B%22value_role%22%3A%22administrator%22%7D%5D\u00bb css_params=\u00bb\u00bb]<div class=\"porto-sicon-box  wpb_custom_9bdc3fad9b77c07f8c32fe2d2273838e style_1 default-icon flex-wrap\" data-appear-animation=\"fadeInLeft\"><div class=\"porto-sicon-default\"><div class=\"porto-just-icon-wrapper porto-icon none\" style=\"color:var(--porto-secondary-color);font-size:22px;\"><i class=\"far fa-check-square\"><\/i><\/div><\/div><div class=\"porto-sicon-header\"><h3 class=\"porto-sicon-title\" style=\"\">Menos recursos dedicados a la auditor\u00eda<\/h3><\/div> <!-- header --><div class=\"porto-sicon-description\" style=\"\"><span style=\"font-weight: 400;\">Automatizamos la gesti\u00f3n de documentos y procesos de calidad, reduciendo el tiempo que su equipo invierte y permiti\u00e9ndole enfocarse en tareas estrat\u00e9gicas.<\/span><\/div> <!-- description --><\/div><!-- porto-sicon-box --><div class=\"porto-sicon-box  wpb_custom_9bdc3fad9b77c07f8c32fe2d2273838e style_1 default-icon flex-wrap\" data-appear-animation=\"fadeInLeft\"><div class=\"porto-sicon-default\"><div class=\"porto-just-icon-wrapper porto-icon none\" style=\"color:var(--porto-secondary-color);font-size:22px;\"><i class=\"far fa-check-square\"><\/i><\/div><\/div><div class=\"porto-sicon-header\"><h3 class=\"porto-sicon-title\" style=\"\">Facilidad de acceso para auditores<\/h3><\/div> <!-- header --><div class=\"porto-sicon-description\" style=\"\"><span style=\"font-weight: 400;\">Brinde acceso digital y seguro a la documentaci\u00f3n, reduciendo impresiones, desplazamientos y reuniones innecesarias.<\/span><\/div> <!-- description --><\/div><!-- porto-sicon-box -->[vc_column_text css_animation=\u00bbbottom-to-top\u00bb css=\u00bb.vc_custom_1755271107910{border-top-width: 4px !important;border-right-width: 4px !important;border-bottom-width: 4px !important;border-left-width: 4px !important;padding-top: 20px !important;padding-right: 15px !important;padding-bottom: 20px !important;padding-left: 15px !important;border-left-style: solid !important;border-right-style: solid !important;border-top-style: solid !important;border-bottom-style: solid !important;border-color: #5bb655 !important;}\u00bb css_params=\u00bb\u00bb]<\/p>\n<h3><b>Resultados concretos para su empresa<\/b><\/h3>\n<ul>\n<li style=\"font-weight: 400;\" aria-level=\"1\"><strong>Menos horas de preparaci\u00f3n<\/strong><\/li>\n<li style=\"font-weight: 400;\" aria-level=\"1\"><strong>Menos recursos invertidos<\/strong><\/li>\n<li style=\"font-weight: 400;\" aria-level=\"1\"><strong>Menos riesgos y no conformidades<\/strong><\/li>\n<\/ul>\n<p><span style=\"font-weight: 400;\">Con LOYAL Solutions, las auditor\u00edas dejan de ser un problema y se convierten en una oportunidad para mejorar. \u00bfListo para transformar su proceso de gesti\u00f3n? \u00a1Hable con nuestro equipo!<\/span>[\/vc_column_text][\/vc_column][\/vc_row][vc_section bottom_divider_type=\u00bbwaves\u00bb bottom_divider_height=\u00bb150px\u00bb conditional_render=\u00bb%5B%7B%22value_role%22%3A%22administrator%22%7D%5D\u00bb bottom_divider_color=\u00bb#eaeaea\u00bb css=\u00bb.vc_custom_1746456734440{margin-top: 0px !important;margin-bottom: 0px !important;padding-top: 75px !important;padding-bottom: 75px !important;background-color: var(&#8211;porto-light-color) !important;}\u00bb bottom_divider_class=\u00bbdiv1&#8243; css_params=\u00bb\u00bb][vc_row][vc_column text_align=\u00bbcenter\u00bb conditional_render=\u00bb%5B%7B%22value_role%22%3A%22administrator%22%7D%5D\u00bb css_params=\u00bb\u00bb][vc_video link=\u00bbhttps:\/\/www.youtube.com\/watch?v=2dmxjcD1QmU\u00bb align=\u00bbright\u00bb css_animation=\u00bbbounceInRight\u00bb css=\u00bb\u00bb css_params=\u00bb\u00bb][\/vc_column][\/vc_row][\/vc_section][vc_row full_width=\u00bbstretch_row_content_no_spaces\u00bb wrap_container=\u00bbyes\u00bb css=\u00bb.vc_custom_1747947143230{margin-top: -2px !important;background-color: #eaeaea !important;background-position: center !important;background-repeat: no-repeat !important;background-size: contain !important;}\u00bb conditional_render=\u00bb%5B%7B%22value_role%22%3A%22administrator%22%7D%5D\u00bb css_params=\u00bb\u00bb el_class=\u00bbCTA sec-res\u00bb][vc_column text_align=\u00bbcenter\u00bb conditional_render=\u00bb%5B%7B%22value_role%22%3A%22administrator%22%7D%5D\u00bb css_params=\u00bb\u00bb][vc_column_text css_animation=\u00bbbottom-to-top\u00bb css=\u00bb.vc_custom_1748266138536{padding-top: 12px !important;}\u00bb text_color=\u00bbvar(&#8211;porto-secondary-color)\u00bb css_params=\u00bb\u00bb]<\/p>\n<h2 style=\"text-align: center; margin-bottom: 5PX;\">\u00a1Queremos conocer su empresa!<\/h2>\n<h3 style=\"text-align: center; margin-bottom: 5PX;\"><span style=\"font-weight: 400; color: #000000;\">Programe una reuni\u00f3n con nuestro equipo<\/span><span style=\"font-weight: 400;\"><br \/>\n<\/span><\/h3>\n<p>[\/vc_column_text][vc_btn title=\u00bbComenzar AHORA\u00bb style=\u00bb3d\u00bb shape=\u00bbrounded\u00bb size=\u00bblg\u00bb align=\u00bbcenter\u00bb css=\u00bb.vc_custom_1776271824685{padding-top: 30px !important;padding-bottom: 0px !important;}\u00bb skin=\u00bbdark\u00bb btn_fw=\u00bb600&#8243; btn_ls=\u00bb1px\u00bb animation_delay=\u00bb1000&#8243; animation_type=\u00bbbounceInUp\u00bb css_params=\u00bb\u00bb link=\u00bburl:https%3A%2F%2Fcalendar.app.google%2FbmUVXTbuRzJeLx1KA\u00bb][\/vc_column][\/vc_row]<\/p>\n<\/div>","protected":false},"excerpt":{"rendered":"<p>[vc_row full_width_css=\u00bbstretch_row_css\u00bb wrap_container=\u00bbyes\u00bb css=\u00bb.vc_custom_1748119206784{margin-top: 0px !important;margin-bottom: 0px !important;}\u00bb conditional_render=\u00bb%5B%7B%22value_role%22%3A%22administrator%22%7D%5D\u00bb css_params=\u00bb\u00bb el_class=\u00bbpadcelu sec-top\u00bb][vc_column css=\u00bb.vc_custom_1666457852252{margin-top: 0px !important;margin-bottom: 0px !important;padding-top: 0px !important;padding-bottom: 0px !important;}\u00bb][vc_custom_heading text=\u00bbReduzca costos y tiempo en auditor\u00edas internas y externas con LOYAL Solutions\u00bb font_container=\u00bbtag:h2|text_align:center|line_height:1&#8243; use_theme_fonts=\u00bbyes\u00bb css=\u00bb.vc_custom_1755270735308{margin-top: 0px !important;padding-top: 0px !important;padding-bottom: 20px !important;}\u00bb font_weight=\u00bb600&#8243; skin=\u00bbdark\u00bb enable_typewriter=\u00bbyes\u00bb show_border=\u00bbyes\u00bb border_skin=\u00bbdark\u00bb border_size=\u00bbsm\u00bb animation_delay=\u00bb\u00bb animation_type=\u00bbfadeInDown\u00bb css_params=\u00bb\u00bb][vc_column_text css=\u00bb\u00bb css_params=\u00bb\u00bb] Preparar una [&hellip;]<\/p>\n","protected":false},"author":1,"featured_media":0,"parent":0,"menu_order":0,"comment_status":"closed","ping_status":"closed","template":"","meta":{"footnotes":""},"class_list":["post-6216","page","type-page","status-publish","hentry"],"_links":{"self":[{"href":"https:\/\/loyal-solutions.com\/beneficios\/wp-json\/wp\/v2\/pages\/6216","targetHints":{"allow":["GET"]}}],"collection":[{"href":"https:\/\/loyal-solutions.com\/beneficios\/wp-json\/wp\/v2\/pages"}],"about":[{"href":"https:\/\/loyal-solutions.com\/beneficios\/wp-json\/wp\/v2\/types\/page"}],"author":[{"embeddable":true,"href":"https:\/\/loyal-solutions.com\/beneficios\/wp-json\/wp\/v2\/users\/1"}],"replies":[{"embeddable":true,"href":"https:\/\/loyal-solutions.com\/beneficios\/wp-json\/wp\/v2\/comments?post=6216"}],"version-history":[{"count":3,"href":"https:\/\/loyal-solutions.com\/beneficios\/wp-json\/wp\/v2\/pages\/6216\/revisions"}],"predecessor-version":[{"id":7184,"href":"https:\/\/loyal-solutions.com\/beneficios\/wp-json\/wp\/v2\/pages\/6216\/revisions\/7184"}],"wp:attachment":[{"href":"https:\/\/loyal-solutions.com\/beneficios\/wp-json\/wp\/v2\/media?parent=6216"}],"curies":[{"name":"wp","href":"https:\/\/api.w.org\/{rel}","templated":true}]}}