{"id":6193,"date":"2025-06-03T18:43:48","date_gmt":"2025-06-03T21:43:48","guid":{"rendered":"https:\/\/loyal-solutions.com\/beneficios\/?page_id=6193"},"modified":"2026-04-15T14:12:34","modified_gmt":"2026-04-15T17:12:34","slug":"4-como-loyal-solutions-mejora-la-gestion-de-reclamos-hallazgos-y-acciones","status":"publish","type":"page","link":"https:\/\/loyal-solutions.com\/beneficios\/4-como-loyal-solutions-mejora-la-gestion-de-reclamos-hallazgos-y-acciones\/","title":{"rendered":"4. C\u00f3mo LOYAL Solutions mejora la gesti\u00f3n de reclamos, hallazgos y acciones"},"content":{"rendered":"<div class=\"wpb-content-wrapper\"><p>[vc_row full_width_css=\u00bbstretch_row_css\u00bb wrap_container=\u00bbyes\u00bb css=\u00bb.vc_custom_1748119206784{margin-top: 0px !important;margin-bottom: 0px !important;}\u00bb conditional_render=\u00bb%5B%7B%22value_role%22%3A%22administrator%22%7D%5D\u00bb css_params=\u00bb\u00bb el_class=\u00bbpadcelu sec-top\u00bb][vc_column css=\u00bb.vc_custom_1666457852252{margin-top: 0px !important;margin-bottom: 0px !important;padding-top: 0px !important;padding-bottom: 0px !important;}\u00bb][vc_custom_heading text=\u00bbC\u00f3mo LOYAL Solutions mejora la gesti\u00f3n de reclamos,<br \/>\nhallazgos, no conformidades y acciones\u00bb font_container=\u00bbtag:h2|text_align:center|line_height:1&#8243; use_theme_fonts=\u00bbyes\u00bb css=\u00bb.vc_custom_1755260277154{margin-top: 0px !important;padding-top: 0px !important;padding-bottom: 20px !important;}\u00bb font_weight=\u00bb600&#8243; skin=\u00bbdark\u00bb enable_typewriter=\u00bbyes\u00bb show_border=\u00bbyes\u00bb border_skin=\u00bbdark\u00bb border_size=\u00bbsm\u00bb animation_delay=\u00bb\u00bb animation_type=\u00bbfadeInDown\u00bb css_params=\u00bb\u00bb][vc_column_text css=\u00bb\u00bb css_params=\u00bb\u00bb]<\/p>\n<p style=\"text-align: center;\"><span style=\"font-weight: 400;\">Implementar un software de gesti\u00f3n de calidad (SGC) como LOYAL Solutions le permitir\u00e1 administrar de forma eficiente reclamos, hallazgos, no conformidades y acciones de mejora. Estos son aspectos clave para mantener y elevar la calidad dentro de su organizaci\u00f3n. A continuaci\u00f3n, le mostramos c\u00f3mo LOYAL Solutions puede ayudarle en cada uno de estos procesos.<\/span><\/p>\n<p>[\/vc_column_text][vc_row_inner][vc_column_inner][vc_single_image image=\u00bb6949&#8243; img_size=\u00bb\u00bb alignment=\u00bbcenter\u00bb css=\u00bb.vc_custom_1758318501353{margin-top: 0px !important;padding-top: 0px !important;padding-right: 15% !important;padding-left: 15% !important;}\u00bb hover_effect=\u00bbyes\u00bb animation_type=\u00bbfadeInUp\u00bb css_params=\u00bb\u00bb][\/vc_column_inner][\/vc_row_inner][\/vc_column][\/vc_row][vc_row full_width=\u00bbstretch_row_content_no_spaces\u00bb content_placement=\u00bbmiddle\u00bb parallax=\u00bbcontent-moving-fade\u00bb parallax_speed_bg=\u00bb3&#8243; css=\u00bb.vc_custom_1748987178270{margin-top: 0px !important;margin-bottom: 0px !important;padding-top: 4% !important;padding-bottom: 4% !important;background-image: url(https:\/\/loyal-solutions.com\/beneficios\/wp-content\/uploads\/2025\/06\/Diseno-sin-titulo-7.jpg?id=6196) !important;}\u00bb conditional_render=\u00bb%5B%7B%22value_role%22%3A%22administrator%22%7D%5D\u00bb css_params=\u00bb\u00bb el_class=\u00bbbotazul\u00bb][vc_column css=\u00bb.vc_custom_1748265747953{margin-top: 0px !important;margin-bottom: 0px !important;padding-top: 0px !important;padding-right: 25px !important;padding-bottom: 0px !important;padding-left: 25px !important;}\u00bb conditional_render=\u00bb%5B%7B%22value_role%22%3A%22administrator%22%7D%5D\u00bb css_params=\u00bb\u00bb][vc_custom_heading text=\u00bbLe gustar\u00eda ver c\u00f3mo LOYAL puede impulsar su empresa?\u00bb font_container=\u00bbtag:h1|font_size:50px|text_align:center|color:%23ffffff|line_height:1&#8243; use_theme_fonts=\u00bbyes\u00bb css=\u00bb.vc_custom_1755274901155{padding-top: 20px !important;padding-bottom: 35px !important;}\u00bb font_weight=\u00bb600&#8243; skin=\u00bblight\u00bb enable_typewriter=\u00bbyes\u00bb animation_delay=\u00bb\u00bb el_class=\u00bbmb-0 sombraoscura\u00bb animation_type=\u00bbfadeInDown\u00bb css_params=\u00bb\u00bb][vc_custom_heading text=\u00bbAgende una presentaci\u00f3n con nuestro equipo y descubra c\u00f3mo podemos ayudarlo.\u00bb font_container=\u00bbtag:h2|text_align:center|color:%23ffffff|line_height:1&#8243; use_theme_fonts=\u00bbyes\u00bb css=\u00bb.vc_custom_1755275609547{padding-top: 20px !important;padding-bottom: 35px !important;}\u00bb font_weight=\u00bb600&#8243; skin=\u00bblight\u00bb enable_typewriter=\u00bbyes\u00bb animation_delay=\u00bb\u00bb el_class=\u00bbmb-0 sombraoscura\u00bb animation_type=\u00bbfadeInDown\u00bb css_params=\u00bb\u00bb][vc_btn title=\u00bbCont\u00e1ctenos\u00bb style=\u00bb3d\u00bb shape=\u00bbrounded\u00bb size=\u00bbxl\u00bb align=\u00bbcenter\u00bb i_icon_fontawesome=\u00bbfas fa-phone-volume\u00bb css=\u00bb.vc_custom_1776273170157{padding-top: 30px !important;}\u00bb skin=\u00bbtertiary\u00bb btn_fw=\u00bb600&#8243; btn_ls=\u00bb1px\u00bb animation_delay=\u00bb1000&#8243; hover_effect=\u00bbhover-icon-left\u00bb add_icon=\u00bbtrue\u00bb animation_type=\u00bbbounceInUp\u00bb css_params=\u00bb\u00bb link=\u00bburl:https%3A%2F%2Floyal-solutions.com%2Fes%2Fcontacto-con-nosotros%2F\u00bb][\/vc_column][\/vc_row][vc_row full_width_css=\u00bbstretch_row_css\u00bb wrap_container=\u00bbyes\u00bb css=\u00bb.vc_custom_1748988793500{margin-top: 0px !important;padding-top: 30px !important;}\u00bb conditional_render=\u00bb%5B%7B%22value_role%22%3A%22administrator%22%7D%5D\u00bb css_params=\u00bb\u00bb][vc_column width=\u00bb1\/2&#8243; css=\u00bb.vc_custom_1748119699856{margin-top: 0px !important;margin-bottom: 0px !important;padding-top: 0px !important;padding-bottom: 0px !important;}\u00bb el_class=\u00bbconmu1&#8243; conditional_render=\u00bb%5B%7B%22value_role%22%3A%22administrator%22%7D%5D\u00bb css_params=\u00bb\u00bb]<div class=\"porto-sicon-box  wpb_custom_e2f6d9af692334a8eb818c1e6a740858 style_3 default-icon flex-wrap\" data-appear-animation=\"fadeInLeft\"><div class=\"porto-sicon-default\"><div class=\"porto-just-icon-wrapper porto-icon none\" style=\"color:var(--porto-quaternary-color);font-size:40px;\"><i class=\"fas fa-edit\"><\/i><\/div><\/div><div class=\"porto-sicon-header\"><h3 class=\"porto-sicon-title\" style=\"\">Gesti\u00f3n de reclamos<\/h3><\/div> <!-- header --><div class=\"porto-sicon-description\" style=\"\"><span style=\"font-weight: 400;\"><strong>LOYAL Solutions<\/strong> centraliza todos los reclamos en una \u00fanica base de datos accesible, lo que facilita su seguimiento, an\u00e1lisis y resoluci\u00f3n. Gracias a la clasificaci\u00f3n y priorizaci\u00f3n autom\u00e1tica, puedes asignar r\u00e1pidamente niveles de urgencia y asignar responsables espec\u00edficos. La plataforma tambi\u00e9n genera informes detallados que permiten identificar patrones recurrentes, ayudando a la organizaci\u00f3n a abordar \u00e1reas problem\u00e1ticas de manera proactiva.<\/span><\/div> <!-- description --><\/div><!-- porto-sicon-box -->[\/vc_column][vc_column width=\u00bb1\/2&#8243; el_class=\u00bbconmu2&#8243; conditional_render=\u00bb%5B%7B%22value_role%22%3A%22administrator%22%7D%5D\u00bb css_params=\u00bb\u00bb]<div class=\"porto-sicon-box  vc_custom_1758318984557  wpb_custom_9bdc3fad9b77c07f8c32fe2d2273838e style_3 default-icon flex-wrap\" data-appear-animation=\"fadeInLeft\"><div class=\"porto-sicon-default\"><div class=\"porto-just-icon-wrapper porto-icon none\" style=\"color:var(--porto-secondary-color);font-size:40px;\"><i class=\"fas fa-search-location\"><\/i><\/div><\/div><div class=\"porto-sicon-header\"><h3 class=\"porto-sicon-title\" style=\"\">Gesti\u00f3n de hallazgos<\/h3><\/div> <!-- header --><div class=\"porto-sicon-description\" style=\"\"><span style=\"font-weight: 400;\"><b>LOYAL Solutions<\/b> asegura un monitoreo continuo del estado de los hallazgos y brinda visibilidad en tiempo real a todos los involucrados. Cada hallazgo interno, ya sea detectado en auditor\u00edas o inspecciones, se registra y asigna autom\u00e1ticamente a un responsable para su resoluci\u00f3n.<\/span><\/div> <!-- description --><\/div><!-- porto-sicon-box -->[\/vc_column][\/vc_row][vc_row full_width_css=\u00bbstretch_row_css\u00bb wrap_container=\u00bbyes\u00bb css=\u00bb.vc_custom_1748988793500{margin-top: 0px !important;padding-top: 30px !important;}\u00bb conditional_render=\u00bb%5B%7B%22value_role%22%3A%22administrator%22%7D%5D\u00bb css_params=\u00bb\u00bb][vc_column width=\u00bb1\/2&#8243; css=\u00bb.vc_custom_1748119699856{margin-top: 0px !important;margin-bottom: 0px !important;padding-top: 0px !important;padding-bottom: 0px !important;}\u00bb el_class=\u00bbconmu1&#8243; conditional_render=\u00bb%5B%7B%22value_role%22%3A%22administrator%22%7D%5D\u00bb css_params=\u00bb\u00bb][vc_toggle title=\u00bbBeneficios\u00bb css_animation=\u00bbleft-to-right\u00bb css=\u00bb.vc_custom_1757654123408{margin-bottom: 0px !important;}\u00bb css_params=\u00bb\u00bb]<\/p>\n<ul>\n<li><span style=\"font-weight: 400;\">Mejora en los tiempos de respuesta y resoluci\u00f3n<\/span><\/li>\n<li><span style=\"font-weight: 400;\">Identificaci\u00f3n de tendencias y causas ra\u00edz<\/span><\/li>\n<li><span style=\"font-weight: 400;\">30\u202f% menos tiempo dedicado al seguimiento de reclamos<\/span><\/li>\n<\/ul>\n<p>[\/vc_toggle][\/vc_column][vc_column width=\u00bb1\/2&#8243; el_class=\u00bbconmu2&#8243; conditional_render=\u00bb%5B%7B%22value_role%22%3A%22administrator%22%7D%5D\u00bb css_params=\u00bb\u00bb][vc_toggle title=\u00bbBeneficios\u00bb css_animation=\u00bbleft-to-right\u00bb css=\u00bb.vc_custom_1757655894364{margin-bottom: 0px !important;}\u00bb css_params=\u00bb\u00bb]<\/p>\n<ul>\n<li><span style=\"font-weight: 400;\">25\u202f% menos tiempo para implementar acciones correctivas<\/span><\/li>\n<li><span style=\"font-weight: 400;\">Mejora de la trazabilidad y documentaci\u00f3n, ideal para auditor\u00edas<\/span><\/li>\n<li><span style=\"font-weight: 400;\">Cumplimiento continuo de est\u00e1ndares y normativas internacionales<\/span><\/li>\n<\/ul>\n<p>[\/vc_toggle][\/vc_column][\/vc_row][vc_row full_width_css=\u00bbstretch_row_css\u00bb wrap_container=\u00bbyes\u00bb css=\u00bb.vc_custom_1748989305305{padding-top: 20px !important;padding-bottom: 10px !important;}\u00bb conditional_render=\u00bb%5B%7B%22value_role%22%3A%22administrator%22%7D%5D\u00bb css_params=\u00bb\u00bb][vc_column width=\u00bb1\/2&#8243; css=\u00bb.vc_custom_1748988402228{margin-top: 0px !important;margin-bottom: 0px !important;padding-top: 0px !important;padding-bottom: 0px !important;}\u00bb el_class=\u00bbconmu3&#8243; conditional_render=\u00bb%5B%7B%22value_role%22%3A%22administrator%22%7D%5D\u00bb css_params=\u00bb\u00bb]<div class=\"porto-sicon-box  vc_custom_1758316737400  wpb_custom_ea42b0a71c682f01264c09b654a21bac style_3 default-icon flex-wrap\" data-appear-animation=\"fadeInLeft\"><div class=\"porto-sicon-default\"><div class=\"porto-just-icon-wrapper porto-icon none\" style=\"color:var(--porto-tertiary-color);font-size:40px;\"><i class=\"far fa-calendar-check\"><\/i><\/div><\/div><div class=\"porto-sicon-header\"><h3 class=\"porto-sicon-title\" style=\"\">Gesti\u00f3n de no conformidades<\/h3><\/div> <!-- header --><div class=\"porto-sicon-description\" style=\"\"><span style=\"font-weight: 400;\">Las no conformidades (NC) ocurren cuando productos, procesos o servicios no cumplen con los requisitos establecidos.<\/span><span style=\"font-weight: 400;\"><br \/>\n<\/span><b>LOYAL Solutions<\/b><span style=\"font-weight: 400;\"> permite registrarlas y clasificarlas de forma estructurada, asociando autom\u00e1ticamente acciones correctivas y facilitando un seguimiento claro para asegurar su resoluci\u00f3n en tiempo y forma.<\/span><\/div> <!-- description --><\/div><!-- porto-sicon-box -->[\/vc_column][vc_column width=\u00bb1\/2&#8243; el_class=\u00bbconmu4&#8243; conditional_render=\u00bb%5B%7B%22value_role%22%3A%22administrator%22%7D%5D\u00bb css_params=\u00bb\u00bb]<div class=\"porto-sicon-box  vc_custom_1758316908607  wpb_custom_b24bdd01687a8ec194bb98e09340467e style_3 default-icon flex-wrap\" data-appear-animation=\"fadeInLeft\"><div class=\"porto-sicon-default\"><div class=\"porto-just-icon-wrapper porto-icon none\" style=\"color:#f9b711;font-size:40px;\"><i class=\"far fa-check-circle\"><\/i><\/div><\/div><div class=\"porto-sicon-header\"><h3 class=\"porto-sicon-title\" style=\"\">Gesti\u00f3n de acciones de mejora<\/h3><\/div> <!-- header --><div class=\"porto-sicon-description\" style=\"\"><span style=\"font-weight: 400;\"><b>LOYAL Solutions<\/b> permite planificar, ejecutar y hacer seguimiento de acciones correctivas y preventivas, automatizando el flujo de trabajo para asegurar su aprobaci\u00f3n, implementaci\u00f3n y verificaci\u00f3n en tiempo y forma. Adem\u00e1s, eval\u00faa su efectividad y permite realizar ajustes posteriores.&nbsp;<\/span><\/div> <!-- description --><\/div><!-- porto-sicon-box -->[\/vc_column][\/vc_row][vc_row full_width_css=\u00bbstretch_row_css\u00bb wrap_container=\u00bbyes\u00bb css=\u00bb.vc_custom_1748989305305{padding-top: 20px !important;padding-bottom: 10px !important;}\u00bb conditional_render=\u00bb%5B%7B%22value_role%22%3A%22administrator%22%7D%5D\u00bb css_params=\u00bb\u00bb][vc_column width=\u00bb1\/2&#8243; css=\u00bb.vc_custom_1748988402228{margin-top: 0px !important;margin-bottom: 0px !important;padding-top: 0px !important;padding-bottom: 0px !important;}\u00bb el_class=\u00bbconmu3&#8243; conditional_render=\u00bb%5B%7B%22value_role%22%3A%22administrator%22%7D%5D\u00bb css_params=\u00bb\u00bb][vc_toggle title=\u00bbBeneficios\u00bb css_animation=\u00bbleft-to-right\u00bb css=\u00bb.vc_custom_1757655647158{margin-bottom: 0px !important;}\u00bb css_params=\u00bb\u00bb]<\/p>\n<ul>\n<li style=\"font-weight: 400;\" aria-level=\"1\"><span style=\"font-weight: 400;\">Documentaci\u00f3n y seguimiento de hallazgos m\u00e1s eficiente<\/span><\/li>\n<li style=\"font-weight: 400;\" aria-level=\"1\"><span style=\"font-weight: 400;\">40\u202f% de mejora en la velocidad de resoluci\u00f3n<\/span><\/li>\n<li style=\"font-weight: 400;\" aria-level=\"1\"><span style=\"font-weight: 400;\">Informes detallados accesibles para todos los niveles de la organizaci\u00f3n<\/span><\/li>\n<\/ul>\n<p>[\/vc_toggle][\/vc_column][vc_column width=\u00bb1\/2&#8243; el_class=\u00bbconmu4&#8243; conditional_render=\u00bb%5B%7B%22value_role%22%3A%22administrator%22%7D%5D\u00bb css_params=\u00bb\u00bb][vc_toggle title=\u00bbBeneficios\u00bb css_animation=\u00bbleft-to-right\u00bb css=\u00bb.vc_custom_1757655960580{margin-bottom: 0px !important;}\u00bb css_params=\u00bb\u00bb]<\/p>\n<ul>\n<li><span style=\"font-weight: 400;\">20\u202f% de mejora en la efectividad de las acciones preventivas<\/span><\/li>\n<li><span style=\"font-weight: 400;\">Ejecuci\u00f3n puntual gracias a la automatizaci\u00f3n del proceso<\/span><\/li>\n<li><span style=\"font-weight: 400;\">Control total sobre la actualizaci\u00f3n de procedimientos y documentos internos<\/span><\/li>\n<\/ul>\n<p>[\/vc_toggle][\/vc_column][\/vc_row][vc_row full_width_css=\u00bbstretch_row_css\u00bb wrap_container=\u00bbyes\u00bb css=\u00bb.vc_custom_1748988981473{margin-top: 30px !important;margin-bottom: 0px !important;padding-top: 0px !important;}\u00bb conditional_render=\u00bb%5B%7B%22value_role%22%3A%22administrator%22%7D%5D\u00bb css_params=\u00bb\u00bb el_class=\u00bbpadcelu\u00bb][vc_column css=\u00bb.vc_custom_1748119699856{margin-top: 0px !important;margin-bottom: 0px !important;padding-top: 0px !important;padding-bottom: 0px !important;}\u00bb el_class=\u00bbconmu1&#8243; conditional_render=\u00bb%5B%7B%22value_role%22%3A%22administrator%22%7D%5D\u00bb css_params=\u00bb\u00bb][vc_column_text css_animation=\u00bbbottom-to-top\u00bb css=\u00bb.vc_custom_1757656427365{margin-top: 0px !important;border-top-width: 4px !important;border-right-width: 4px !important;border-bottom-width: 4px !important;border-left-width: 4px !important;padding-top: 20px !important;padding-right: 15px !important;padding-bottom: 20px !important;padding-left: 15px !important;border-left-style: solid !important;border-right-style: solid !important;border-top-style: solid !important;border-bottom-style: solid !important;border-color: var(&#8211;porto-primary-color) !important;}\u00bb css_params=\u00bb\u00bb]<\/p>\n<h3><b>Beneficios adicionales:<\/b><\/h3>\n<ul>\n<li aria-level=\"1\"><b>&nbsp;Eficiencia operativa:<\/b><span style=\"font-weight: 400;\"> Automatizaci\u00f3n de tareas repetitivas, menos errores y mejor tiempo de respuesta.<\/span><\/li>\n<li aria-level=\"1\"><b>&nbsp;An\u00e1lisis y mejora continua:<\/b><span style=\"font-weight: 400;\"> Informes que identifican tendencias y promueven la optimizaci\u00f3n constante.<\/span><\/li>\n<li aria-level=\"1\"><b>&nbsp;Satisfacci\u00f3n del cliente:<\/b><span style=\"font-weight: 400;\"> Respuesta r\u00e1pida que mejora la experiencia y refuerza la lealtad.<\/span><\/li>\n<\/ul>\n<p><span style=\"font-weight: 400;\">Implementar LOYAL Solutions mejora sus procesos de calidad, impulsa la eficiencia y fortalece el cumplimiento normativo.<\/span><\/p>\n<p><b>\u00a1Descubra c\u00f3mo podemos ayudarle a generar un impacto real en su empresa!<\/b>[\/vc_column_text][\/vc_column][\/vc_row][vc_section bottom_divider_type=\u00bbwaves\u00bb bottom_divider_height=\u00bb150px\u00bb conditional_render=\u00bb%5B%7B%22value_role%22%3A%22administrator%22%7D%5D\u00bb bottom_divider_color=\u00bb#eaeaea\u00bb css=\u00bb.vc_custom_1746456734440{margin-top: 0px !important;margin-bottom: 0px !important;padding-top: 75px !important;padding-bottom: 75px !important;background-color: var(&#8211;porto-light-color) !important;}\u00bb bottom_divider_class=\u00bbdiv1&#8243; css_params=\u00bb\u00bb][vc_row][vc_column text_align=\u00bbcenter\u00bb conditional_render=\u00bb%5B%7B%22value_role%22%3A%22administrator%22%7D%5D\u00bb css_params=\u00bb\u00bb][vc_video link=\u00bbhttps:\/\/www.youtube.com\/watch?v=DIaelAZCT_A\u00bb align=\u00bbcenter\u00bb css_animation=\u00bbbounceInLeft\u00bb css=\u00bb\u00bb css_params=\u00bb\u00bb][\/vc_column][\/vc_row][\/vc_section][vc_row full_width=\u00bbstretch_row_content_no_spaces\u00bb wrap_container=\u00bbyes\u00bb css=\u00bb.vc_custom_1747947143230{margin-top: -2px !important;background-color: #eaeaea !important;background-position: center !important;background-repeat: no-repeat !important;background-size: contain !important;}\u00bb conditional_render=\u00bb%5B%7B%22value_role%22%3A%22administrator%22%7D%5D\u00bb css_params=\u00bb\u00bb el_class=\u00bbCTA sec-res\u00bb][vc_column text_align=\u00bbcenter\u00bb conditional_render=\u00bb%5B%7B%22value_role%22%3A%22administrator%22%7D%5D\u00bb css_params=\u00bb\u00bb][vc_column_text css_animation=\u00bbbottom-to-top\u00bb css=\u00bb.vc_custom_1748266138536{padding-top: 12px !important;}\u00bb text_color=\u00bbvar(&#8211;porto-secondary-color)\u00bb css_params=\u00bb\u00bb]<\/p>\n<h2 style=\"text-align: center; margin-bottom: 5PX;\">\u00a1Queremos conocer su empresa!<\/h2>\n<h3 style=\"text-align: center; margin-bottom: 5PX;\"><span style=\"font-weight: 400; color: #000000;\">Programe una reuni\u00f3n con nuestro equipo<\/span><span style=\"font-weight: 400;\"><br \/>\n<\/span><\/h3>\n<p>[\/vc_column_text][vc_btn title=\u00bbComenzar AHORA\u00bb style=\u00bb3d\u00bb shape=\u00bbrounded\u00bb size=\u00bblg\u00bb align=\u00bbcenter\u00bb css=\u00bb.vc_custom_1776271787805{padding-top: 30px !important;padding-bottom: 0px !important;}\u00bb skin=\u00bbdark\u00bb btn_fw=\u00bb600&#8243; btn_ls=\u00bb1px\u00bb animation_delay=\u00bb1000&#8243; animation_type=\u00bbbounceInUp\u00bb css_params=\u00bb\u00bb link=\u00bburl:https%3A%2F%2Fcalendar.app.google%2FbmUVXTbuRzJeLx1KA\u00bb][\/vc_column][\/vc_row]<\/p>\n<\/div>","protected":false},"excerpt":{"rendered":"<p>[vc_row full_width_css=\u00bbstretch_row_css\u00bb wrap_container=\u00bbyes\u00bb css=\u00bb.vc_custom_1748119206784{margin-top: 0px !important;margin-bottom: 0px !important;}\u00bb conditional_render=\u00bb%5B%7B%22value_role%22%3A%22administrator%22%7D%5D\u00bb css_params=\u00bb\u00bb el_class=\u00bbpadcelu sec-top\u00bb][vc_column css=\u00bb.vc_custom_1666457852252{margin-top: 0px !important;margin-bottom: 0px !important;padding-top: 0px !important;padding-bottom: 0px !important;}\u00bb][vc_custom_heading text=\u00bbC\u00f3mo LOYAL Solutions mejora la gesti\u00f3n de reclamos, hallazgos, no conformidades y acciones\u00bb font_container=\u00bbtag:h2|text_align:center|line_height:1&#8243; use_theme_fonts=\u00bbyes\u00bb css=\u00bb.vc_custom_1755260277154{margin-top: 0px !important;padding-top: 0px !important;padding-bottom: 20px !important;}\u00bb font_weight=\u00bb600&#8243; skin=\u00bbdark\u00bb enable_typewriter=\u00bbyes\u00bb show_border=\u00bbyes\u00bb border_skin=\u00bbdark\u00bb border_size=\u00bbsm\u00bb animation_delay=\u00bb\u00bb animation_type=\u00bbfadeInDown\u00bb css_params=\u00bb\u00bb][vc_column_text css=\u00bb\u00bb css_params=\u00bb\u00bb] Implementar [&hellip;]<\/p>\n","protected":false},"author":1,"featured_media":0,"parent":0,"menu_order":0,"comment_status":"closed","ping_status":"closed","template":"","meta":{"footnotes":""},"class_list":["post-6193","page","type-page","status-publish","hentry"],"_links":{"self":[{"href":"https:\/\/loyal-solutions.com\/beneficios\/wp-json\/wp\/v2\/pages\/6193","targetHints":{"allow":["GET"]}}],"collection":[{"href":"https:\/\/loyal-solutions.com\/beneficios\/wp-json\/wp\/v2\/pages"}],"about":[{"href":"https:\/\/loyal-solutions.com\/beneficios\/wp-json\/wp\/v2\/types\/page"}],"author":[{"embeddable":true,"href":"https:\/\/loyal-solutions.com\/beneficios\/wp-json\/wp\/v2\/users\/1"}],"replies":[{"embeddable":true,"href":"https:\/\/loyal-solutions.com\/beneficios\/wp-json\/wp\/v2\/comments?post=6193"}],"version-history":[{"count":3,"href":"https:\/\/loyal-solutions.com\/beneficios\/wp-json\/wp\/v2\/pages\/6193\/revisions"}],"predecessor-version":[{"id":7183,"href":"https:\/\/loyal-solutions.com\/beneficios\/wp-json\/wp\/v2\/pages\/6193\/revisions\/7183"}],"wp:attachment":[{"href":"https:\/\/loyal-solutions.com\/beneficios\/wp-json\/wp\/v2\/media?parent=6193"}],"curies":[{"name":"wp","href":"https:\/\/api.w.org\/{rel}","templated":true}]}}